{"id":13034,"date":"2024-02-20T16:12:18","date_gmt":"2024-02-20T16:12:18","guid":{"rendered":"https:\/\/www.emprenet.com.mx\/?post_type=product&#038;p=13034"},"modified":"2025-05-28T17:09:52","modified_gmt":"2025-05-28T17:09:52","slug":"wms301","status":"publish","type":"product","link":"https:\/\/www.emprenet.com.mx\/es\/tienda\/queclink\/wms301\/","title":{"rendered":"WMS301"},"content":{"rendered":"<table width=\"100%\">\n<tbody>\n<tr>\n<td width=\"30%\"><strong>Dimensions<\/strong><\/td>\n<td width=\"70%\">WMS301:75mm*38mm*19mm<br \/>\nMagnet:70mm*14mm*12mm<\/td>\n<\/tr>\n<tr>\n<td width=\"30%\"><strong>Weight<\/strong><\/td>\n<td width=\"70%\">WMS301:48g<br \/>\nMagnet:18g<\/td>\n<\/tr>\n<tr>\n<td width=\"30%\"><strong>Operating Voltage<\/strong><\/td>\n<td width=\"70%\">3V<\/td>\n<\/tr>\n<tr>\n<td width=\"30%\"><strong>Operating Temperature<\/strong><\/td>\n<td width=\"70%\">-40\u00b0C~+70\u00b0C<\/td>\n<\/tr>\n<tr>\n<td width=\"30%\"><strong>BLE<\/strong><\/td>\n<td width=\"70%\">Support BLE 5.1 protocol<\/td>\n<\/tr>\n<tr>\n<td width=\"30%\"><strong>Transmission Distance<\/strong><\/td>\n<td width=\"70%\">Maximum 150m(open area)<\/td>\n<\/tr>\n<tr>\n<td width=\"30%\"><strong>IP Rating<\/strong><\/td>\n<td width=\"70%\">IP66<\/td>\n<\/tr>\n<tr>\n<td width=\"30%\"><strong>Temperature measurement<\/strong><\/td>\n<td width=\"70%\">Range: -40\u00b0C~70\u00b0C<br \/>\nAccuracy:<br \/>\n\u00b10.2\u00b0C (5\u00b0C~60\u00b0C)<br \/>\n\u00b11.4\u00b0C (&lt;5C or &gt;60C)<br \/>\nResolution: 0.01\u00b0C<\/td>\n<\/tr>\n<tr>\n<td width=\"30%\"><strong>Humidity measurement<\/strong><\/td>\n<td width=\"70%\">Range: 0%RH~100%RH<br \/>\nAccuracy:<br \/>\n\u00b12 %RH (20%RH~80%RH)<br \/>\n\u00b13.5%RH (&lt;20 RH or&gt;80%RH<br \/>\nResolution: 0.01% RH<\/td>\n<\/tr>\n<tr>\n<td width=\"30%\"><strong>T\/H Sample Period <\/strong><\/td>\n<td width=\"70%\">10 seconds<\/td>\n<\/tr>\n<tr>\n<td width=\"30%\"><strong>Door Detection Distance <\/strong><\/td>\n<td width=\"70%\">&lt;3cm<\/td>\n<\/tr>\n<tr>\n<td width=\"30%\"><strong>Door Status <\/strong><\/td>\n<td width=\"70%\">Interrupt trigger<\/td>\n<\/tr>\n<tr>\n<td width=\"30%\"><strong>Static Current <\/strong><\/td>\n<td width=\"70%\">Static: 4.5uA<br \/>\nPeak: 10mA<br \/>\nAverage: 33uA<\/td>\n<\/tr>\n<tr>\n<td width=\"30%\"><strong>Installation <\/strong><\/td>\n<td width=\"70%\">3M sticker<\/td>\n<\/tr>\n<tr>\n<td width=\"30%\"><strong>Battery Life <\/strong><\/td>\n<td width=\"70%\">Lithium iron battery(1200mAh),over 3 years lifetime<\/td>\n<\/tr>\n<\/tbody>\n<\/table>\n","protected":false},"excerpt":{"rendered":"<p><strong><a href=\"https:\/\/www.emprenet.com.mx\/wp-content\/uploads\/2024\/02\/WMS301-20220422.pdf\">*Conoce m\u00e1s dando clic aqu\u00ed*<\/a><\/strong><\/p>\n<p>El WMS301 se utiliza para la detecci\u00f3n de la apertura y el cerrar de las puertas, as\u00ed como medir los niveles de temperatura y humedad. Es f\u00e1cil de instalar, adem\u00e1s de que cuenta con un IP66 a prueba de agua, ideal para la cadena de fr\u00edo, trailers y mucho m\u00e1s .<\/p>\n<p><strong>*PRECIO EN D\u00d3LARES M\u00c1S IVA*<\/strong><br \/>\n<strong>*TIPO DE CAMBIO AL D\u00cdA DE LA COMPRA*<\/strong><\/p>\n","protected":false},"featured_media":13037,"template":"","meta":{"content-type":"","_monsterinsights_skip_tracking":false,"_monsterinsights_sitenote_active":false,"_monsterinsights_sitenote_note":"","_monsterinsights_sitenote_category":0},"product_brand":[],"product_cat":[70],"product_tag":[193,235,204,236],"class_list":{"0":"post-13034","1":"product","2":"type-product","3":"status-publish","4":"has-post-thumbnail","6":"product_cat-queclink","7":"product_tag-accesorio","8":"product_tag-ble","9":"product_tag-queclink","10":"product_tag-wms301","11":"grve-entry-item","13":"first","14":"instock","15":"taxable","16":"shipping-taxable","17":"purchasable","18":"product-type-simple"},"_links":{"self":[{"href":"https:\/\/www.emprenet.com.mx\/es\/wp-json\/wp\/v2\/product\/13034","targetHints":{"allow":["GET"]}}],"collection":[{"href":"https:\/\/www.emprenet.com.mx\/es\/wp-json\/wp\/v2\/product"}],"about":[{"href":"https:\/\/www.emprenet.com.mx\/es\/wp-json\/wp\/v2\/types\/product"}],"wp:featuredmedia":[{"embeddable":true,"href":"https:\/\/www.emprenet.com.mx\/es\/wp-json\/wp\/v2\/media\/13037"}],"wp:attachment":[{"href":"https:\/\/www.emprenet.com.mx\/es\/wp-json\/wp\/v2\/media?parent=13034"}],"wp:term":[{"taxonomy":"product_brand","embeddable":true,"href":"https:\/\/www.emprenet.com.mx\/es\/wp-json\/wp\/v2\/product_brand?post=13034"},{"taxonomy":"product_cat","embeddable":true,"href":"https:\/\/www.emprenet.com.mx\/es\/wp-json\/wp\/v2\/product_cat?post=13034"},{"taxonomy":"product_tag","embeddable":true,"href":"https:\/\/www.emprenet.com.mx\/es\/wp-json\/wp\/v2\/product_tag?post=13034"}],"curies":[{"name":"wp","href":"https:\/\/api.w.org\/{rel}","templated":true}]}}