{"id":14190,"date":"2024-06-03T22:36:23","date_gmt":"2024-06-03T22:36:23","guid":{"rendered":"https:\/\/www.emprenet.com.mx\/?post_type=product&#038;p=14190"},"modified":"2025-10-01T18:18:26","modified_gmt":"2025-10-01T18:18:26","slug":"plug5","status":"publish","type":"product","link":"https:\/\/www.emprenet.com.mx\/es\/tienda\/ruptela\/plug5\/","title":{"rendered":"PLUG5"},"content":{"rendered":"<ul>\n<li><strong>Interfaces y funciones del conector OBDII<\/strong><br \/>\nEntradas para la detecci\u00f3n de ignici\u00f3n 3 (OBDII Pin1 o Pin3 o Pin8)<br \/>\nInterfaz CAN 1 OBDII Pin 6\/14<br \/>\nInterfaz CAN 2 Configuraci\u00f3n conmutable de los pines OBDII: 3\/11 , 3\/8 , 1\/9, 2\/10, Pin1(SW CAN)<br \/>\nInterfaz K-line OBDII Pin 7<br \/>\nInterfaz J1708 OBDII Pin 2\/10<br \/>\nSuministro de potencia 12\/24V<\/li>\n<li><strong>Interfaces de usuario<br \/>\n<\/strong>Puerto USB Si (Usado para configuraci\u00f3n)<strong><br \/>\n<\/strong>Tarjeta SIM NANO (4FF)<br \/>\nLEDs Rojo &#8211; Energ\u00eda\/Estado de la ignici\u00f3n<br \/>\nNaranja \u2013 Estado de la red<br \/>\nVerde \u2013 Estado GNSS<br \/>\nAzul \u2013 Auto Configuraci\u00f3n\/ Estado WiFi<\/li>\n<li><strong>Conectividad y especificaciones de hardware<\/strong><br \/>\nConectividad 4G CAT-M1 B2\/B4\/B12 Respaldo a 2G<br \/>\nPunto de acceso a wifi No<br \/>\nGNSS Ublox M10<br \/>\nBLE 5.1<br \/>\nAceler\u00f3metro 3 ejes (auto calibrable)<\/li>\n<li><strong>Especificaciones ambientales<br \/>\n<\/strong>Temperatura Operaci\u00f3n: -20 a +60 \u00b0C<br \/>\nAlmacenamiento: -20 a +45 \u00b0C<br \/>\nBater\u00eda cargando: 0 a +45 \u00b0C<br \/>\nBater\u00eda en descarga: -20 a +60 \u00b0C<br \/>\nHumedad 5% a 95% Sin condensaci\u00f3n<\/li>\n<li><strong>Caracter\u00edsticas f\u00edsicas<\/strong><br \/>\nDimensiones 75mm x 51mm x 27mm<br \/>\nPeso 65g +\/- 2g<br \/>\nCarcasa Pl\u00e1stico negro<\/li>\n<\/ul>\n","protected":false},"excerpt":{"rendered":"<h3 style=\"text-align: left;\"><a href=\"https:\/\/www.emprenet.com.mx\/wp-content\/uploads\/2024\/06\/ES-Plug5-Ficha-tecnica.pdf\"><strong>Consulta ficha t\u00e9cnica dando clic aqu\u00ed<\/strong><\/a><\/h3>\n<p><em>*Costo en USD + IVA*<\/em><\/p>\n<p><span data-contrast=\"auto\">Dispositivo GPS avanzado en formato de OBD para seguimiento avanzado de veh\u00edculos Plug &amp; Play. Dise\u00f1ado para un seguimiento preciso de veh\u00edculos y puede realizar tareas avanzadas: leer datos OBD2 y CAN, monitorear el comportamiento del conductor, detectar y reconstruir accidentes, reducir los costos de mantenimiento, etc. Adem\u00e1s, el uso de un arn\u00e9s permite leer datos de diferentes tipos de veh\u00edculos. <\/span><\/p>\n<div class=\"wpb_text_column wpb_content_element \">\n<div class=\"wpb_wrapper\">\n<ul>\n<li>Aceler\u00f3metro de 3 ejes<\/li>\n<li>BLE 5.1<\/li>\n<li>CAN (FMS, J1708, J1939), OBDII, lectura de datos DTC<\/li>\n<li>Bater\u00eda interna de reserva<\/li>\n<li>Instalaci\u00f3n Plug &amp; Play<\/li>\n<li>M\u00f3dulo GNSS U-blox<\/li>\n<li>Fuente de alimentaci\u00f3n 9-30V DC<\/li>\n<li>Amplia cobertura de modelos de veh\u00edculos<\/li>\n<li>Memoria interna de 16 MB<\/li>\n<li>Detecci\u00f3n de interferencias<\/li>\n<li>Antenas GNSS internas<\/li>\n<li>Lectura de datos del veh\u00edculo patentada<\/li>\n<li>Algoritmos avanzados de detecci\u00f3n de ignici\u00f3n<\/li>\n<li>Configuraci\u00f3n FW SMS\/GPRS (FOTA)\/USB<\/li>\n<li>Detecci\u00f3n y configuraci\u00f3n autom\u00e1tica del modelo de veh\u00edculo<\/li>\n<li>Temperatura de funcionamiento -20 \u00b0C a +60\u00b0C<\/li>\n<\/ul>\n<\/div>\n<\/div>\n<p>&nbsp;<\/p>\n","protected":false},"featured_media":14188,"template":"","meta":{"content-type":"","_monsterinsights_skip_tracking":false,"_monsterinsights_sitenote_active":false,"_monsterinsights_sitenote_note":"","_monsterinsights_sitenote_category":0},"product_brand":[],"product_cat":[71],"product_tag":[28,230,229,227],"class_list":{"0":"post-14190","1":"product","2":"type-product","3":"status-publish","4":"has-post-thumbnail","6":"product_cat-ruptela","7":"product_tag-gps","8":"product_tag-obd","9":"product_tag-plug5","10":"product_tag-ruptela","11":"grve-entry-item","13":"first","14":"instock","15":"taxable","16":"shipping-taxable","17":"purchasable","18":"product-type-simple"},"_links":{"self":[{"href":"https:\/\/www.emprenet.com.mx\/es\/wp-json\/wp\/v2\/product\/14190","targetHints":{"allow":["GET"]}}],"collection":[{"href":"https:\/\/www.emprenet.com.mx\/es\/wp-json\/wp\/v2\/product"}],"about":[{"href":"https:\/\/www.emprenet.com.mx\/es\/wp-json\/wp\/v2\/types\/product"}],"wp:featuredmedia":[{"embeddable":true,"href":"https:\/\/www.emprenet.com.mx\/es\/wp-json\/wp\/v2\/media\/14188"}],"wp:attachment":[{"href":"https:\/\/www.emprenet.com.mx\/es\/wp-json\/wp\/v2\/media?parent=14190"}],"wp:term":[{"taxonomy":"product_brand","embeddable":true,"href":"https:\/\/www.emprenet.com.mx\/es\/wp-json\/wp\/v2\/product_brand?post=14190"},{"taxonomy":"product_cat","embeddable":true,"href":"https:\/\/www.emprenet.com.mx\/es\/wp-json\/wp\/v2\/product_cat?post=14190"},{"taxonomy":"product_tag","embeddable":true,"href":"https:\/\/www.emprenet.com.mx\/es\/wp-json\/wp\/v2\/product_tag?post=14190"}],"curies":[{"name":"wp","href":"https:\/\/api.w.org\/{rel}","templated":true}]}}