{"id":16662,"date":"2024-07-09T18:00:45","date_gmt":"2024-07-09T18:00:45","guid":{"rendered":"https:\/\/www.emprenet.com.mx\/?post_type=product&#038;p=16662"},"modified":"2025-05-28T17:08:20","modified_gmt":"2025-05-28T17:08:20","slug":"wrl300","status":"publish","type":"product","link":"https:\/\/www.emprenet.com.mx\/es\/tienda\/queclink\/wrl300\/","title":{"rendered":"WRL300"},"content":{"rendered":"<h6>BLE Relay<\/h6>\n<p>El WRL300 es un relay BLE 5.1, de tama\u00f1o<br \/>\ncompacto, f\u00e1cil instalaci\u00f3n, IP64, y control remoto<\/p>\n","protected":false},"excerpt":{"rendered":"<p>*PRECIO EN USD D\u00d3LAR M\u00c1S IVA* TIPO DE CAMBIO AL D\u00cdA DOF<\/p>\n<p>Consulta m\u00e1s informaci\u00f3n con tu ejecutivo<\/p>\n","protected":false},"featured_media":16664,"template":"","meta":{"content-type":"","_monsterinsights_skip_tracking":false,"_monsterinsights_sitenote_active":false,"_monsterinsights_sitenote_note":"","_monsterinsights_sitenote_category":0},"product_brand":[],"product_cat":[70],"product_tag":[207,204],"class_list":{"0":"post-16662","1":"product","2":"type-product","3":"status-publish","4":"has-post-thumbnail","6":"product_cat-queclink","7":"product_tag-accesorios","8":"product_tag-queclink","9":"grve-entry-item","11":"first","12":"instock","13":"taxable","14":"shipping-taxable","15":"purchasable","16":"product-type-simple"},"_links":{"self":[{"href":"https:\/\/www.emprenet.com.mx\/es\/wp-json\/wp\/v2\/product\/16662","targetHints":{"allow":["GET"]}}],"collection":[{"href":"https:\/\/www.emprenet.com.mx\/es\/wp-json\/wp\/v2\/product"}],"about":[{"href":"https:\/\/www.emprenet.com.mx\/es\/wp-json\/wp\/v2\/types\/product"}],"wp:featuredmedia":[{"embeddable":true,"href":"https:\/\/www.emprenet.com.mx\/es\/wp-json\/wp\/v2\/media\/16664"}],"wp:attachment":[{"href":"https:\/\/www.emprenet.com.mx\/es\/wp-json\/wp\/v2\/media?parent=16662"}],"wp:term":[{"taxonomy":"product_brand","embeddable":true,"href":"https:\/\/www.emprenet.com.mx\/es\/wp-json\/wp\/v2\/product_brand?post=16662"},{"taxonomy":"product_cat","embeddable":true,"href":"https:\/\/www.emprenet.com.mx\/es\/wp-json\/wp\/v2\/product_cat?post=16662"},{"taxonomy":"product_tag","embeddable":true,"href":"https:\/\/www.emprenet.com.mx\/es\/wp-json\/wp\/v2\/product_tag?post=16662"}],"curies":[{"name":"wp","href":"https:\/\/api.w.org\/{rel}","templated":true}]}}