{"id":16667,"date":"2024-07-09T18:13:37","date_gmt":"2024-07-09T18:13:37","guid":{"rendered":"https:\/\/www.emprenet.com.mx\/?post_type=product&#038;p=16667"},"modified":"2025-05-28T17:07:59","modified_gmt":"2025-05-28T17:07:59","slug":"soporte-de-montaje-magnetico-gl500m","status":"publish","type":"product","link":"https:\/\/www.emprenet.com.mx\/es\/tienda\/queclink\/soporte-de-montaje-magnetico-gl500m\/","title":{"rendered":"Soporte de montaje magn\u00e9tico GL500M"},"content":{"rendered":"<h6>Se utiliza para el montaje de la instalaci\u00f3n magn\u00e9tica de los productos GL500MG y GL501MG.<\/h6>\n","protected":false},"excerpt":{"rendered":"<p>*PRECIO EN USD + IVA* TIPO DE CAMBIO DOF AL D\u00cdA<\/p>\n<p>Consulta m\u00e1s informaci\u00f3n con tu ejecutivo<\/p>\n","protected":false},"featured_media":16668,"template":"","meta":{"content-type":"","_monsterinsights_skip_tracking":false,"_monsterinsights_sitenote_active":false,"_monsterinsights_sitenote_note":"","_monsterinsights_sitenote_category":0},"product_brand":[],"product_cat":[70],"product_tag":[223,225,204,224],"class_list":{"0":"post-16667","1":"product","2":"type-product","3":"status-publish","4":"has-post-thumbnail","6":"product_cat-queclink","7":"product_tag-gl500m","8":"product_tag-magnet","9":"product_tag-queclink","10":"product_tag-soporte","11":"grve-entry-item","13":"first","14":"instock","15":"taxable","16":"shipping-taxable","17":"purchasable","18":"product-type-simple"},"_links":{"self":[{"href":"https:\/\/www.emprenet.com.mx\/es\/wp-json\/wp\/v2\/product\/16667","targetHints":{"allow":["GET"]}}],"collection":[{"href":"https:\/\/www.emprenet.com.mx\/es\/wp-json\/wp\/v2\/product"}],"about":[{"href":"https:\/\/www.emprenet.com.mx\/es\/wp-json\/wp\/v2\/types\/product"}],"wp:featuredmedia":[{"embeddable":true,"href":"https:\/\/www.emprenet.com.mx\/es\/wp-json\/wp\/v2\/media\/16668"}],"wp:attachment":[{"href":"https:\/\/www.emprenet.com.mx\/es\/wp-json\/wp\/v2\/media?parent=16667"}],"wp:term":[{"taxonomy":"product_brand","embeddable":true,"href":"https:\/\/www.emprenet.com.mx\/es\/wp-json\/wp\/v2\/product_brand?post=16667"},{"taxonomy":"product_cat","embeddable":true,"href":"https:\/\/www.emprenet.com.mx\/es\/wp-json\/wp\/v2\/product_cat?post=16667"},{"taxonomy":"product_tag","embeddable":true,"href":"https:\/\/www.emprenet.com.mx\/es\/wp-json\/wp\/v2\/product_tag?post=16667"}],"curies":[{"name":"wp","href":"https:\/\/api.w.org\/{rel}","templated":true}]}}