{"id":17915,"date":"2024-10-08T22:11:56","date_gmt":"2024-10-08T22:11:56","guid":{"rendered":"https:\/\/www.emprenet.com.mx\/?post_type=product&#038;p=17915"},"modified":"2025-11-04T21:41:51","modified_gmt":"2025-11-04T21:41:51","slug":"gv50cg","status":"publish","type":"product","link":"https:\/\/www.emprenet.com.mx\/es\/tienda\/queclink\/gv50cg\/","title":{"rendered":"GV50CG"},"content":{"rendered":"<p><strong>Banda operativa:<br \/>\n<\/strong>LTE Cat 1 LTE- FDD: B 1\/B2\/B3\/B4\/B5\/B7\/B8\/B20\/B28<br \/>\nEGPRS: 8 50\/900\/1800\/1900MHz<strong><br \/>\n<\/strong><\/p>\n<p><strong>Tipo GNSS:<br \/>\n<\/strong>Todo en un solo receptor GNSS<strong><br \/>\n<\/strong><\/p>\n<p><strong>Precisi\u00f3n de posici\u00f3n (CEP)<\/strong><br \/>\nAut\u00f3nomo: &lt; 2 m<\/p>\n<p><strong>Certificado:<br \/>\n<\/strong>FCC\/ANATEL<strong><br \/>\n<\/strong><\/p>\n<p>&nbsp;<\/p>\n<p><strong>Interfaces<br \/>\n<\/strong>Entradas Digitales<strong>:<\/strong> 1 x entrada de disparador positivo para detecci\u00f3n de encendido<br \/>\nEntrada Configurable: 1 x entrada configurable para entrada anal\u00f3gica ( 0V ~ 1 6V) o entrada negativa<br \/>\nSalida Digital: 1 x salida digital con circuito de enclavamiento interno, drenaje abierto, corriente de accionamiento m\u00e1xima d e 150 mA<br \/>\nEnclavada Antena: Interna<br \/>\nCelular Antena GNSS: Interna<br \/>\nIndicadores LED: CEL, GNSS<br \/>\nInterfaz Micro USB: Utilizada para configuraci\u00f3n, actualizaci\u00f3n y depuraci\u00f3n<\/p>\n","protected":false},"excerpt":{"rendered":"<h3><a href=\"https:\/\/www.emprenet.com.mx\/wp-content\/uploads\/2024\/10\/ES-GV50CG-Flyer-20240412.pdf\">Consulta la ficha t\u00e9cnica al dar clic aqu\u00ed<\/a><\/h3>\n<p><em>*Precio en USD + IVA*<\/em><\/p>\n<div class=\"et_pb_module et_pb_wc_description et_pb_wc_description_0 et_pb_bg_layout_light  et_pb_text_align_left\">\n<div class=\"et_pb_module_inner\">\n<p>Rastreador GNSS compacto LTE Cat 1\/2G para diversas aplicaciones de seguimiento de veh\u00edculos<\/p>\n<\/div>\n<\/div>\n<div class=\"et_pb_module et_pb_text et_pb_text_0  et_pb_text_align_left et_pb_bg_layout_light et_multi_view__hover_selector et_multi_view__hovered\">\n<div class=\"et_pb_text_inner\" data-et-multi-view=\"{&quot;schema&quot;:{&quot;content&quot;:{&quot;desktop&quot;:&quot;&lt;p style=\\&quot;overflow: hidden; margin-bottom: 20px;\\&quot;&gt;&lt;strong style=\\&quot;font-size: 32px; float: left; width: 8%;\\&quot;&gt;1.&lt;\\\/strong&gt; &lt;span style=\\&quot;float: left; margin-left: 10px; width: 85%;\\&quot;&gt;LTE Cat1 con respaldo 2G&lt;\\\/span&gt;&lt;\\\/p&gt;\\n&lt;p style=\\&quot;overflow: hidden; margin-bottom: 20px;\\&quot;&gt;&lt;strong style=\\&quot;font-size: 32px; float: left; width: 8%;\\&quot;&gt;2.&lt;\\\/strong&gt; &lt;span style=\\&quot;float: left; margin-left: 10px; width: 85%;\\&quot;&gt;Rango de tensi\\u00f3n de entrada de 9 a 90 V&lt;\\\/span&gt;&lt;\\\/p&gt;\\n&lt;p style=\\&quot;overflow: hidden; margin-bottom: 20px;\\&quot;&gt;&lt;strong style=\\&quot;font-size: 32px; float: left; width: 8%;\\&quot;&gt;3.&lt;\\\/strong&gt; &lt;span style=\\&quot;float: left; margin-left: 10px; width: 85%;\\&quot;&gt;Tama\\u00f1o compacto&lt;\\\/span&gt;&lt;\\\/p&gt;&quot;,&quot;phone&quot;:&quot;&lt;p style=\\&quot;overflow: hidden; margin-bottom: 20px;\\&quot;&gt;&lt;strong style=\\&quot;font-size: 24px; float: left; width: 8%;\\&quot;&gt;1.&lt;\\\/strong&gt; &lt;span style=\\&quot;float: left; margin-left: 10px; width: 85%;\\&quot;&gt;LTE Cat 1 with 2G fallback&lt;\\\/span&gt;&lt;\\\/p&gt;\\n&lt;p style=\\&quot;overflow: hidden; margin-bottom: 20px;\\&quot;&gt;&lt;strong style=\\&quot;font-size: 24px; float: left; width: 8%;\\&quot;&gt;2.&lt;\\\/strong&gt; &lt;span style=\\&quot;float: left; margin-left: 10px; width: 85%;\\&quot;&gt;Input voltage range from 9 to 90V&lt;\\\/span&gt;&lt;\\\/p&gt;\\n&lt;p style=\\&quot;overflow: hidden; margin-bottom: 20px;\\&quot;&gt;&lt;strong style=\\&quot;font-size: 24px; float: left; width: 8%;\\&quot;&gt;3.&lt;\\\/strong&gt; &lt;span style=\\&quot;float: left; margin-left: 10px; width: 85%;\\&quot;&gt;Compact size&lt;\\\/span&gt;&lt;\\\/p&gt;&quot;}},&quot;slug&quot;:&quot;et_pb_text&quot;}\" data-et-multi-view-load-phone-hidden=\"true\">\n<p><strong>1.<\/strong> LTE Cat1 con respaldo 2G<\/p>\n<p><strong>2.<\/strong> Rango de tensi\u00f3n de entrada de 9 a 90 V<\/p>\n<p><strong>3.<\/strong> Tama\u00f1o compacto<\/p>\n<p>El GV50CG es un rastreador GNSS 2G de respaldo LTE Cat1 de nivel b\u00e1sico y econ\u00f3mico.<br \/>\nTiene un dise\u00f1o extremadamente compacto para una instalaci\u00f3n oculta.<br \/>\nSu tama\u00f1o compacto y sus potentes funciones lo convierten en una opci\u00f3n ideal para las diversas aplicaciones de vigilancia de transporte, como la financiaci\u00f3n de veh\u00edculos, la recuperaci\u00f3n de veh\u00edculos robados, el arrendamiento de veh\u00edculos y la log\u00edstica.<\/p>\n<p>Certificados<\/p>\n<p><strong><a>FCC, Anatel<\/a><\/strong><\/p>\n<\/div>\n<\/div>\n","protected":false},"featured_media":17916,"template":"","meta":{"content-type":"","_monsterinsights_skip_tracking":false,"_monsterinsights_sitenote_active":false,"_monsterinsights_sitenote_note":"","_monsterinsights_sitenote_category":0},"product_brand":[],"product_cat":[70],"product_tag":[254,228,257,28,241],"class_list":{"0":"post-17915","1":"product","2":"type-product","3":"status-publish","4":"has-post-thumbnail","6":"product_cat-queclink","7":"product_tag-compacto","8":"product_tag-dispositivo-de-rastreo","9":"product_tag-dispositivos-gps","10":"product_tag-gps","11":"product_tag-rastreo-vehicular","12":"grve-entry-item","14":"first","15":"instock","16":"taxable","17":"shipping-taxable","18":"purchasable","19":"product-type-simple"},"_links":{"self":[{"href":"https:\/\/www.emprenet.com.mx\/es\/wp-json\/wp\/v2\/product\/17915","targetHints":{"allow":["GET"]}}],"collection":[{"href":"https:\/\/www.emprenet.com.mx\/es\/wp-json\/wp\/v2\/product"}],"about":[{"href":"https:\/\/www.emprenet.com.mx\/es\/wp-json\/wp\/v2\/types\/product"}],"wp:featuredmedia":[{"embeddable":true,"href":"https:\/\/www.emprenet.com.mx\/es\/wp-json\/wp\/v2\/media\/17916"}],"wp:attachment":[{"href":"https:\/\/www.emprenet.com.mx\/es\/wp-json\/wp\/v2\/media?parent=17915"}],"wp:term":[{"taxonomy":"product_brand","embeddable":true,"href":"https:\/\/www.emprenet.com.mx\/es\/wp-json\/wp\/v2\/product_brand?post=17915"},{"taxonomy":"product_cat","embeddable":true,"href":"https:\/\/www.emprenet.com.mx\/es\/wp-json\/wp\/v2\/product_cat?post=17915"},{"taxonomy":"product_tag","embeddable":true,"href":"https:\/\/www.emprenet.com.mx\/es\/wp-json\/wp\/v2\/product_tag?post=17915"}],"curies":[{"name":"wp","href":"https:\/\/api.w.org\/{rel}","templated":true}]}}