{"id":17917,"date":"2024-10-08T22:28:07","date_gmt":"2024-10-08T22:28:07","guid":{"rendered":"https:\/\/www.emprenet.com.mx\/?post_type=product&#038;p=17917"},"modified":"2025-10-23T21:00:38","modified_gmt":"2025-10-23T21:00:38","slug":"ll301","status":"publish","type":"product","link":"https:\/\/www.emprenet.com.mx\/es\/tienda\/jimiiot\/ll301\/","title":{"rendered":"LL301"},"content":{"rendered":"<table>\n<tbody>\n<tr>\n<td class=\"ty_SPECIFICATIONS_title_bk\" width=\"205\"><strong><b>GNSS<\/b><\/strong><\/td>\n<td class=\"ty_SPECIFICATIONS_title_bk\" width=\"373\"><strong><b>\u00a0<\/b><\/strong><\/td>\n<\/tr>\n<tr>\n<td>Sistema de posicionamiento<\/td>\n<td width=\"373\">GPS+BDS+LBS<\/td>\n<\/tr>\n<tr>\n<td>Precisi\u00f3n de posicionamiento<\/td>\n<td width=\"373\">\uff1c2,5 m CEP<\/td>\n<\/tr>\n<tr>\n<td>Sensibilidad de seguimiento<\/td>\n<td width=\"373\">-165 dBm<\/td>\n<\/tr>\n<tr>\n<td>Sensibilidad de adquisici\u00f3n<\/td>\n<td width=\"373\">-148 dBm<\/td>\n<\/tr>\n<tr>\n<td>TTFF (al aire libre)<\/td>\n<td width=\"373\">Promedio de arranque en caliente \u22641 sec<br \/>\nPromedio de arranque en fr\u00edo \u226432 sec<\/td>\n<\/tr>\n<tr>\n<td class=\"ty_SPECIFICATIONS_title_bk\"><strong><b>Celular<\/b><\/strong><\/td>\n<td class=\"ty_SPECIFICATIONS_title_bk\"><strong><b>\u00a0<\/b><\/strong><\/td>\n<\/tr>\n<tr>\n<td>Red de comunicaci\u00f3n<\/td>\n<td width=\"373\">LTE\/GSM<\/td>\n<\/tr>\n<tr>\n<td>Frecuencia<\/td>\n<td width=\"373\">LL301-E<br \/>\nLTE-FDD: B1\/B3\/B7\/B8\/B20\/B28<br \/>\nGSM: 900\/1800MHzLL301-L<br \/>\nLTE-FDD: B1\/B2\/B3\/B4\/B5\/B7\/B8\/B28\/B66<br \/>\nGSM: 850\/900\/1800\/1900 MHz<\/td>\n<\/tr>\n<tr>\n<td class=\"ty_SPECIFICATIONS_title_bk\"><strong><b>Alimentaci\u00f3n<\/b><\/strong><\/td>\n<td class=\"ty_SPECIFICATIONS_title_bk\"><strong><b>\u00a0<\/b><\/strong><\/td>\n<\/tr>\n<tr>\n<td>Bater\u00eda<\/td>\n<td width=\"373\">Bater\u00eda de pol\u00edmero de litio de grado industrial de 10.000 mAh \/ 3,7 V<\/td>\n<\/tr>\n<tr>\n<td>Modos de funcionamiento<\/td>\n<td width=\"373\">Modo 1: Modo de GPS regular<br \/>\nModo 2: Modo de seguimiento<br \/>\nModo 3: Modo de ahorro de energ\u00eda<\/td>\n<\/tr>\n<tr>\n<td>Duraci\u00f3n de espera<\/td>\n<td width=\"373\">Hasta 2 a\u00f1os en modo de ahorro de energ\u00eda<\/td>\n<\/tr>\n<tr>\n<td class=\"ty_SPECIFICATIONS_title_bk\"><strong><b>Interfaz<\/b><\/strong><\/td>\n<td class=\"ty_SPECIFICATIONS_title_bk\"><strong><b>\u00a0<\/b><\/strong><\/td>\n<\/tr>\n<tr>\n<td>Indicaci\u00f3n de LED<\/td>\n<td width=\"373\">1 indicador de estado (Rojo), 4 indicadores de bater\u00eda (Azul)<\/td>\n<\/tr>\n<tr>\n<td>SIM<\/td>\n<td width=\"373\">Nano-SIM<\/td>\n<\/tr>\n<tr>\n<td>A prueba de manipulaci\u00f3n<\/td>\n<td width=\"373\">Bot\u00f3n sensible a la presi\u00f3n<\/td>\n<\/tr>\n<tr>\n<td class=\"ty_SPECIFICATIONS_title_bk\"><strong><b>Especificaciones F\u00edsicas<\/b><\/strong><\/td>\n<td class=\"ty_SPECIFICATIONS_title_bk\"><strong><b>\u00a0<\/b><\/strong><\/td>\n<\/tr>\n<tr>\n<td>Dimensiones<\/td>\n<td width=\"373\">108,5 x 61,1 x 30,0 mm<\/td>\n<\/tr>\n<tr>\n<td>Peso<\/td>\n<td width=\"373\">260 g<\/td>\n<\/tr>\n<tr>\n<td class=\"ty_SPECIFICATIONS_title_bk\"><strong><b>Entorno de funcionamiento<\/b><\/strong><\/td>\n<td class=\"ty_SPECIFICATIONS_title_bk\"><strong><b>\u00a0<\/b><\/strong><\/td>\n<\/tr>\n<tr>\n<td>Temperatura de funcionamiento<\/td>\n<td width=\"373\">\u201320\u2103\u00a0a +70\u2103<\/td>\n<\/tr>\n<tr>\n<td>Humedad de funcionamiento<\/td>\n<td width=\"373\">5%\uff5e95%, no condensaci\u00f3n<\/td>\n<\/tr>\n<tr>\n<td>Clasificaci\u00f3n IP<\/td>\n<td width=\"373\">IP65<\/td>\n<\/tr>\n<tr>\n<td class=\"ty_SPECIFICATIONS_title_bk\"><strong><b>Caracter\u00edstica<\/b><\/strong><\/td>\n<td class=\"ty_SPECIFICATIONS_title_bk\"><strong><b>\u00a0<\/b><\/strong><\/td>\n<\/tr>\n<tr>\n<td>Sensores<\/td>\n<td width=\"373\">Aceler\u00f3metro de 3 ejes<\/td>\n<\/tr>\n<tr>\n<td>Bluetooth<\/td>\n<td width=\"373\">Compatibilidad con Bluetooth 5,0<\/td>\n<\/tr>\n<tr>\n<td>Escenarios<\/td>\n<td width=\"373\">Alerta de bater\u00eda baja, Alerta de manipulaci\u00f3n, Alerta de vibraci\u00f3n, Alerta de remoci\u00f3n de la cubierta, Alerta de apagado<\/td>\n<\/tr>\n<\/tbody>\n<\/table>\n","protected":false},"excerpt":{"rendered":"<h1><a href=\"https:\/\/www.emprenet.com.mx\/wp-content\/uploads\/2024\/10\/LL301-0613.pdf\">Consulta la ficha t\u00e9cnica aqu\u00ed<\/a><\/h1>\n<p><em>*Precios en USD + IVA*<\/em><\/p>\n<p>El LL301 es un Rastreador GNSS de Activos 4G Cat 1 que permite una duraci\u00f3n de espera ultra larga a trav\u00e9s de una bater\u00eda de gran capacidad de 10.000 mAh y una carcasa duradera. Compatible con el posicionamiento GPS + BDS + LBS + Wi-Fi, cobertura de se\u00f1al interior y exterior, y compatible con alertas instant\u00e1neas de eventos t\u00edpicos como eliminaci\u00f3n de dispositivos, vibraci\u00f3n, etc. Tambi\u00e9n ofrecemos a los usuarios monitorizaci\u00f3n remota del objetivo a trav\u00e9s de nuestra plataforma en la nube y aplicaci\u00f3n m\u00f3vil , que es adecuado para escenarios de aplicaci\u00f3n tales como alquiler de veh\u00edculos, gesti\u00f3n de flotas, transporte log\u00edstico, etc.<\/p>\n<p>&nbsp;<\/p>\n<div class=\"elementor-element elementor-element-77a50d6a elementor-widget__width-initial elementor-widget elementor-widget-heading\" data-id=\"77a50d6a\" data-element_type=\"widget\" data-widget_type=\"heading.default\">\n<div class=\"elementor-widget-container\">\n<ul>\n<li class=\"elementor-heading-title elementor-size-default\"><strong>Posicionamiento GPS, BDS y LBS<br \/>\n<\/strong>Una sinergia de m\u00faltiples sistemas de posicionamiento garantiza que la ubicaci\u00f3n se muestre con precisi\u00f3n en la plataforma en la nube.<\/li>\n<\/ul>\n<\/div>\n<\/div>\n<div class=\"elementor-element elementor-element-618a1536 elementor-widget__width-initial elementor-widget elementor-widget-heading\" data-id=\"618a1536\" data-element_type=\"widget\" data-widget_type=\"heading.default\">\n<div class=\"elementor-widget-container\">\n<div>\n<div class=\"elementor-element elementor-element-7ec53fca elementor-widget__width-initial elementor-widget elementor-widget-heading\" data-id=\"7ec53fca\" data-element_type=\"widget\" data-widget_type=\"heading.default\">\n<div class=\"elementor-widget-container\">\n<ul>\n<li class=\"elementor-heading-title elementor-size-default\"><strong>Bater\u00eda Recargable de 10.000 mAh<br \/>\n<\/strong>La bater\u00eda de alta capacidad admite aplicaciones de espera largas, y se recarga f\u00e1cilmente para su redespliegue.<\/li>\n<li><strong>Alertas M\u00faltiples<br \/>\n<\/strong>Alertas instant\u00e1neas para eventos at\u00edpicos como la retirada de la cubierta, la retirada del dispositivo, la vibraci\u00f3n anormal, la bater\u00eda baja, etc.&nbsp;<\/li>\n<li><strong>Base Magn\u00e9tica Fuerte<\/strong><br \/>\nInstalaci\u00f3n casi nula; el LL301 se fija firmemente y sin esfuerzo a la mayor\u00eda de las superficies met\u00e1licas.<\/li>\n<li><strong>Red LTE y GSM<\/strong><br \/>\nComunicaci\u00f3n a trav\u00e9s de redes 4G LTE con retorno de 2G GSM.<\/li>\n<li><strong>Escucha remota (VoLTE)<\/strong><br \/>\nEl micr\u00f3fono no visible permite la monitorizaci\u00f3n de audio remota del entorno alrededor del dispositivo.<\/li>\n<li><strong>M\u00faltiples Modos de Funcionamiento<\/strong><br \/>\nModos de funcionamiento configurables seg\u00fan sus demandas reales.<\/li>\n<li>\n<div class=\"elementor-element elementor-element-5bb75bad elementor-widget__width-initial elementor-widget elementor-widget-heading\" data-id=\"5bb75bad\" data-element_type=\"widget\" data-widget_type=\"heading.default\">\n<div class=\"elementor-widget-container\">\n<div class=\"elementor-heading-title elementor-size-default\"><strong>Configuraci\u00f3n de Bluetooth<\/strong><\/div>\n<\/div>\n<\/div>\n<div class=\"elementor-element elementor-element-7937ae0 elementor-widget__width-initial elementor-widget elementor-widget-heading\" data-id=\"7937ae0\" data-element_type=\"widget\" data-widget_type=\"heading.default\">\n<div class=\"elementor-widget-container\">\n<div class=\"elementor-heading-title elementor-size-default\">Configuraci\u00f3n r\u00e1pida y sencilla del dispositivo a trav\u00e9s de la app para iOS.<\/div>\n<\/div>\n<\/div>\n<\/li>\n<\/ul>\n<\/div>\n<\/div>\n<\/div>\n<\/div>\n<\/div>\n","protected":false},"featured_media":17920,"template":"","meta":{"content-type":"","_monsterinsights_skip_tracking":false,"_monsterinsights_sitenote_active":false,"_monsterinsights_sitenote_note":"","_monsterinsights_sitenote_category":0},"product_brand":[],"product_cat":[99],"product_tag":[228,245,28,171,327,176,241],"class_list":{"0":"post-17917","1":"product","2":"type-product","3":"status-publish","4":"has-post-thumbnail","6":"product_cat-jimiiot","7":"product_tag-dispositivo-de-rastreo","8":"product_tag-dispositivo-gps","9":"product_tag-gps","10":"product_tag-jimi-iot","11":"product_tag-ll301","12":"product_tag-mas-vendidos","13":"product_tag-rastreo-vehicular","14":"grve-entry-item","16":"first","17":"outofstock","18":"taxable","19":"shipping-taxable","20":"purchasable","21":"product-type-simple"},"_links":{"self":[{"href":"https:\/\/www.emprenet.com.mx\/es\/wp-json\/wp\/v2\/product\/17917","targetHints":{"allow":["GET"]}}],"collection":[{"href":"https:\/\/www.emprenet.com.mx\/es\/wp-json\/wp\/v2\/product"}],"about":[{"href":"https:\/\/www.emprenet.com.mx\/es\/wp-json\/wp\/v2\/types\/product"}],"wp:featuredmedia":[{"embeddable":true,"href":"https:\/\/www.emprenet.com.mx\/es\/wp-json\/wp\/v2\/media\/17920"}],"wp:attachment":[{"href":"https:\/\/www.emprenet.com.mx\/es\/wp-json\/wp\/v2\/media?parent=17917"}],"wp:term":[{"taxonomy":"product_brand","embeddable":true,"href":"https:\/\/www.emprenet.com.mx\/es\/wp-json\/wp\/v2\/product_brand?post=17917"},{"taxonomy":"product_cat","embeddable":true,"href":"https:\/\/www.emprenet.com.mx\/es\/wp-json\/wp\/v2\/product_cat?post=17917"},{"taxonomy":"product_tag","embeddable":true,"href":"https:\/\/www.emprenet.com.mx\/es\/wp-json\/wp\/v2\/product_tag?post=17917"}],"curies":[{"name":"wp","href":"https:\/\/api.w.org\/{rel}","templated":true}]}}