{"id":17921,"date":"2024-10-08T22:46:55","date_gmt":"2024-10-08T22:46:55","guid":{"rendered":"https:\/\/www.emprenet.com.mx\/?post_type=product&#038;p=17921"},"modified":"2025-06-04T16:24:45","modified_gmt":"2025-06-04T16:24:45","slug":"vl103m","status":"publish","type":"product","link":"https:\/\/www.emprenet.com.mx\/es\/tienda\/jimiiot\/vl103m\/","title":{"rendered":"VL103M"},"content":{"rendered":"<table>\n<tbody>\n<tr>\n<td class=\"ty_SPECIFICATIONS_title_bk\" width=\"240\"><strong><b>GNSS<\/b><\/strong><\/td>\n<td class=\"ty_SPECIFICATIONS_title_bk\" width=\"346\"><strong><b>\u00a0<\/b><\/strong><\/td>\n<\/tr>\n<tr>\n<td width=\"240\">Sistema de posicionamiento<\/td>\n<td width=\"346\">GPS+BDS+LBS<\/td>\n<\/tr>\n<tr>\n<td width=\"240\">Precisi\u00f3n de posicionamiento<\/td>\n<td width=\"346\">\uff1c2,5m CEP<\/td>\n<\/tr>\n<tr>\n<td width=\"240\">Sensibilidad de seguimiento<\/td>\n<td width=\"346\">-165dBm<\/td>\n<\/tr>\n<tr>\n<td width=\"240\">Sensibilidad de captaci\u00f3n<\/td>\n<td width=\"346\">-148dBm<\/td>\n<\/tr>\n<tr>\n<td rowspan=\"2\" width=\"240\">TTFF (cielo abierto)<\/td>\n<td width=\"346\">Avg. arranque en caliente \u22641 seg.<\/td>\n<\/tr>\n<tr>\n<td width=\"346\">Avg. arranque en fr\u00edo \u226432 seg.<\/td>\n<\/tr>\n<tr>\n<td class=\"ty_SPECIFICATIONS_title_bk\" width=\"240\"><strong><b>Celular<\/b><\/strong><\/td>\n<td class=\"ty_SPECIFICATIONS_title_bk\" width=\"346\"><strong><b>\u00a0<\/b><\/strong><\/td>\n<\/tr>\n<tr>\n<td width=\"240\">Red de comunicaci\u00f3n<\/td>\n<td width=\"346\">LTE Cat 1\/GSM<\/td>\n<\/tr>\n<tr>\n<td width=\"244\">Frecuencia<\/td>\n<td width=\"309\">VL103D (L)<br \/>\nLTE-FDD: B1\/B2\/B3\/B4\/B5\/B7\/B8\/B28<br \/>\nGSM: B2\/B3\/B5\/B8<br \/>\nVL103D (E)<br \/>\nLTE-FDD: B1\/B3\/B7\/B8\/B20\/B28<br \/>\nLTE-TDD: B34\/B38\/B39\/B40\/B41<br \/>\nGSM: B2\/B3\/B5\/B8<\/td>\n<\/tr>\n<tr>\n<td class=\"ty_SPECIFICATIONS_title_bk\" width=\"240\"><strong><b>Alimentaci\u00f3n<\/b><\/strong><\/td>\n<td class=\"ty_SPECIFICATIONS_title_bk\" width=\"346\"><strong><b>\u00a0<\/b><\/strong><\/td>\n<\/tr>\n<tr>\n<td width=\"240\">Bater\u00eda<\/td>\n<td width=\"346\">Bater\u00eda de pol\u00edmero de litio de calidad industrial de 270 mAh\/3,7 V<\/td>\n<\/tr>\n<tr>\n<td width=\"240\">Tensi\u00f3n de entrada<\/td>\n<td width=\"346\">9-90VCC<\/td>\n<\/tr>\n<tr>\n<td class=\"ty_SPECIFICATIONS_title_bk\" width=\"240\"><strong><b>Interfaz<\/b><\/strong><\/td>\n<td class=\"ty_SPECIFICATIONS_title_bk\" width=\"346\"><strong><b>\u00a0<\/b><\/strong><\/td>\n<\/tr>\n<tr>\n<td width=\"240\">Indicaci\u00f3n de LED<\/td>\n<td width=\"346\">GNSS (azul), m\u00f3vil (amarillo), alimentaci\u00f3n (rojo)<\/td>\n<\/tr>\n<tr>\n<td width=\"240\">SIM<\/td>\n<td width=\"346\">Micro-SIM<\/td>\n<\/tr>\n<tr>\n<td width=\"240\">Almacenamiento de datos<\/td>\n<td width=\"346\">16+16Mb<\/td>\n<\/tr>\n<tr>\n<td width=\"240\">Entradas digitales<\/td>\n<td width=\"346\">ACC, SOS<\/td>\n<\/tr>\n<tr>\n<td width=\"240\">Salidas digitales<\/td>\n<td width=\"346\">Rel\u00e9, IO para salida de zumbador\/horn<\/td>\n<\/tr>\n<tr>\n<td class=\"ty_SPECIFICATIONS_title_bk\" width=\"240\"><strong><b>Especificaciones f\u00edsicas<\/b><\/strong><\/td>\n<td class=\"ty_SPECIFICATIONS_title_bk\" width=\"346\"><strong><b>\u00a0<\/b><\/strong><\/td>\n<\/tr>\n<tr>\n<td width=\"240\">Dimensiones<\/td>\n<td width=\"346\">92,0 x 40,0 x 20,0 mm<\/td>\n<\/tr>\n<tr>\n<td width=\"240\">Peso<\/td>\n<td width=\"346\">55g<\/td>\n<\/tr>\n<tr>\n<td class=\"ty_SPECIFICATIONS_title_bk\" width=\"240\"><strong><b>Entorno de funcionamiento<\/b><\/strong><\/td>\n<td class=\"ty_SPECIFICATIONS_title_bk\" width=\"346\"><strong><b>\u00a0<\/b><\/strong><\/td>\n<\/tr>\n<tr>\n<td width=\"240\">Temperatura de funcionamiento<\/td>\n<td width=\"346\">-20\u2103 a +70\u2103<\/td>\n<\/tr>\n<tr>\n<td width=\"240\">Grado de protecci\u00f3n IP<\/td>\n<td width=\"346\">IP66<\/td>\n<\/tr>\n<tr>\n<td class=\"ty_SPECIFICATIONS_title_bk\" width=\"240\"><strong><b>Caracter\u00edstica<\/b><\/strong><\/td>\n<td class=\"ty_SPECIFICATIONS_title_bk\" width=\"346\"><strong><b>\u00a0<\/b><\/strong><\/td>\n<\/tr>\n<tr>\n<td width=\"240\">Sensores<\/td>\n<td width=\"346\">Aceler\u00f3metro<\/td>\n<\/tr>\n<tr>\n<td width=\"240\">Escenarios<\/td>\n<td width=\"346\">Alerta de vibraci\u00f3n, Alerta de exceso de velocidad, Alerta de SOS, Alerta de manipulaci\u00f3n,\u00a0 Alerta de entrada\/salida de geo-valla, Detecci\u00f3n de bater\u00eda del veh\u00edculo<\/td>\n<\/tr>\n<\/tbody>\n<\/table>\n","protected":false},"excerpt":{"rendered":"<h1><strong><a href=\"https:\/\/www.emprenet.com.mx\/wp-content\/uploads\/2024\/10\/VL103M-0519.pdf\">Consulta la ficha t\u00e9cnica aqu\u00ed<\/a><br \/>\n<\/strong><\/h1>\n<p><em>*Precio en USD + IVA*<\/em><\/p>\n<p>4G Rastreador de Veh\u00edculos Multifuncional<\/p>\n<p>Con un tama\u00f1o compacto, pero equipado con m\u00faltiples funciones, el VL103M es un potente rastreador dise\u00f1ado para aplicaciones de flotas industriales y comerciales, desde agencias de alquiler y transporte p\u00fablico hasta transporte de carga, y mucho m\u00e1s. El dispositivo tambi\u00e9n cuenta con un timbre\/alarma externa que facilita la localizaci\u00f3n de su veh\u00edculo en caso de que no pueda encontrarlo, lo que aumenta a\u00fan m\u00e1s la seguridad de su flota. Adem\u00e1s, la escucha remota y el conjunto de alertas activadas por eventos convertir\u00e1n al VL103M en una parte valiosa de su estrategia de gesti\u00f3n de flotas.<\/p>\n<div class=\"elementor-element elementor-element-0d7838f elementor-widget__width-initial elementor-widget elementor-widget-heading\" data-id=\"0d7838f\" data-element_type=\"widget\" data-widget_type=\"heading.default\">\n<div class=\"elementor-widget-container\">\n<div class=\"elementor-heading-title elementor-size-default\"><strong>Posicionamiento GPS, BDS y LBS<\/strong><\/div>\n<\/div>\n<\/div>\n<div class=\"elementor-element elementor-element-3d6ced6 elementor-widget__width-initial elementor-widget elementor-widget-heading\" data-id=\"3d6ced6\" data-element_type=\"widget\" data-widget_type=\"heading.default\">\n<div class=\"elementor-widget-container\">\n<div class=\"elementor-heading-title elementor-size-default\">Una sinergia de m\u00faltiples sistemas de posicionamiento garantiza que las ubicaciones se muestren con precisi\u00f3n en la plataforma en la nube.<\/div>\n<div>\n<div class=\"elementor-element elementor-element-6161bef elementor-widget__width-initial elementor-widget elementor-widget-heading\" data-id=\"6161bef\" data-element_type=\"widget\" data-widget_type=\"heading.default\">\n<div class=\"elementor-widget-container\">\n<div><\/div>\n<div class=\"elementor-heading-title elementor-size-default\"><strong>Alerta de baja tensi\u00f3n<\/strong><\/div>\n<\/div>\n<\/div>\n<div class=\"elementor-element elementor-element-09226e7 elementor-widget__width-initial elementor-widget elementor-widget-heading\" data-id=\"09226e7\" data-element_type=\"widget\" data-widget_type=\"heading.default\">\n<div class=\"elementor-widget-container\">\n<div class=\"elementor-heading-title elementor-size-default\">Se le avisar\u00e1 por SMS cuando el voltaje de la bater\u00eda de la motocicleta sea inferior al umbral.<\/div>\n<\/div>\n<\/div>\n<div>\n<div class=\"elementor-element elementor-element-57e93d4 elementor-widget__width-initial elementor-widget elementor-widget-heading\" data-id=\"57e93d4\" data-element_type=\"widget\" data-widget_type=\"heading.default\">\n<div class=\"elementor-widget-container\">\n<div><\/div>\n<div class=\"elementor-heading-title elementor-size-default\"><strong>Escucha a distancia<\/strong><\/div>\n<\/div>\n<\/div>\n<div class=\"elementor-element elementor-element-04028c4 elementor-widget__width-initial elementor-widget elementor-widget-heading\" data-id=\"04028c4\" data-element_type=\"widget\" data-widget_type=\"heading.default\">\n<div class=\"elementor-widget-container\">\n<div class=\"elementor-heading-title elementor-size-default\">El micr\u00f3fono discreto permite la monitorizaci\u00f3n de audio remota del entorno que rodea al dispositivo.<\/div>\n<div><\/div>\n<\/div>\n<div>\n<div class=\"elementor-element elementor-element-ee3a5e4 elementor-widget__width-initial elementor-widget elementor-widget-heading\" data-id=\"ee3a5e4\" data-element_type=\"widget\" data-widget_type=\"heading.default\">\n<div class=\"elementor-widget-container\">\n<div class=\"elementor-heading-title elementor-size-default\"><strong>Compatible con Zumbador\/Horn externo<\/strong><\/div>\n<\/div>\n<\/div>\n<div class=\"elementor-element elementor-element-d80de66 elementor-widget__width-initial elementor-widget elementor-widget-heading\" data-id=\"d80de66\" data-element_type=\"widget\" data-widget_type=\"heading.default\">\n<div class=\"elementor-widget-container\">\n<div class=\"elementor-heading-title elementor-size-default\">Advierte al conductor cuando el rastreador detecta exceso de velocidad o fatiga al volante, y tambi\u00e9n admite avisos sonoros\/luminosos para buscar veh\u00edculos.<\/div>\n<\/div>\n<\/div>\n<div>\n<div class=\"elementor-element elementor-element-a6623eb elementor-widget__width-initial elementor-widget elementor-widget-heading\" data-id=\"a6623eb\" data-element_type=\"widget\" data-widget_type=\"heading.default\">\n<div class=\"elementor-widget-container\">\n<div><\/div>\n<div class=\"elementor-heading-title elementor-size-default\"><strong>Alertas m\u00faltiples<\/strong><\/div>\n<\/div>\n<\/div>\n<div class=\"elementor-element elementor-element-6e3d52c elementor-widget__width-initial elementor-widget elementor-widget-heading\" data-id=\"6e3d52c\" data-element_type=\"widget\" data-widget_type=\"heading.default\">\n<div class=\"elementor-widget-container\">\n<div class=\"elementor-heading-title elementor-size-default\">Alertas instant\u00e1neas de eventos at\u00edpicos como vibraciones anormales, exceso de velocidad, entrada\/salida de geo-vallas, etc.<\/div>\n<div><\/div>\n<\/div>\n<\/div>\n<div>\n<div class=\"elementor-element elementor-element-bc3058b elementor-widget__width-initial elementor-widget elementor-widget-heading\" data-id=\"bc3058b\" data-element_type=\"widget\" data-widget_type=\"heading.default\">\n<div class=\"elementor-widget-container\">\n<div class=\"elementor-heading-title elementor-size-default\"><strong>Resistencia al polvo y al agua IP66<\/strong><\/div>\n<\/div>\n<\/div>\n<div class=\"elementor-element elementor-element-3eaca7e elementor-widget__width-initial elementor-widget elementor-widget-heading\" data-id=\"3eaca7e\" data-element_type=\"widget\" data-widget_type=\"heading.default\">\n<div class=\"elementor-widget-container\">\n<div class=\"elementor-heading-title elementor-size-default\">Dise\u00f1o resistente que garantiza un rendimiento \u00f3ptimo continuado, incluso en las condiciones m\u00e1s duras.<\/div>\n<\/div>\n<\/div>\n<\/div>\n<\/div>\n<\/div>\n<\/div>\n<\/div>\n<\/div>\n<\/div>\n<\/div>\n<p>&nbsp;<\/p>\n","protected":false},"featured_media":17922,"template":"","meta":{"content-type":"","_monsterinsights_skip_tracking":false,"_monsterinsights_sitenote_active":false,"_monsterinsights_sitenote_note":"","_monsterinsights_sitenote_category":0},"product_brand":[],"product_cat":[99],"product_tag":[228,245,28,328],"class_list":{"0":"post-17921","1":"product","2":"type-product","3":"status-publish","4":"has-post-thumbnail","6":"product_cat-jimiiot","7":"product_tag-dispositivo-de-rastreo","8":"product_tag-dispositivo-gps","9":"product_tag-gps","10":"product_tag-volte","11":"grve-entry-item","13":"first","14":"instock","15":"taxable","16":"shipping-taxable","17":"purchasable","18":"product-type-simple"},"_links":{"self":[{"href":"https:\/\/www.emprenet.com.mx\/es\/wp-json\/wp\/v2\/product\/17921","targetHints":{"allow":["GET"]}}],"collection":[{"href":"https:\/\/www.emprenet.com.mx\/es\/wp-json\/wp\/v2\/product"}],"about":[{"href":"https:\/\/www.emprenet.com.mx\/es\/wp-json\/wp\/v2\/types\/product"}],"wp:featuredmedia":[{"embeddable":true,"href":"https:\/\/www.emprenet.com.mx\/es\/wp-json\/wp\/v2\/media\/17922"}],"wp:attachment":[{"href":"https:\/\/www.emprenet.com.mx\/es\/wp-json\/wp\/v2\/media?parent=17921"}],"wp:term":[{"taxonomy":"product_brand","embeddable":true,"href":"https:\/\/www.emprenet.com.mx\/es\/wp-json\/wp\/v2\/product_brand?post=17921"},{"taxonomy":"product_cat","embeddable":true,"href":"https:\/\/www.emprenet.com.mx\/es\/wp-json\/wp\/v2\/product_cat?post=17921"},{"taxonomy":"product_tag","embeddable":true,"href":"https:\/\/www.emprenet.com.mx\/es\/wp-json\/wp\/v2\/product_tag?post=17921"}],"curies":[{"name":"wp","href":"https:\/\/api.w.org\/{rel}","templated":true}]}}