{"id":17929,"date":"2024-10-08T23:37:30","date_gmt":"2024-10-08T23:37:30","guid":{"rendered":"https:\/\/www.emprenet.com.mx\/?post_type=product&#038;p=17929"},"modified":"2025-05-28T16:47:56","modified_gmt":"2025-05-28T16:47:56","slug":"arnes-9-pines","status":"publish","type":"product","link":"https:\/\/www.emprenet.com.mx\/es\/tienda\/ruptela\/arnes-9-pines\/","title":{"rendered":"Arnes 9 pines"},"content":{"rendered":"<p>Instale rastreadores GPS m\u00e1s r\u00e1pido y f\u00e1cil con el arn\u00e9s de 9 pines.<\/p>\n<ul>\n<li>Instalaci\u00f3n m\u00e1s r\u00e1pida y f\u00e1cil<\/li>\n<li>Instalaci\u00f3n profesional<\/li>\n<li>Minimice el riesgo de instalaciones defectuosas<\/li>\n<\/ul>\n","protected":false},"excerpt":{"rendered":"<p><em>*Precio USD + IVA*<\/em><\/p>\n<p>El arn\u00e9s de 9 pines se utiliza para instalar rastreadores FM-Pro4 y FM-Tco4 HCV en camiones. Los datos de CANbus (J1708, J1939) est\u00e1n disponibles con el arn\u00e9s de 9 pines.<\/p>\n","protected":false},"featured_media":17930,"template":"","meta":{"content-type":"","_monsterinsights_skip_tracking":false,"_monsterinsights_sitenote_active":false,"_monsterinsights_sitenote_note":"","_monsterinsights_sitenote_category":0},"product_brand":[],"product_cat":[71],"product_tag":[193,207,188,198,227],"class_list":{"0":"post-17929","1":"product","2":"type-product","3":"status-publish","4":"has-post-thumbnail","6":"product_cat-ruptela","7":"product_tag-accesorio","8":"product_tag-accesorios","9":"product_tag-canbus","10":"product_tag-pin","11":"product_tag-ruptela","12":"grve-entry-item","14":"first","15":"instock","16":"taxable","17":"shipping-taxable","18":"purchasable","19":"product-type-simple"},"_links":{"self":[{"href":"https:\/\/www.emprenet.com.mx\/es\/wp-json\/wp\/v2\/product\/17929","targetHints":{"allow":["GET"]}}],"collection":[{"href":"https:\/\/www.emprenet.com.mx\/es\/wp-json\/wp\/v2\/product"}],"about":[{"href":"https:\/\/www.emprenet.com.mx\/es\/wp-json\/wp\/v2\/types\/product"}],"wp:featuredmedia":[{"embeddable":true,"href":"https:\/\/www.emprenet.com.mx\/es\/wp-json\/wp\/v2\/media\/17930"}],"wp:attachment":[{"href":"https:\/\/www.emprenet.com.mx\/es\/wp-json\/wp\/v2\/media?parent=17929"}],"wp:term":[{"taxonomy":"product_brand","embeddable":true,"href":"https:\/\/www.emprenet.com.mx\/es\/wp-json\/wp\/v2\/product_brand?post=17929"},{"taxonomy":"product_cat","embeddable":true,"href":"https:\/\/www.emprenet.com.mx\/es\/wp-json\/wp\/v2\/product_cat?post=17929"},{"taxonomy":"product_tag","embeddable":true,"href":"https:\/\/www.emprenet.com.mx\/es\/wp-json\/wp\/v2\/product_tag?post=17929"}],"curies":[{"name":"wp","href":"https:\/\/api.w.org\/{rel}","templated":true}]}}