{"id":17932,"date":"2024-10-09T21:37:45","date_gmt":"2024-10-09T21:37:45","guid":{"rendered":"https:\/\/www.emprenet.com.mx\/?post_type=product&#038;p=17932"},"modified":"2025-06-04T16:22:19","modified_gmt":"2025-06-04T16:22:19","slug":"dualcam","status":"publish","type":"product","link":"https:\/\/www.emprenet.com.mx\/es\/tienda\/teltonika\/dualcam\/","title":{"rendered":"DUALCAM"},"content":{"rendered":"<div>\n<div>\n<div class=\"flex justify-between py-4 md:py-6 lg:py-8 w-full cursor-pointer container relative\">\n<div class=\"w-full font-semibold lg:text-2xl\"><strong>Adecuado para<\/strong><\/div>\n<\/div>\n<\/div>\n<\/div>\n<div>\n<div class=\"has-link list-disc py-4 md:pb-8 pt-2 container\">\n<div class=\"flex md:justify-end text-gray-1 flex-col md:flex-row gap-2 md:gap-6 mb-8 last:mb-0\">\n<div class=\"w-full max-w-[620px] disc less-bold break-words\">\n<p>FMB125, FMC125, FMB225, FMC225, FMC650*<br \/>\n<em>* Para conectar con el dispositivo FMC650, en necesario un accesorio adicional el RJ45 cable.<\/em><\/p>\n<div>\n<div>\n<div>\n<div>\n<div class=\"flex justify-between py-4 md:py-6 lg:py-8 w-full cursor-pointer container relative\">\n<div><\/div>\n<div class=\"w-full font-semibold lg:text-2xl\"><strong>Datos t\u00e9cnicos<\/strong><\/div>\n<\/div>\n<\/div>\n<\/div>\n<div>\n<div class=\"has-link list-disc py-4 md:pb-8 pt-2 container\">\n<div class=\"flex md:justify-end text-gray-1 flex-col md:flex-row gap-2 md:gap-6 mb-8 last:mb-0\">\n<div class=\"font-semibold w-full max-w-[296px]\">\n<p><strong>Day &amp; Night Vision<\/strong> Effect Day (Color), Night (Black &amp; White)<\/p>\n<\/div>\n<\/div>\n<div class=\"flex md:justify-end text-gray-1 flex-col md:flex-row gap-2 md:gap-6 mb-8 last:mb-0\">\n<div class=\"font-semibold w-full max-w-[296px]\">\n<p><strong>Horizontal field of view<\/strong> 120\u00b0<\/p>\n<\/div>\n<\/div>\n<div class=\"flex md:justify-end text-gray-1 flex-col md:flex-row gap-2 md:gap-6 mb-8 last:mb-0\">\n<div class=\"font-semibold w-full max-w-[296px]\">\n<p><strong>Vertical field of view<\/strong> 70\u00b0<\/p>\n<\/div>\n<\/div>\n<div class=\"flex md:justify-end text-gray-1 flex-col md:flex-row gap-2 md:gap-6 mb-8 last:mb-0\">\n<div class=\"font-semibold w-full max-w-[296px]\">\n<p><strong>Dual Camera<\/strong> Front and Rear (equal characteristics)<\/p>\n<\/div>\n<\/div>\n<div class=\"flex md:justify-end text-gray-1 flex-col md:flex-row gap-2 md:gap-6 mb-8 last:mb-0\">\n<div class=\"font-semibold w-full max-w-[296px]\">\n<p><strong>Camera resolution<\/strong> Picture resolution: 1280 x 720 (default), Configurable: 160 x 120; 320 x 240; 640 x 480; 1920 x 1080<\/p>\n<\/div>\n<\/div>\n<div class=\"flex md:justify-end text-gray-1 flex-col md:flex-row gap-2 md:gap-6 mb-8 last:mb-0\">\n<div class=\"font-semibold w-full max-w-[296px]\">\n<p><strong>IR Distance<\/strong> 2 Meters<\/p>\n<\/div>\n<\/div>\n<div class=\"flex md:justify-end text-gray-1 flex-col md:flex-row gap-2 md:gap-6 mb-8 last:mb-0\">\n<div class=\"font-semibold w-full max-w-[296px]\">\n<p><strong>Cable length RS232<\/strong> (3.5m)<\/p>\n<\/div>\n<\/div>\n<div class=\"flex md:justify-end text-gray-1 flex-col md:flex-row gap-2 md:gap-6 mb-8 last:mb-0\">\n<div class=\"font-semibold w-full max-w-[296px]\">\n<p><strong>Video resolution<\/strong> 720P<\/p>\n<\/div>\n<\/div>\n<div class=\"flex md:justify-end text-gray-1 flex-col md:flex-row gap-2 md:gap-6 mb-8 last:mb-0\">\n<div class=\"font-semibold w-full max-w-[296px]\">\n<p><strong>SD card<\/strong> 2psc. MicroSD card (Max 64G up to 40 hours of video)<\/p>\n<\/div>\n<\/div>\n<div class=\"flex md:justify-end text-gray-1 flex-col md:flex-row gap-2 md:gap-6 mb-8 last:mb-0\">\n<div class=\"font-semibold w-full max-w-[296px]\">\n<p><strong>Microphone<\/strong> Microphone \u2013 voice recording.* <em>(* Not installed in standard modification. Can be added on demand)<\/em><\/p>\n<\/div>\n<\/div>\n<\/div>\n<\/div>\n<\/div>\n<\/div>\n<div>\n<div>\n<div>\n<div>\n<div class=\"flex justify-between py-4 md:py-6 lg:py-8 w-full cursor-pointer container relative\">\n<div><\/div>\n<div class=\"w-full font-semibold lg:text-2xl\"><strong>Especificaciones f\u00edsicas<\/strong><\/div>\n<div class=\"flex items-center ml-2\">\n<p><strong>Dimensions<\/strong> 126.2 x 36.6 x 36.6 mm<\/p>\n<\/div>\n<\/div>\n<\/div>\n<\/div>\n<div>\n<div class=\"has-link list-disc py-4 md:pb-8 pt-2 container\">\n<div class=\"flex md:justify-end text-gray-1 flex-col md:flex-row gap-2 md:gap-6 mb-8 last:mb-0\">\n<div class=\"font-semibold w-full max-w-[296px]\">\n<p><strong>Camera mounting<\/strong> Sticky tape (3M) or screws<\/p>\n<\/div>\n<\/div>\n<\/div>\n<\/div>\n<\/div>\n<\/div>\n<\/div>\n<\/div>\n<\/div>\n<\/div>\n","protected":false},"excerpt":{"rendered":"<h2><a href=\"https:\/\/www.emprenet.com.mx\/wp-content\/uploads\/2024\/10\/631370_Datasheet_Teltonika_DualCam_V1.2.pdf\">Consulta Ficha T\u00e9cnica Aqu\u00ed<\/a><\/h2>\n<p>*Precio en USD + IVA*<\/p>\n<p>Soluci\u00f3n de videovigilancia en cabina y en carretera<\/p>\n<div class=\"flex-1\">\n<div class=\"text-center md:text-left mb-4 md:mb-0 md:pl-6 lg:pl-12 md:mr-6\">\n<div class=\"font-oswald font-semibold text-2xl lg:text-3.5xl mb-4 uppercase\"><strong>Dos c\u00e1maras en una sola carcasa<\/strong><\/div>\n<div class=\"lg:text-2xl\">\n<p>Las c\u00e1maras delanteras y traseras se utilizan para grabar v\u00eddeos de sucesos que puedan ocurrir en la carretera o en el interior de un veh\u00edculo.<\/p>\n<div class=\"flex-1\">\n<div class=\"text-center md:text-left mb-4 md:mb-0 md:pr-6 lg:pr-12 md:ml-6\">\n<div class=\"font-oswald font-semibold text-2xl lg:text-3.5xl mb-4 uppercase\"><strong>Datos visuales valiosos<\/strong><\/div>\n<div class=\"lg:text-2xl\">\n<p>Perfecto para capturar v\u00eddeos y fotos antes y despu\u00e9s de los eventos<\/p>\n<div class=\"flex-1\">\n<div class=\"text-center md:text-left mb-4 md:mb-0 md:pl-6 lg:pl-12 md:mr-6\">\n<div class=\"font-oswald font-semibold text-2xl lg:text-3.5xl mb-4 uppercase\"><strong>Datos cuando los necesite<\/strong><\/div>\n<div class=\"lg:text-2xl\">\n<p>Env\u00edo de v\u00eddeos y fotos a un servidor dedicado peri\u00f3dicamente o a petici\u00f3n en los escenarios elegidos<\/p>\n<\/div>\n<div class=\"flex-1\">\n<div class=\"text-center md:text-left mb-4 md:mb-0 md:pr-6 lg:pr-12 md:ml-6\">\n<div class=\"font-oswald font-semibold text-2xl lg:text-3.5xl mb-4 uppercase\"><strong>Entrega r\u00e1pida de archivos de v\u00eddeo<\/strong><\/div>\n<div class=\"lg:text-2xl\">\n<p>La doble c\u00e1mara admite la codificaci\u00f3n de v\u00eddeo de alta eficiencia H265 para transmitir archivos de alta calidad a gran velocidad<\/p>\n<\/div>\n<p>&nbsp;<\/p>\n<\/div>\n<\/div>\n<\/div>\n<\/div>\n<\/div>\n<\/div>\n<\/div>\n<\/div>\n<\/div>\n<\/div>\n","protected":false},"featured_media":17933,"template":"","meta":{"content-type":"","_monsterinsights_skip_tracking":false,"_monsterinsights_sitenote_active":false,"_monsterinsights_sitenote_note":"","_monsterinsights_sitenote_category":0},"product_brand":[],"product_cat":[74],"product_tag":[173,330,228,245,28,239],"class_list":{"0":"post-17932","1":"product","2":"type-product","3":"status-publish","4":"has-post-thumbnail","6":"product_cat-teltonika","7":"product_tag-camara","8":"product_tag-camara-cabina","9":"product_tag-dispositivo-de-rastreo","10":"product_tag-dispositivo-gps","11":"product_tag-gps","12":"product_tag-teltonika","13":"grve-entry-item","15":"first","16":"instock","17":"taxable","18":"shipping-taxable","19":"purchasable","20":"product-type-simple"},"_links":{"self":[{"href":"https:\/\/www.emprenet.com.mx\/es\/wp-json\/wp\/v2\/product\/17932","targetHints":{"allow":["GET"]}}],"collection":[{"href":"https:\/\/www.emprenet.com.mx\/es\/wp-json\/wp\/v2\/product"}],"about":[{"href":"https:\/\/www.emprenet.com.mx\/es\/wp-json\/wp\/v2\/types\/product"}],"wp:featuredmedia":[{"embeddable":true,"href":"https:\/\/www.emprenet.com.mx\/es\/wp-json\/wp\/v2\/media\/17933"}],"wp:attachment":[{"href":"https:\/\/www.emprenet.com.mx\/es\/wp-json\/wp\/v2\/media?parent=17932"}],"wp:term":[{"taxonomy":"product_brand","embeddable":true,"href":"https:\/\/www.emprenet.com.mx\/es\/wp-json\/wp\/v2\/product_brand?post=17932"},{"taxonomy":"product_cat","embeddable":true,"href":"https:\/\/www.emprenet.com.mx\/es\/wp-json\/wp\/v2\/product_cat?post=17932"},{"taxonomy":"product_tag","embeddable":true,"href":"https:\/\/www.emprenet.com.mx\/es\/wp-json\/wp\/v2\/product_tag?post=17932"}],"curies":[{"name":"wp","href":"https:\/\/api.w.org\/{rel}","templated":true}]}}