{"id":18190,"date":"2025-01-17T22:46:24","date_gmt":"2025-01-17T22:46:24","guid":{"rendered":"https:\/\/www.emprenet.com.mx\/?post_type=product&#038;p=18190"},"modified":"2025-10-01T18:59:44","modified_gmt":"2025-10-01T18:59:44","slug":"vl110c","status":"publish","type":"product","link":"https:\/\/www.emprenet.com.mx\/es\/tienda\/jimiiot\/vl110c\/","title":{"rendered":"VL110C"},"content":{"rendered":"<table>\n<tbody>\n<tr>\n<td class=\"ty_SPECIFICATIONS_title_bk\" colspan=\"2\" width=\"506\"><strong><b>Posicionamiento y Ubicaci\u00f3n<\/b><\/strong><\/td>\n<\/tr>\n<tr>\n<td width=\"277\">Tecnolog\u00eda<\/td>\n<td width=\"229\">GPS, BDS, GLONASS, LBS<\/td>\n<\/tr>\n<tr>\n<td width=\"277\">Precisi\u00f3n<\/td>\n<td width=\"229\">&lt;2.5m CEP<\/td>\n<\/tr>\n<tr>\n<td width=\"277\">Sensibilidad de seguimiento<\/td>\n<td width=\"229\">\u2013165dBm<\/td>\n<\/tr>\n<tr>\n<td width=\"277\">Sensibilidad de adquisici\u00f3n<\/td>\n<td width=\"229\">\u2013148dBm<\/td>\n<\/tr>\n<tr>\n<td width=\"277\">TTFF (open sky)<\/td>\n<td width=\"229\">Promedio de inicio en caliente \u2264\u00a02s<br \/>\nPromedio de inicio en fr\u00edo \u2264\u00a038s<\/td>\n<\/tr>\n<tr>\n<td class=\"ty_SPECIFICATIONS_title_bk\" colspan=\"2\" width=\"506\"><strong><b>Celular<\/b><\/strong><\/td>\n<\/tr>\n<tr>\n<td width=\"277\">Tecnolog\u00eda<\/td>\n<td width=\"229\">LTE Cat 1 &amp; GSM<\/td>\n<\/tr>\n<tr>\n<td width=\"277\">Frecuencia<\/td>\n<td width=\"229\">VL110C_EM:<br \/>\nLTE-FDD: B1\/B3\/B7\/B8\/B20\/B28<br \/>\nLTE-TDD: B34\/B38\/B39\/B40\/B41<br \/>\nGSM: B2\/B3\/B5\/B8VL110C_LA:<br \/>\nLTE-FDD: B1\/B2\/B3\/B4\/B5\/B7\/B8\/B28<br \/>\nGSM: B2\/B3\/B5\/B8<\/td>\n<\/tr>\n<tr>\n<td class=\"ty_SPECIFICATIONS_title_bk\" colspan=\"2\" width=\"506\"><strong><b>Alimentaci\u00f3n<\/b><\/strong><\/td>\n<\/tr>\n<tr>\n<td width=\"277\">Bater\u00eda<\/td>\n<td width=\"229\">Bater\u00eda Li-Pol\u00edmero de grado industrial de 270mAh\/3.7V<\/td>\n<\/tr>\n<tr>\n<td width=\"277\">Voltaje de entrada<\/td>\n<td width=\"229\">9\u201390VDC<\/td>\n<\/tr>\n<tr>\n<td width=\"277\">Consumo de energ\u00eda<\/td>\n<td width=\"229\">En espera: &lt;5mA<\/td>\n<\/tr>\n<tr>\n<td class=\"ty_SPECIFICATIONS_title_bk\" colspan=\"2\" width=\"506\"><strong><b>Entorno de operaci\u00f3n<\/b><\/strong><\/td>\n<\/tr>\n<tr>\n<td width=\"277\">Temperatura de funcionamiento<\/td>\n<td width=\"229\">\u201320\u00b0C a +70\u00b0C<\/td>\n<\/tr>\n<tr>\n<td width=\"277\">Humedad de funcionamiento<\/td>\n<td width=\"229\">5% a 95%, sin condensaci\u00f3n<\/td>\n<\/tr>\n<tr>\n<td width=\"277\">\u00a0IP Clasificaci\u00f3n<\/td>\n<td width=\"229\">IP65<\/td>\n<\/tr>\n<tr>\n<td class=\"ty_SPECIFICATIONS_title_bk\" colspan=\"2\" width=\"506\"><strong><b>Especificaciones f\u00edsicas<\/b><\/strong><\/td>\n<\/tr>\n<tr>\n<td width=\"277\">Dimensiones<\/td>\n<td width=\"229\">94(L)*34(W)*15(H)mm<\/td>\n<\/tr>\n<tr>\n<td width=\"277\">Peso<\/td>\n<td width=\"229\">44g<\/td>\n<\/tr>\n<tr>\n<td class=\"ty_SPECIFICATIONS_title_bk\" colspan=\"2\" width=\"506\"><strong><b>Interfaz<\/b><\/strong><\/td>\n<\/tr>\n<tr>\n<td width=\"277\">Indicaci\u00f3n LED<\/td>\n<td width=\"229\">GNSS (Azul), Celular (Verde), Energ\u00eda (Rojo)<\/td>\n<\/tr>\n<tr>\n<td width=\"277\">SIM<\/td>\n<td width=\"229\">Nano-SIM<\/td>\n<\/tr>\n<tr>\n<td width=\"277\">Entradas\/Salidas Digitales<\/td>\n<td width=\"229\">1*ACC, 1*Rel\u00e9<\/td>\n<\/tr>\n<tr>\n<td width=\"277\">Entradas\/Salidas Anal\u00f3gicas<\/td>\n<td width=\"229\">N\/A<\/td>\n<\/tr>\n<tr>\n<td width=\"277\">Detecci\u00f3n de voltaje<\/td>\n<td width=\"229\">N\/A<\/td>\n<\/tr>\n<tr>\n<td width=\"277\">Almacenamiento de datos<\/td>\n<td width=\"229\">M\u00e1s de 3000 entradas de datos GNSS<\/td>\n<\/tr>\n<tr>\n<td width=\"277\">USB<\/td>\n<td width=\"229\">Tipo-C (para actualizaci\u00f3n de firmware)<\/td>\n<\/tr>\n<tr>\n<td width=\"277\">Micr\u00f3fono<\/td>\n<td width=\"229\">N\/A<\/td>\n<\/tr>\n<tr>\n<td width=\"277\">N\u00famero de rel\u00e9s<\/td>\n<td width=\"229\">N\/A<\/td>\n<\/tr>\n<tr>\n<td width=\"277\">Antena GNSS<\/td>\n<td width=\"229\">Interna<\/td>\n<\/tr>\n<tr>\n<td width=\"277\">Antena Bluetooth<\/td>\n<td width=\"229\">N\/A<\/td>\n<\/tr>\n<tr>\n<td width=\"277\">Puertos seriales<\/td>\n<td width=\"229\">N\/A<\/td>\n<\/tr>\n<tr>\n<td class=\"ty_SPECIFICATIONS_title_bk\" colspan=\"2\" width=\"506\"><strong><b>Caracter\u00edstica<\/b><\/strong><\/td>\n<\/tr>\n<tr>\n<td width=\"277\">Sensores<\/td>\n<td width=\"229\">Aceler\u00f3metro<\/td>\n<\/tr>\n<tr>\n<td width=\"277\">Escenarios<\/td>\n<td width=\"229\">Alerta de movimiento del veh\u00edculo, Alerta de exceso de velocidad, Entrada\/salida de geocercas, Detecci\u00f3n de bater\u00eda del veh\u00edculo, Detecci\u00f3n de interferencia LTE, Detecci\u00f3n de interferencia GPS<\/td>\n<\/tr>\n<tr>\n<td width=\"277\">An\u00e1lisis del comportamiento de conducci\u00f3n (DBA)<\/td>\n<td width=\"229\">Aceleraci\u00f3n brusca, Frenado brusco, Giro brusco, Colisi\u00f3n<\/td>\n<\/tr>\n<tr>\n<td width=\"277\">Bluetooth<\/td>\n<td width=\"229\">N\/A<\/td>\n<\/tr>\n<tr>\n<td width=\"277\">Soporte de configuraci\u00f3n<\/td>\n<td width=\"229\">SMS, Herramientas de PC, Tracksolid Pro, Tipo-C<\/td>\n<\/tr>\n<tr>\n<td width=\"277\">Certificaci\u00f3n<\/td>\n<td width=\"229\">CE\/FCC\/RoHS<\/td>\n<\/tr>\n<\/tbody>\n<\/table>\n","protected":false},"excerpt":{"rendered":"<p><a href=\"https:\/\/www.emprenet.com.mx\/wp-content\/uploads\/2025\/01\/VL110C-Folleto-1.pdf\"><strong>Consulta la ficha t\u00e9cnica al dar clic aqu\u00ed<\/strong><\/a><\/p>\n<p>*Precio en usd + iva*<\/p>\n<p>El VL110C es un terminal GNSS vehicular compacto 4G LTE dise\u00f1ado para la gesti\u00f3n de veh\u00edculos de todo tipo. Su amplio rango de voltaje de entrada de 9-90V es compatible con casi todos los veh\u00edculos. La comunicaci\u00f3n LTE con retroceso a GSM (2G) garantiza una conexi\u00f3n estable en casi todos los casos. Es un rastreador perfecto para una amplia gama de casos de uso, como la recuperaci\u00f3n de veh\u00edculos robados y la gesti\u00f3n de motocicletas, autom\u00f3viles de pasajeros y veh\u00edculos comerciales ligeros.<\/p>\n<div class=\"elementor-element elementor-element-0d7838f elementor-widget__width-initial elementor-widget elementor-widget-heading\" data-id=\"0d7838f\" data-element_type=\"widget\" data-widget_type=\"heading.default\">\n<div class=\"elementor-widget-container\">\n<ul>\n<li><strong>LTE &amp; GSM Red<br \/>\n<\/strong>Comunicaci\u00f3n a trav\u00e9s de redes 4G LTE con retroceso a 2G GSM.<\/li>\n<\/ul>\n<div class=\"elementor-widget-container\">\n<ul>\n<li class=\"elementor-heading-title elementor-size-default\"><strong>Voltaje de Operaci\u00f3n 9-90V<br \/>\n<\/strong>El amplio rango de voltaje de operaci\u00f3n es adecuado para una gran variedad de veh\u00edculos, incluyendo equipos industriales, scooters, carros de golf, y m\u00e1s.<\/li>\n<\/ul>\n<\/div>\n<\/div>\n<\/div>\n<div class=\"elementor-element elementor-element-3d6ced6 elementor-widget__width-initial elementor-widget elementor-widget-heading\" data-id=\"3d6ced6\" data-element_type=\"widget\" data-widget_type=\"heading.default\">\n<div class=\"elementor-widget-container\">\n<div>\n<div class=\"elementor-element elementor-element-09226e7 elementor-widget__width-initial elementor-widget elementor-widget-heading\" data-id=\"09226e7\" data-element_type=\"widget\" data-widget_type=\"heading.default\">\n<div class=\"elementor-widget-container\">\n<div>\n<div class=\"elementor-element elementor-element-57e93d4 elementor-widget__width-initial elementor-widget elementor-widget-heading\" data-id=\"57e93d4\" data-element_type=\"widget\" data-widget_type=\"heading.default\">\n<div class=\"elementor-widget-container\">\n<ul>\n<li><strong>Resistencia al Agua y al Polvo IP65<br \/>\n<\/strong>Dise\u00f1o robusto que garantiza un rendimiento \u00f3ptimo continuo, incluso en las condiciones m\u00e1s duras.<\/li>\n<\/ul>\n<div class=\"elementor-widget-container\">\n<div>\n<div class=\"elementor-element elementor-element-ee3a5e4 elementor-widget__width-initial elementor-widget elementor-widget-heading\" data-id=\"ee3a5e4\" data-element_type=\"widget\" data-widget_type=\"heading.default\">\n<div class=\"elementor-widget-container\">\n<ul>\n<li><strong>Corte Remoto (Combustible\/Energ\u00eda)<br \/>\n<\/strong>Inmoviliza un veh\u00edculo cortando su fuente de energ\u00eda o suministro de combustible mediante un rel\u00e9 instalado.<\/li>\n<\/ul>\n<div class=\"elementor-widget-container\">\n<div class=\"elementor-heading-title elementor-size-default\">\n<div class=\"elementor-element elementor-element-a6623eb elementor-widget__width-initial elementor-widget elementor-widget-heading\" data-id=\"a6623eb\" data-element_type=\"widget\" data-widget_type=\"heading.default\">\n<div class=\"elementor-widget-container\">\n<ul>\n<li><strong>Protecci\u00f3n de la Bater\u00eda del Veh\u00edculo<\/strong>\n<div class=\"elementor-heading-title elementor-size-default\">Se desconecta de la fuente de energ\u00eda del veh\u00edculo y opera con su bater\u00eda interna cuando el dispositivo detecta que la bater\u00eda del veh\u00edculo ha ca\u00eddo a un nivel cr\u00edtico.<\/div>\n<\/li>\n<\/ul>\n<div>\n<div class=\"elementor-element elementor-element-bc3058b elementor-widget__width-initial elementor-widget elementor-widget-heading\" data-id=\"bc3058b\" data-element_type=\"widget\" data-widget_type=\"heading.default\">\n<div class=\"elementor-widget-container\">\n<div><\/div>\n<ul>\n<li class=\"elementor-heading-title elementor-size-default\"><strong>Detecci\u00f3n de Jammer Interferencia GNSS\/LTE<\/strong>\n<div class=\"elementor-widget-container\">\n<div class=\"elementor-heading-title elementor-size-default\">Emite una alarma, desencadena un rel\u00e9 para el control de corte de combustible y energ\u00eda despu\u00e9s de detectar interferencias GNSS\/LTE (configurable mediante comandos).<\/div>\n<\/div>\n<\/li>\n<\/ul>\n<\/div>\n<\/div>\n<\/div>\n<\/div>\n<\/div>\n<\/div>\n<\/div>\n<\/div>\n<\/div>\n<\/div>\n<\/div>\n<\/div>\n<\/div>\n<\/div>\n<\/div>\n<\/div>\n<\/div>\n<\/div>\n<\/div>\n","protected":false},"featured_media":18191,"template":"","meta":{"content-type":"","_monsterinsights_skip_tracking":false,"_monsterinsights_sitenote_active":false,"_monsterinsights_sitenote_note":"","_monsterinsights_sitenote_category":0},"product_brand":[],"product_cat":[99],"product_tag":[254,228,245,28,171,221],"class_list":{"0":"post-18190","1":"product","2":"type-product","3":"status-publish","4":"has-post-thumbnail","6":"product_cat-jimiiot","7":"product_tag-compacto","8":"product_tag-dispositivo-de-rastreo","9":"product_tag-dispositivo-gps","10":"product_tag-gps","11":"product_tag-jimi-iot","12":"product_tag-vehiculo","13":"grve-entry-item","15":"first","16":"instock","17":"taxable","18":"shipping-taxable","19":"purchasable","20":"product-type-simple"},"_links":{"self":[{"href":"https:\/\/www.emprenet.com.mx\/es\/wp-json\/wp\/v2\/product\/18190","targetHints":{"allow":["GET"]}}],"collection":[{"href":"https:\/\/www.emprenet.com.mx\/es\/wp-json\/wp\/v2\/product"}],"about":[{"href":"https:\/\/www.emprenet.com.mx\/es\/wp-json\/wp\/v2\/types\/product"}],"wp:featuredmedia":[{"embeddable":true,"href":"https:\/\/www.emprenet.com.mx\/es\/wp-json\/wp\/v2\/media\/18191"}],"wp:attachment":[{"href":"https:\/\/www.emprenet.com.mx\/es\/wp-json\/wp\/v2\/media?parent=18190"}],"wp:term":[{"taxonomy":"product_brand","embeddable":true,"href":"https:\/\/www.emprenet.com.mx\/es\/wp-json\/wp\/v2\/product_brand?post=18190"},{"taxonomy":"product_cat","embeddable":true,"href":"https:\/\/www.emprenet.com.mx\/es\/wp-json\/wp\/v2\/product_cat?post=18190"},{"taxonomy":"product_tag","embeddable":true,"href":"https:\/\/www.emprenet.com.mx\/es\/wp-json\/wp\/v2\/product_tag?post=18190"}],"curies":[{"name":"wp","href":"https:\/\/api.w.org\/{rel}","templated":true}]}}