{"id":1993,"date":"2021-10-18T18:12:09","date_gmt":"2021-10-18T18:12:09","guid":{"rendered":"https:\/\/www.emprenet.com.mx\/?post_type=product&#038;p=1993"},"modified":"2025-10-22T18:50:04","modified_gmt":"2025-10-22T18:50:04","slug":"fmc130","status":"publish","type":"product","link":"https:\/\/www.emprenet.com.mx\/es\/tienda\/teltonika\/fmc130\/","title":{"rendered":"FMC-130"},"content":{"rendered":"<p><strong>*PREGUNTA POR EL DISPOSITIVO FMC-130 SIN BLUETOOTH *<\/strong><\/p>\n","protected":false},"excerpt":{"rendered":"<h3>Ver: <a href=\"https:\/\/www.emprenet.com.mx\/wp-content\/uploads\/2021\/10\/FMC130.pdf\">Ficha t\u00e9cnica FMC130<\/a><\/h3>\n<p>El recientemente presentado FMC130 es un peque\u00f1o dispositivo de la serie AVANZADO con cobertura de red 4G (LTE Cat 1) que incluye compatibilidad de respaldo 3G (UMTS), 2G (GSM). Viene equipado con GNSS interno, antenas LTE, entradas configurables digitales \/ anal\u00f3gicas \/ negativas e impulso, tres salidas DOUT, conectividad Bluetooth y bater\u00eda de respaldo.<\/p>\n<p>FMC130 desarrollado en la plataforma FMB Teltonika existente, por lo tanto, mantiene todas las funcionalidades de FMB130 y se basa en ellas con su cobertura de conectividad l\u00edder en la industria.<\/p>\n<p>Para empezar, el FMC130 presenta una entrada negativa que le permite ahorrar un valioso tiempo de integraci\u00f3n al conectar accesorios como el sensor de las puertas del veh\u00edculo, los botones de alarma, la detecci\u00f3n del cintur\u00f3n de seguridad y otros sensores o accesorios similares.<\/p>\n<p>Adem\u00e1s, el dispositivo tiene una posibilidad integrada de habilitar la entrada de impulso para la lectura precisa de datos del medidor de flujo de combustible. El monitoreo del uso de combustible basado en impulsos es mucho m\u00e1s preciso que un tipo diferente de sensores de medici\u00f3n de combustible y hace que el FMC130 sea una soluci\u00f3n perfecta para m\u00e1quinas de alto consumo de combustible como gr\u00faas, veh\u00edculos de construcci\u00f3n, m\u00e1quinas de miner\u00eda, equipos agr\u00edcolas.<\/p>\n<p>Las entradas programables, 3 escenarios DOUT configurables diferentes (inmovilizador, zumbador, luces de alarma, cerradura de puerta y otros escenarios) junto con compatibilidad 4G (LTE Cat 1), incluida la compatibilidad de respaldo 3G (UMTS) y 2G (GSM) hacen que este sea uno de nuestros m\u00e1s dispositivos flexibles siempre.<\/p>\n","protected":false},"featured_media":1406,"template":"","meta":{"content-type":"","_monsterinsights_skip_tracking":false,"_monsterinsights_sitenote_active":false,"_monsterinsights_sitenote_note":"","_monsterinsights_sitenote_category":0},"product_brand":[],"product_cat":[74],"product_tag":[321,28,176,239],"class_list":{"0":"post-1993","1":"product","2":"type-product","3":"status-publish","4":"has-post-thumbnail","6":"product_cat-teltonika","7":"product_tag-fmc130","8":"product_tag-gps","9":"product_tag-mas-vendidos","10":"product_tag-teltonika","11":"grve-entry-item","13":"first","14":"instock","15":"taxable","16":"shipping-taxable","17":"purchasable","18":"product-type-simple"},"_links":{"self":[{"href":"https:\/\/www.emprenet.com.mx\/es\/wp-json\/wp\/v2\/product\/1993","targetHints":{"allow":["GET"]}}],"collection":[{"href":"https:\/\/www.emprenet.com.mx\/es\/wp-json\/wp\/v2\/product"}],"about":[{"href":"https:\/\/www.emprenet.com.mx\/es\/wp-json\/wp\/v2\/types\/product"}],"wp:featuredmedia":[{"embeddable":true,"href":"https:\/\/www.emprenet.com.mx\/es\/wp-json\/wp\/v2\/media\/1406"}],"wp:attachment":[{"href":"https:\/\/www.emprenet.com.mx\/es\/wp-json\/wp\/v2\/media?parent=1993"}],"wp:term":[{"taxonomy":"product_brand","embeddable":true,"href":"https:\/\/www.emprenet.com.mx\/es\/wp-json\/wp\/v2\/product_brand?post=1993"},{"taxonomy":"product_cat","embeddable":true,"href":"https:\/\/www.emprenet.com.mx\/es\/wp-json\/wp\/v2\/product_cat?post=1993"},{"taxonomy":"product_tag","embeddable":true,"href":"https:\/\/www.emprenet.com.mx\/es\/wp-json\/wp\/v2\/product_tag?post=1993"}],"curies":[{"name":"wp","href":"https:\/\/api.w.org\/{rel}","templated":true}]}}