{"id":21538,"date":"2025-10-16T23:12:36","date_gmt":"2025-10-16T23:12:36","guid":{"rendered":"https:\/\/www.emprenet.com.mx\/?post_type=product&#038;p=21538"},"modified":"2025-10-16T23:12:36","modified_gmt":"2025-10-16T23:12:36","slug":"jc182","status":"publish","type":"product","link":"https:\/\/www.emprenet.com.mx\/es\/tienda\/jimiiot\/jc182\/","title":{"rendered":"JC182"},"content":{"rendered":"<table>\n<tbody>\n<tr>\n<td class=\"ty_SPECIFICATIONS_title_bk\" width=\"143\"><strong><b>Cellular<\/b><\/strong><\/td>\n<td width=\"340\"><\/td>\n<\/tr>\n<tr>\n<td>Technology<\/td>\n<td width=\"340\">4G LTE Cat 1<\/td>\n<\/tr>\n<tr>\n<td>Frequency<\/td>\n<td width=\"340\">JC182-LA:&nbsp;<\/p>\n<p>LTE-FDD: B1\/B2\/B3\/B4\/B5\/B7\/B8\/B28<\/p>\n<p>JC182-EU:<\/p>\n<p>LTE-FDD: B1\/B3\/B7\/B8\/B20\/B28;<\/p>\n<p>LTE-FDD: B34\/B38\/B39\/B40\/B41<\/td>\n<\/tr>\n<tr>\n<td class=\"ty_SPECIFICATIONS_title_bk\" width=\"143\"><strong><b>Interface<\/b><\/strong><\/td>\n<td width=\"340\"><\/td>\n<\/tr>\n<tr>\n<td>LED indication<\/td>\n<td width=\"340\">Red (Power), Blue (Cellular), Green (GNSS)<\/td>\n<\/tr>\n<tr>\n<td>SIM<\/td>\n<td width=\"340\">Nano-SIM<\/td>\n<\/tr>\n<tr>\n<td>External memory<\/td>\n<td width=\"340\">TF card (up to 512GB)<\/td>\n<\/tr>\n<tr>\n<td>USB<\/td>\n<td width=\"340\">Type-C<\/td>\n<\/tr>\n<tr>\n<td>WiFi<\/td>\n<td width=\"340\">2.4GHz, Support WiFi Direct<\/td>\n<\/tr>\n<tr>\n<td>Microphone<\/td>\n<td width=\"340\">Support<\/td>\n<\/tr>\n<tr>\n<td>Speaker<\/td>\n<td width=\"340\">Support<\/td>\n<\/tr>\n<tr>\n<td>Sensor<\/td>\n<td width=\"340\">3-Axis accelerometer<\/td>\n<\/tr>\n<tr>\n<td class=\"ty_SPECIFICATIONS_title_bk\" width=\"143\"><strong><b>GNSS<\/b><\/strong><\/td>\n<td width=\"340\"><\/td>\n<\/tr>\n<tr>\n<td>Positioning system<\/td>\n<td width=\"340\">GPS, BDS, AGPS<\/td>\n<\/tr>\n<tr>\n<td class=\"ty_SPECIFICATIONS_title_bk\" width=\"143\"><strong><b>Camera<\/b><\/strong><\/td>\n<td width=\"340\"><\/td>\n<\/tr>\n<tr>\n<td>Front camera (main)<\/td>\n<td width=\"340\">2560\u00d71440 \/ 25FPS \/ F2.4 \/ Full color \/ 110\u00b0 (HFoV)<\/td>\n<\/tr>\n<tr>\n<td>Video format<\/td>\n<td width=\"340\">.ts<\/td>\n<\/tr>\n<tr>\n<td class=\"ty_SPECIFICATIONS_title_bk\" width=\"143\"><strong><b>Power<\/b><\/strong><\/td>\n<td width=\"340\"><\/td>\n<\/tr>\n<tr>\n<td>Input voltage<\/td>\n<td width=\"340\">DC 9\u201330V<\/td>\n<\/tr>\n<tr>\n<td class=\"ty_SPECIFICATIONS_title_bk\" width=\"143\"><strong><b>Operating environment<\/b><\/strong><\/td>\n<td width=\"340\"><\/td>\n<\/tr>\n<tr>\n<td>Operating temperature<\/td>\n<td width=\"340\">\u201320\u00b0C to +65\u00b0C<\/td>\n<\/tr>\n<tr>\n<td>Storage temperature<\/td>\n<td width=\"340\">\u201330\u00b0C to +85\u00b0C<\/td>\n<\/tr>\n<tr>\n<td class=\"ty_SPECIFICATIONS_title_bk\" width=\"143\"><strong><b>Physical specification<\/b><\/strong><\/td>\n<td width=\"340\"><\/td>\n<\/tr>\n<tr>\n<td>Dimensions<\/td>\n<td width=\"340\">70.0 x 60.0 x 34.0mm<\/td>\n<\/tr>\n<tr>\n<td>Weight<\/td>\n<td width=\"340\">110g<\/td>\n<\/tr>\n<tr>\n<td class=\"ty_SPECIFICATIONS_title_bk\" width=\"143\"><strong><b>Feature<\/b><\/strong><\/td>\n<td width=\"340\"><\/td>\n<\/tr>\n<tr>\n<td>Configuration support<\/td>\n<td width=\"340\">APP, Memory card<\/td>\n<\/tr>\n<tr>\n<td>Firmware update<\/td>\n<td width=\"340\">USB Cable, Memory card, OTA<\/td>\n<\/tr>\n<tr>\n<td>Certification<\/td>\n<td width=\"340\">CE, FCC<\/td>\n<\/tr>\n<tr>\n<td class=\"ty_SPECIFICATIONS_title_bk\" width=\"143\"><strong><b>Standard Packing<\/b><\/strong><\/td>\n<td width=\"340\"><\/td>\n<\/tr>\n<tr>\n<td>JC182 unit<\/td>\n<td width=\"340\">1<\/td>\n<\/tr>\n<tr>\n<td>Screws<\/td>\n<td width=\"340\">2<\/td>\n<\/tr>\n<tr>\n<td>Screwdriver<\/td>\n<td width=\"340\">1<\/td>\n<\/tr>\n<tr>\n<td class=\"ty_SPECIFICATIONS_title_bk\" width=\"143\"><strong><b>Optional Configuration*<\/b><\/strong><\/td>\n<td width=\"340\"><\/td>\n<\/tr>\n<tr>\n<td colspan=\"2\">N\/A<\/td>\n<\/tr>\n<\/tbody>\n<\/table>\n<p>* Optional Configuration required to be customized or purchased separately.<br \/>\n** We reserve the right to the final interpretation of this page. All information is for reference only and is subject to change without further notice.<\/p>\n","protected":false},"excerpt":{"rendered":"<h1><a href=\"https:\/\/www.emprenet.com.mx\/wp-content\/uploads\/2025\/09\/JC182en-20250819.pdf\">Consulta la ficha t\u00e9cnica aqu\u00ed<\/a><\/h1>\n<p>*Precio en USD + IVA* CONSULTA CON TU EJECUTIVO<\/p>\n<p>La JC182, dise\u00f1ada para autom\u00f3viles privados, es una c\u00e1mara orientada a la carretera que integra funciones de posicionamiento y v\u00eddeo.Sus m\u00f3dulos internos 4G y GNSS permiten informes de ubicaci\u00f3n en tiempo real y grabaci\u00f3n continua de sus unidades.Con una aplicaci\u00f3n designada, puede aprovechar estos datos para encontrar autos estacionados sin esfuerzo en \u00e1reas concurridas, rastrear veh\u00edculos mientras viaja y configurar alertas de cercas para notificar posibles robos.Adem\u00e1s, la aplicaci\u00f3n tambi\u00e9n puede proporcionar pruebas valiosas en el acto en caso de accidentes, mejorando la seguridad general de su veh\u00edculo.<\/p>\n","protected":false},"featured_media":21350,"template":"","meta":{"content-type":"","_monsterinsights_skip_tracking":false,"_monsterinsights_sitenote_active":false,"_monsterinsights_sitenote_note":"","_monsterinsights_sitenote_category":0},"product_brand":[],"product_cat":[99],"product_tag":[194,173,254,178,28,171],"class_list":{"0":"post-21538","1":"product","2":"type-product","3":"status-publish","4":"has-post-thumbnail","6":"product_cat-jimiiot","7":"product_tag-cabina","8":"product_tag-camara","9":"product_tag-compacto","10":"product_tag-dashcam","11":"product_tag-gps","12":"product_tag-jimi-iot","13":"grve-entry-item","15":"first","16":"instock","17":"taxable","18":"shipping-taxable","19":"purchasable","20":"product-type-simple"},"_links":{"self":[{"href":"https:\/\/www.emprenet.com.mx\/es\/wp-json\/wp\/v2\/product\/21538","targetHints":{"allow":["GET"]}}],"collection":[{"href":"https:\/\/www.emprenet.com.mx\/es\/wp-json\/wp\/v2\/product"}],"about":[{"href":"https:\/\/www.emprenet.com.mx\/es\/wp-json\/wp\/v2\/types\/product"}],"wp:featuredmedia":[{"embeddable":true,"href":"https:\/\/www.emprenet.com.mx\/es\/wp-json\/wp\/v2\/media\/21350"}],"wp:attachment":[{"href":"https:\/\/www.emprenet.com.mx\/es\/wp-json\/wp\/v2\/media?parent=21538"}],"wp:term":[{"taxonomy":"product_brand","embeddable":true,"href":"https:\/\/www.emprenet.com.mx\/es\/wp-json\/wp\/v2\/product_brand?post=21538"},{"taxonomy":"product_cat","embeddable":true,"href":"https:\/\/www.emprenet.com.mx\/es\/wp-json\/wp\/v2\/product_cat?post=21538"},{"taxonomy":"product_tag","embeddable":true,"href":"https:\/\/www.emprenet.com.mx\/es\/wp-json\/wp\/v2\/product_tag?post=21538"}],"curies":[{"name":"wp","href":"https:\/\/api.w.org\/{rel}","templated":true}]}}