{"id":3016,"date":"2022-04-01T18:41:48","date_gmt":"2022-04-01T18:41:48","guid":{"rendered":"https:\/\/www.emprenet.com.mx\/?post_type=product&#038;p=3016"},"modified":"2025-05-28T17:22:31","modified_gmt":"2025-05-28T17:22:31","slug":"dr200-rfid-card-reader-kit","status":"publish","type":"product","link":"https:\/\/www.emprenet.com.mx\/es\/tienda\/queclink\/dr200-rfid-card-reader-kit\/","title":{"rendered":"DR200 RFID card reader KIT"},"content":{"rendered":"<table width=\"100%\">\n<tbody>\n<tr>\n<td width=\"30%\"><strong>Dimensiones<\/strong><\/td>\n<td width=\"70%\">95 \u00d7 60 \u00d7 12mm<br \/>\n3.74\u201d (L) \u00d7 2.36\u201d(W) \u00d7 0.47\u201d(H)<\/td>\n<\/tr>\n<tr>\n<td width=\"30%\"><strong>Peso<\/strong><\/td>\n<td width=\"70%\">78g (2.75oz)<\/td>\n<\/tr>\n<tr>\n<td width=\"30%\"><strong>Tensi\u00f3n de funcionamiento<\/strong><\/td>\n<td width=\"70%\">7V~32V DC<\/td>\n<\/tr>\n<tr>\n<td width=\"30%\"><strong>Corriente durante reposo<\/strong><\/td>\n<td width=\"70%\">&lt; 6 mA @12V<\/td>\n<\/tr>\n<tr>\n<td width=\"30%\"><strong>Temperatura de funcionamiento<\/strong><\/td>\n<td width=\"70%\">-20\u2103~+80\u2103<\/td>\n<\/tr>\n<tr>\n<td width=\"30%\"><strong>Temperatura de almacenamiento<\/strong><\/td>\n<td width=\"70%\">-20\u2103~+85\u2103<\/td>\n<\/tr>\n<tr>\n<td width=\"30%\"><strong>Frecuencia<\/strong><\/td>\n<td width=\"70%\">13.56 MHz| 125KHz<\/td>\n<\/tr>\n<tr>\n<td width=\"30%\"><strong>Est\u00e1ndares y transpondedores RF compatibles<\/strong><\/td>\n<td width=\"70%\">MIFARE: MIFARE Mini, MIFARE Ultralight, MIFARE DESFire EV1, MIFARE Plus, MIFARE ONE (S50), MIFARE ONE (S70), MIFARE Pro (X)<\/p>\n<p>LEGIC: Tarjeta LEGIC de 4K de capacidad, Tarjeta LEGIC de 2K de capacidad, Tarjeta LEGIC multiprotocolo, Tarjeta de Cr\u00e9dito LEGIC<\/p>\n<p>ELID: Tarjeta de proximidad ELID<\/td>\n<\/tr>\n<tr>\n<td width=\"30%\"><strong>Est\u00e1ndares<\/strong><\/td>\n<td width=\"70%\">Cumple con la norma ISO1443A y la proximidad de ELID<\/td>\n<\/tr>\n<tr>\n<td width=\"30%\"><strong>Interfaz<\/strong><\/td>\n<td width=\"70%\">Interfaz 1-Wire<\/td>\n<\/tr>\n<tr>\n<td width=\"30%\">I<strong>ndicator LED<\/strong><\/td>\n<td width=\"70%\">La luz LED roja indica encendido<br \/>\nLa luz LED parpadeando en azul tres veces indica una transmisi\u00f3n de datos exitosa<\/td>\n<\/tr>\n<tr>\n<td width=\"30%\"><strong>Zumbador<\/strong><\/td>\n<td width=\"70%\">Se activa cuando se enciende y se identifica con \u00e9xito<\/td>\n<\/tr>\n<\/tbody>\n<\/table>\n<p>Ver: <a href=\"https:\/\/www.emprenet.com.mx\/wp-content\/uploads\/2022\/04\/DR200.pdf\">Ficha t\u00e9cnica DR200<\/a><\/p>\n","protected":false},"excerpt":{"rendered":"<h3>Ver: <a href=\"https:\/\/www.emprenet.com.mx\/wp-content\/uploads\/2022\/04\/DR200.pdf\">Ficha t\u00e9cnica DR200<\/a><\/h3>\n<p>El DR200 incluye un lector RFID y dos tarjetas RFID que pueden comunicarse con los modelos de la serie Queclink GV a trav\u00e9s de la interfaz de 1-wire. Se utiliza para la identificaci\u00f3n del conductor en aplicaciones de gesti\u00f3n de flotas.Dispositivos compatibles:GV65\/GV300CAN\/GV56\/GV56RS\/GV350MG (Conexi\u00f3n 1-wire)GV300\/GV300W\/GV75\/GV75W (Conexi\u00f3n RS232 por el Queclink AC100 Kit)<\/p>\n","protected":false},"featured_media":3017,"template":"","meta":{"content-type":"","_monsterinsights_skip_tracking":false,"_monsterinsights_sitenote_active":false,"_monsterinsights_sitenote_note":"","_monsterinsights_sitenote_category":0},"product_brand":[],"product_cat":[70],"product_tag":[207,317,208,204,318,234],"class_list":{"0":"post-3016","1":"product","2":"type-product","3":"status-publish","4":"has-post-thumbnail","6":"product_cat-queclink","7":"product_tag-accesorios","8":"product_tag-dr200","9":"product_tag-kit","10":"product_tag-queclink","11":"product_tag-reader","12":"product_tag-rfid","13":"grve-entry-item","15":"first","16":"instock","17":"taxable","18":"shipping-taxable","19":"purchasable","20":"product-type-simple"},"_links":{"self":[{"href":"https:\/\/www.emprenet.com.mx\/es\/wp-json\/wp\/v2\/product\/3016","targetHints":{"allow":["GET"]}}],"collection":[{"href":"https:\/\/www.emprenet.com.mx\/es\/wp-json\/wp\/v2\/product"}],"about":[{"href":"https:\/\/www.emprenet.com.mx\/es\/wp-json\/wp\/v2\/types\/product"}],"wp:featuredmedia":[{"embeddable":true,"href":"https:\/\/www.emprenet.com.mx\/es\/wp-json\/wp\/v2\/media\/3017"}],"wp:attachment":[{"href":"https:\/\/www.emprenet.com.mx\/es\/wp-json\/wp\/v2\/media?parent=3016"}],"wp:term":[{"taxonomy":"product_brand","embeddable":true,"href":"https:\/\/www.emprenet.com.mx\/es\/wp-json\/wp\/v2\/product_brand?post=3016"},{"taxonomy":"product_cat","embeddable":true,"href":"https:\/\/www.emprenet.com.mx\/es\/wp-json\/wp\/v2\/product_cat?post=3016"},{"taxonomy":"product_tag","embeddable":true,"href":"https:\/\/www.emprenet.com.mx\/es\/wp-json\/wp\/v2\/product_tag?post=3016"}],"curies":[{"name":"wp","href":"https:\/\/api.w.org\/{rel}","templated":true}]}}