{"id":3057,"date":"2022-04-11T22:48:57","date_gmt":"2022-04-11T22:48:57","guid":{"rendered":"https:\/\/www.emprenet.com.mx\/?post_type=product&#038;p=3057"},"modified":"2025-06-04T16:31:37","modified_gmt":"2025-06-04T16:31:37","slug":"trace-5-ltm","status":"publish","type":"product","link":"https:\/\/www.emprenet.com.mx\/es\/tienda\/ruptela\/trace-5-ltm\/","title":{"rendered":"Trace 5 LTM"},"content":{"rendered":"<p><strong>Informaci\u00f3n general<\/strong><\/p>\n<ul>\n<li>2G, 4G (LTE CAT-M1\/NB-IoT) con conectividad alternativa 2G;<\/li>\n<li>4G (LTE CAT 1) con red de respaldo 2G para regiones EMEA y LATAM;<\/li>\n<li>Antena interna<\/li>\n<li>Bater\u00eda integrada<\/li>\n<li>2x salidas digitales<\/li>\n<li>2x entradas anal\u00f3gicas<\/li>\n<li>4x entradas digitales<\/li>\n<li>Interfaz mini USB<\/li>\n<li>Detecci\u00f3n de interferencias<\/li>\n<li>Tama\u00f1o: Trace5-LTM: 65 x 61 x 22 mm; Trace5-LTM-IP67: 95 x 77 x 29 mm; Trace5-LTE: 65 x 61 x 22 mm; Trace5-LTE-IP67: 95 x 77 x 29 mm<\/li>\n<\/ul>\n<p>&nbsp;<\/p>\n","protected":false},"excerpt":{"rendered":"<div class=\"page\" title=\"Page 1\">\n<div class=\"layoutArea\">\n<div class=\"column\">\n<h3>Ver: <a href=\"https:\/\/www.emprenet.com.mx\/wp-content\/uploads\/2022\/04\/EN-Trace5-Ba\u0301sico.pdf\">Ficha t\u00e9cnica Trace5<\/a><\/h3>\n<p>Trace5 es un dispositivo de localizaci\u00f3n GPS avanzado con todas las funciones esenciales para el seguimiento de veh\u00edculos y la gesti\u00f3n de flotas. Est\u00e1 dise\u00f1ado para casos de uso de log\u00edstica, entrega, servicios p\u00fablicos, alquiler de autom\u00f3viles y financiamiento de veh\u00edculos. Este dispositivo utiliza conectividad LTE Cat M1 \/NB-IoT (4G) con red de respaldo 2G; conectividad LTE CAT 1 (4G) con red de respaldo 2G para regiones EMEA y LATAM; conectividad 2G y un m\u00f3dulo GPS premium de Ublox.<\/p>\n<p>Tambi\u00e9n est\u00e1 disponible la versi\u00f3n IP67 con carcasa resistente que protege completamente el dispositivo del agua, la suciedad y factores mec\u00e1nicos. El dispositivo se puede instalar fuera de la cabina (es decir, cerca del motor) y funcionar correctamente.<\/p>\n<ul>\n<li>2G, 4G (LTE CAT-M1\/NB-IoT) con conectividad alternativa 2G;<\/li>\n<li>4G (LTE CAT 1) con red de respaldo 2G para regiones EMEA y LATAM;<\/li>\n<li>\u00a0Antena interna y bater\u00eda incorporada<\/li>\n<li>\u00a02 x salidas digitales, 4 x entradas digitales, 2 x entradas anal\u00f3gicas, 1-wire.<\/li>\n<\/ul>\n<\/div>\n<\/div>\n<\/div>\n","protected":false},"featured_media":3058,"template":"","meta":{"content-type":"","_monsterinsights_skip_tracking":false,"_monsterinsights_sitenote_active":false,"_monsterinsights_sitenote_note":"","_monsterinsights_sitenote_category":0},"product_brand":[],"product_cat":[71],"product_tag":[28,176,187],"class_list":{"0":"post-3057","1":"product","2":"type-product","3":"status-publish","4":"has-post-thumbnail","6":"product_cat-ruptela","7":"product_tag-gps","8":"product_tag-mas-vendidos","9":"product_tag-trace-5","10":"grve-entry-item","12":"first","13":"instock","14":"taxable","15":"shipping-taxable","16":"purchasable","17":"product-type-simple"},"_links":{"self":[{"href":"https:\/\/www.emprenet.com.mx\/es\/wp-json\/wp\/v2\/product\/3057","targetHints":{"allow":["GET"]}}],"collection":[{"href":"https:\/\/www.emprenet.com.mx\/es\/wp-json\/wp\/v2\/product"}],"about":[{"href":"https:\/\/www.emprenet.com.mx\/es\/wp-json\/wp\/v2\/types\/product"}],"wp:featuredmedia":[{"embeddable":true,"href":"https:\/\/www.emprenet.com.mx\/es\/wp-json\/wp\/v2\/media\/3058"}],"wp:attachment":[{"href":"https:\/\/www.emprenet.com.mx\/es\/wp-json\/wp\/v2\/media?parent=3057"}],"wp:term":[{"taxonomy":"product_brand","embeddable":true,"href":"https:\/\/www.emprenet.com.mx\/es\/wp-json\/wp\/v2\/product_brand?post=3057"},{"taxonomy":"product_cat","embeddable":true,"href":"https:\/\/www.emprenet.com.mx\/es\/wp-json\/wp\/v2\/product_cat?post=3057"},{"taxonomy":"product_tag","embeddable":true,"href":"https:\/\/www.emprenet.com.mx\/es\/wp-json\/wp\/v2\/product_tag?post=3057"}],"curies":[{"name":"wp","href":"https:\/\/api.w.org\/{rel}","templated":true}]}}