{"id":3241,"date":"2022-04-22T19:04:26","date_gmt":"2022-04-22T19:04:26","guid":{"rendered":"https:\/\/www.emprenet.com.mx\/?post_type=product&#038;p=3241"},"modified":"2025-02-12T17:55:02","modified_gmt":"2025-02-12T17:55:02","slug":"gv600wg","status":"publish","type":"product","link":"https:\/\/www.emprenet.com.mx\/es\/tienda\/queclink\/gv600wg\/","title":{"rendered":"GV600WG"},"content":{"rendered":"<p>Especificaciones UTMS\/HSPA<\/p>\n<table width=\"100%\">\n<tbody>\n<tr>\n<td width=\"30%\"><strong>Banda operativa<\/strong><\/td>\n<td width=\"70%\">UMTS\/HSPA: 850 \/900 \/ 1900 \/ 2100 MHz<\/td>\n<\/tr>\n<tr>\n<td width=\"30%\"><strong>Transmisi\u00f3n de datos<\/strong><\/td>\n<td width=\"70%\">HSPA: Max 7.2 Mbps(DL)\/Max 5.76 Mbps(UL)<br \/>\nUMTS: Max 384 Kbps(DL)\/Max 384 Kbps(UL)<\/td>\n<\/tr>\n<\/tbody>\n<\/table>\n<p>Especificaciones GSM<\/p>\n<table width=\"100%\">\n<tbody>\n<tr>\n<td width=\"30%\"><strong>Frecuencia<\/strong><\/td>\n<td width=\"70%\">GSM 850 \/ 900 \/ 1800 \/ 1900 MHz<\/td>\n<\/tr>\n<tr>\n<td width=\"30%\"><strong>Transmisi\u00f3n de datos<\/strong><\/td>\n<td width=\"70%\">Soporta GPRS multi ranura clase 33<br \/>\nApoyar EDGE multi ranura clase 33<\/td>\n<\/tr>\n<\/tbody>\n<\/table>\n<p>Especificaciones GNSS<\/p>\n<table width=\"100%\">\n<tbody>\n<tr>\n<td width=\"30%\"><strong>Tipo de receptor GNSS<\/strong><\/td>\n<td width=\"70%\">Receptor u-blox All-in-One GNSS<\/td>\n<\/tr>\n<tr>\n<td width=\"30%\"><strong>Sensibilidad<\/strong><\/td>\n<td width=\"70%\">Aut\u00f3nomo: -147 dBm<br \/>\nInicio en caliente: -156 dBm<br \/>\nReadquisici\u00f3n: -160 dBm<br \/>\nRastreo: -162 dBm<\/td>\n<\/tr>\n<tr>\n<td width=\"30%\"><strong>Precisi\u00f3n de posici\u00f3n (CEP)<\/strong><\/td>\n<td width=\"70%\">Aut\u00f3nomo: &lt; 2.5m<\/td>\n<\/tr>\n<tr>\n<td width=\"30%\"><strong>TTFF (Cielo despejado)<\/strong><\/td>\n<td width=\"70%\">Inicio en fr\u00edo: 27s promedio<br \/>\nInicio reciente: 27s promedio<br \/>\nInicio en caliente: 1s promedio<\/td>\n<\/tr>\n<\/tbody>\n<\/table>\n<p>Especificaciones generales<\/p>\n<table width=\"100%\">\n<tbody>\n<tr>\n<td width=\"30%\"><strong>Dimensiones<\/strong><\/td>\n<td width=\"70%\">135 \u00d7 62 \u00d7 38mm<br \/>\n5.31\u2019\u2019(L) \u00d7 2.44\u2019\u2019(W) \u00d7 1.50\u2019\u2019(H)<\/td>\n<\/tr>\n<tr>\n<td width=\"30%\"><strong>Peso<\/strong><\/td>\n<td width=\"70%\">320g (11.29 oz)<\/td>\n<\/tr>\n<tr>\n<td width=\"30%\"><strong>Bater\u00eda<\/strong><\/td>\n<td width=\"70%\">Li-ion, 3.7V, 5800 mAh, paquete de bater\u00edas 18650<\/td>\n<\/tr>\n<tr>\n<td width=\"30%\"><strong>Tiempo de duraci\u00f3n<\/strong><\/td>\n<td width=\"70%\">120 d\u00edas, reportar un lugar y estar en l\u00ednea 15 minutos por d\u00eda<\/td>\n<\/tr>\n<tr>\n<td width=\"30%\"><strong>Resistencia al agua<\/strong><\/td>\n<td width=\"70%\">De acuerdo al est\u00e1ndar IP67<\/td>\n<\/tr>\n<tr>\n<td width=\"30%\"><strong>Voltaje de operaci\u00f3n<\/strong><\/td>\n<td width=\"70%\">DC 8V a 32V<\/td>\n<\/tr>\n<tr>\n<td width=\"30%\"><strong>Temperatura de operaci\u00f3n<\/strong><\/td>\n<td width=\"70%\">-30\u00b0C ~ +80\u00b0C<\/td>\n<\/tr>\n<tr>\n<td width=\"30%\"><strong>Humedad de operaci\u00f3n<\/strong><\/td>\n<td width=\"70%\">0% ~ 95% sin condensaci\u00f3n<\/td>\n<\/tr>\n<tr>\n<td width=\"30%\"><strong>Mensaje de b\u00fafer<\/strong><\/td>\n<td width=\"70%\">Hasta 10.000 mensajes en el b\u00fafer de datos<\/td>\n<\/tr>\n<\/tbody>\n<\/table>\n<p>Interfaces<\/p>\n<table width=\"100%\">\n<tbody>\n<tr>\n<td width=\"30%\"><strong>Entradas digitales<\/strong><\/td>\n<td width=\"70%\">1 entrada digital positiva para la detecci\u00f3n de la ignici\u00f3n<\/td>\n<\/tr>\n<tr>\n<td width=\"30%\"><strong>Entradas anal\u00f3gicas<\/strong><\/td>\n<td width=\"70%\">1 Entrada anal\u00f3gica (0V-32V)<\/td>\n<\/tr>\n<tr>\n<td width=\"30%\"><strong>Interfaz 1-wire<\/strong><\/td>\n<td width=\"70%\">Compatible con el sensor de temperatura de 1-Wire y el identificador de conductor iButton<\/td>\n<\/tr>\n<tr>\n<td width=\"30%\"><strong>Salida de energ\u00eda<\/strong><\/td>\n<td width=\"70%\">1 salida de energ\u00eda (3.3V)<\/td>\n<\/tr>\n<tr>\n<td width=\"30%\"><strong>Entradas\/salidas configurables<\/strong><\/td>\n<td width=\"70%\">4 entradas digitales negativas para uso com\u00fan, o<br \/>\n4 salidas de descarga abiertas con una corriente de accionamiento m\u00e1xima de 150 mA<\/td>\n<\/tr>\n<tr>\n<td width=\"30%\"><strong>Puerto serial<\/strong><\/td>\n<td width=\"70%\">1 puerto RS232, 1 puerto TTL<\/td>\n<\/tr>\n<tr>\n<td width=\"30%\"><strong>Antena GSM<\/strong><\/td>\n<td width=\"70%\">Interna<\/td>\n<\/tr>\n<tr>\n<td width=\"30%\"><strong>Antena GNSS<\/strong><\/td>\n<td width=\"70%\">Interna<\/td>\n<\/tr>\n<tr>\n<td width=\"30%\"><strong>Antena BLE<\/strong><\/td>\n<td width=\"70%\">Interna<\/td>\n<\/tr>\n<tr>\n<td width=\"30%\"><strong>Indicador LED<\/strong><\/td>\n<td width=\"70%\">CEL, GNSS,PWR<\/td>\n<\/tr>\n<tr>\n<td width=\"30%\"><strong>Conector<\/strong><\/td>\n<td width=\"70%\">Conector a prueba de agua de 18 pines<\/td>\n<\/tr>\n<\/tbody>\n<\/table>\n<p>Protocolo de comunicaciones<\/p>\n<table width=\"100%\">\n<tbody>\n<tr>\n<td width=\"30%\"><strong>Protocolo de transmisi\u00f3n<\/strong><\/td>\n<td width=\"70%\">TCP, UDP, SMS<\/td>\n<\/tr>\n<tr>\n<td width=\"30%\"><strong>Reporte programable<\/strong><\/td>\n<td width=\"70%\">Reporta el estado del dispositivo y la posici\u00f3n basado en los par\u00e1metros de distancia, intervalos de tiempo preestablecidos, kilometraje o una combinaci\u00f3n de estos.<\/td>\n<\/tr>\n<tr>\n<td width=\"30%\"><strong>Geo cercas<\/strong><\/td>\n<td width=\"70%\">Alerta basada en geo cercas; Se pueden definir hasta 20 cercas geogr\u00e1ficas circulares y 20 poligonales<\/td>\n<\/tr>\n<tr>\n<td width=\"30%\"><strong>Alerta de bater\u00eda baja<\/strong><\/td>\n<td width=\"70%\">Alerta cuando la bater\u00eda de reserva est\u00e1 casi agotada<\/td>\n<\/tr>\n<tr>\n<td width=\"30%\"><strong>Reporte de encendido<\/strong><\/td>\n<td width=\"70%\">Reporta cuando el dispositivo se enciende<\/td>\n<\/tr>\n<tr>\n<td width=\"30%\"><strong>Alerta especial<\/strong><\/td>\n<td width=\"70%\">Alerta especial basada en entradas digitales\/anal\u00f3gicas, velocidad preestablecida y aceler\u00f3metro interno de 3 ejes<\/td>\n<\/tr>\n<tr>\n<td width=\"30%\"><strong>Activaci\u00f3n remota<\/strong><\/td>\n<td width=\"70%\">Capacidad de controlar las salidas digitales de manera remota<\/td>\n<\/tr>\n<\/tbody>\n<\/table>\n<p>Ver: <a href=\"https:\/\/www.emprenet.com.mx\/wp-content\/uploads\/2022\/04\/GV600-Series-20200420.pdf\">Ficha t\u00e9cnica GV600WG<\/a><\/p>\n","protected":false},"excerpt":{"rendered":"<h3>Ver: <a href=\"https:\/\/www.emprenet.com.mx\/wp-content\/uploads\/2022\/04\/GV600-Series-20200420.pdf\">Ficha t\u00e9cnica GV600WG<\/a><\/h3>\n<p>El GV600WG es un producto UMTS\/GSM dise\u00f1ado espec\u00edficamente para veh\u00edculos de uso pesado, incluyendo remolques, camiones cisterna, camiones refrigerados y camiones de plataforma. Su dise\u00f1o altamente resistente e impermeable asegura que el producto siga siendo fiable cuando se instala en los entornos dif\u00edciles encontrados com\u00fanmente en el transporte pesado, como lo es, el transporte de combustible y el de productos qu\u00edmicos. El GV600WG puede funcionar hasta tres meses sin energ\u00eda externa, lo que lo hace ideal para el seguimiento de remolques incluso cuando est\u00e1 desconectado. La gran gama de accesorios al\u00e1mbricos e inal\u00e1mbricos preintegrados proporcionados por Queclink, o por nuestros socios cuidadosamente seleccionados, permite a los usuarios escoger al GV600WG como el dispositivo ideal en varias industrias del transporte. Adem\u00e1s, este producto cuenta con doble fuente de energ\u00eda de alimentaci\u00f3n \u00fatil cuando se monta en remolques refrigerados y la interfaz serial incorporada est\u00e1 dise\u00f1ada para la integraci\u00f3n con los protocolos de las unidades de refrigeraci\u00f3n.<\/p>\n","protected":false},"featured_media":3244,"template":"","meta":{"content-type":"","_monsterinsights_skip_tracking":false,"_monsterinsights_sitenote_active":false,"_monsterinsights_sitenote_note":"","_monsterinsights_sitenote_category":0},"product_brand":[],"product_cat":[70],"product_tag":[257,310,204],"class_list":{"0":"post-3241","1":"product","2":"type-product","3":"status-publish","4":"has-post-thumbnail","6":"product_cat-queclink","7":"product_tag-dispositivos-gps","8":"product_tag-gv600wg","9":"product_tag-queclink","10":"grve-entry-item","12":"first","13":"outofstock","14":"taxable","15":"shipping-taxable","16":"purchasable","17":"product-type-simple"},"_links":{"self":[{"href":"https:\/\/www.emprenet.com.mx\/es\/wp-json\/wp\/v2\/product\/3241","targetHints":{"allow":["GET"]}}],"collection":[{"href":"https:\/\/www.emprenet.com.mx\/es\/wp-json\/wp\/v2\/product"}],"about":[{"href":"https:\/\/www.emprenet.com.mx\/es\/wp-json\/wp\/v2\/types\/product"}],"wp:featuredmedia":[{"embeddable":true,"href":"https:\/\/www.emprenet.com.mx\/es\/wp-json\/wp\/v2\/media\/3244"}],"wp:attachment":[{"href":"https:\/\/www.emprenet.com.mx\/es\/wp-json\/wp\/v2\/media?parent=3241"}],"wp:term":[{"taxonomy":"product_brand","embeddable":true,"href":"https:\/\/www.emprenet.com.mx\/es\/wp-json\/wp\/v2\/product_brand?post=3241"},{"taxonomy":"product_cat","embeddable":true,"href":"https:\/\/www.emprenet.com.mx\/es\/wp-json\/wp\/v2\/product_cat?post=3241"},{"taxonomy":"product_tag","embeddable":true,"href":"https:\/\/www.emprenet.com.mx\/es\/wp-json\/wp\/v2\/product_tag?post=3241"}],"curies":[{"name":"wp","href":"https:\/\/api.w.org\/{rel}","templated":true}]}}