{"id":3245,"date":"2022-04-22T19:07:18","date_gmt":"2022-04-22T19:07:18","guid":{"rendered":"https:\/\/www.emprenet.com.mx\/?post_type=product&#038;p=3245"},"modified":"2025-06-04T16:40:31","modified_gmt":"2025-06-04T16:40:31","slug":"gv75mg","status":"publish","type":"product","link":"https:\/\/www.emprenet.com.mx\/es\/tienda\/queclink\/gv75mg\/","title":{"rendered":"GV75MG"},"content":{"rendered":"<p>Especificaciones LTE<\/p>\n<table width=\"100%\">\n<tbody>\n<tr>\n<td width=\"30%\"><strong>Banda operativa<\/strong><\/td>\n<td width=\"70%\">Cat M1\/Cat NB1:<br \/>\nTE-FDD: B1\/ B2\/ B3\/ B4\/ B5\/ B8\/ B12\/ B13\/ B18\/ B19\/ B20\/ B25\/ B28<\/td>\n<\/tr>\n<tr>\n<td width=\"30%\"><strong>Transmisi\u00f3n de datos<\/strong><\/td>\n<td width=\"70%\">eMTC (DL) 375 Kbps<br \/>\neMTC (UL) 375 Kbps<br \/>\nNB1(DL) 32 Kbps<br \/>\nNB1 (UL) 70 Kbps<\/td>\n<\/tr>\n<\/tbody>\n<\/table>\n<p>Especificaciones EGPRS<\/p>\n<table width=\"100%\">\n<tbody>\n<tr>\n<td width=\"30%\"><strong>Frecuencia<\/strong><\/td>\n<td width=\"70%\">850 \/ 900 \/ 1800 \/ 1900 MHz<\/td>\n<\/tr>\n<tr>\n<td width=\"30%\"><strong>Transmisi\u00f3n de datos<\/strong><\/td>\n<td width=\"70%\">GPRS multi ranura clase 33 (33 por defecto)<br \/>\nEDGE multi ranura clase 33 (33 por defecto)<\/td>\n<\/tr>\n<\/tbody>\n<\/table>\n<p>Especificaciones GNSS<\/p>\n<table width=\"100%\">\n<tbody>\n<tr>\n<td width=\"30%\"><strong>Tipo de receptor GNSS<\/strong><\/td>\n<td width=\"70%\">Receptor GNSS u-blox All-in-One<\/td>\n<\/tr>\n<tr>\n<td width=\"30%\"><strong>Sensibilidad<\/strong><\/td>\n<td width=\"70%\">Aut\u00f3nomo: -147 dBm<br \/>\nInicio en caliente: -156 dBm<br \/>\nReadquisici\u00f3n: -160 dBm<br \/>\nRastreo: -162 dBm<\/td>\n<\/tr>\n<tr>\n<td width=\"30%\"><strong>Precisi\u00f3n de posici\u00f3n (CEP)<\/strong><\/td>\n<td width=\"70%\">Aut\u00f3nomo: &lt; 2.5m<\/td>\n<\/tr>\n<tr>\n<td width=\"30%\"><strong>TTFF (Cielo despejado)<\/strong><\/td>\n<td width=\"70%\">Inicio en fr\u00edo: 27s promedio<br \/>\nInicio reciente: 27s promedio<br \/>\nInicio en caliente: 1s promedio<\/td>\n<\/tr>\n<\/tbody>\n<\/table>\n<p>Especificaciones generales<\/p>\n<table width=\"100%\">\n<tbody>\n<tr>\n<td width=\"30%\"><strong>Dimensiones<\/strong><\/td>\n<td width=\"70%\">102 \u00d7 46 \u00d7 20.5mm<br \/>\n4.02\u201d (L) \u00d7 1.81\u201d (W) \u00d7 0.81\u201d (H)<\/td>\n<\/tr>\n<tr>\n<td width=\"30%\"><strong>Peso<\/strong><\/td>\n<td width=\"70%\">110g (3.88oz)<\/td>\n<\/tr>\n<tr>\n<td width=\"30%\"><strong>Bater\u00eda<\/strong><\/td>\n<td width=\"70%\">Pol\u00edmero de Litio 700 mAh<\/td>\n<\/tr>\n<tr>\n<td width=\"30%\"><strong>Voltaje de operaci\u00f3n<\/strong><\/td>\n<td width=\"70%\">DC 8V a 32V<\/td>\n<\/tr>\n<tr>\n<td width=\"30%\"><strong>Resistencia al agua<\/strong><\/td>\n<td width=\"70%\">De acuerdo al est\u00e1ndar IP67<\/td>\n<\/tr>\n<tr>\n<td width=\"30%\"><strong>Temperatura de operaci\u00f3n<\/strong><\/td>\n<td width=\"70%\">-30\u00b0C ~ +80\u00b0C<br \/>\n-40\u2103 ~ +80\u2103 para almacenamiento<\/td>\n<\/tr>\n<tr>\n<td width=\"30%\"><strong>Cero consumo de corriente<\/strong><\/td>\n<td width=\"70%\">Disponible en GV75MG<\/td>\n<\/tr>\n<tr>\n<td width=\"30%\"><strong>Mensaje de b\u00fafer<\/strong><\/td>\n<td width=\"70%\">Hasta 10.000 mensajes en el b\u00fafer de datos<\/td>\n<\/tr>\n<\/tbody>\n<\/table>\n<p>Interfaces<\/p>\n<table width=\"100%\">\n<tbody>\n<tr>\n<td width=\"30%\"><strong>Entradas digitales<\/strong><\/td>\n<td width=\"70%\">2 entradas digitales incluyendo:<br \/>\n1 entrada digital positiva para la detecci\u00f3n de la ignici\u00f3n<br \/>\n1 entrada de activaci\u00f3n negativa para el uso normal<\/td>\n<\/tr>\n<tr>\n<td width=\"30%\"><strong>Salidas digitales<\/strong><\/td>\n<td width=\"70%\">1 salida digital, colector\/drenaje abierto,m\u00e1xima corriente de salida 150 mA<\/td>\n<\/tr>\n<tr>\n<td width=\"30%\"><strong>Salidas digitales (Latched)<\/strong><\/td>\n<td width=\"70%\">1 salida digital con circuito de cierre interno,colector\/drenaje abierto, 150mA m\u00e1x. corriente de salida.<\/td>\n<\/tr>\n<tr>\n<td width=\"30%\"><strong>Puerto serial<\/strong><\/td>\n<td width=\"70%\">1 puerto serie RS232 con conector de 8 pines para dispositivos externos<\/td>\n<\/tr>\n<tr>\n<td width=\"30%\"><strong>Antena LTE<\/strong><\/td>\n<td width=\"70%\">Interna<\/td>\n<\/tr>\n<tr>\n<td width=\"30%\"><strong>Antena GPS<\/strong><\/td>\n<td width=\"70%\">Interna<\/td>\n<\/tr>\n<tr>\n<td width=\"30%\"><strong>Indicador LED<\/strong><\/td>\n<td width=\"70%\">CEL, GNSS, PWR<\/td>\n<\/tr>\n<\/tbody>\n<\/table>\n<p>Protocolo de comunicaciones<\/p>\n<table width=\"100%\">\n<tbody>\n<tr>\n<td width=\"30%\"><strong>Protocolo de transmisi\u00f3n<\/strong><\/td>\n<td width=\"70%\">TCP, UDP, SMS<\/td>\n<\/tr>\n<tr>\n<td width=\"30%\"><strong>Reporte de tiempo programable<\/strong><\/td>\n<td width=\"70%\">Reporte de la posici\u00f3n y el estado del dispositivo en intervalos de tiempo y distancia preestablecidos<\/td>\n<\/tr>\n<tr>\n<td width=\"30%\"><strong>Geo cercas<\/strong><\/td>\n<td width=\"70%\">Alerta basada en geo cercas y en el aparcamiento; Se pueden definir hasta 20 cercas geogr\u00e1ficas<\/td>\n<\/tr>\n<tr>\n<td width=\"30%\"><strong>Alerta de bater\u00eda baja<\/strong><\/td>\n<td width=\"70%\">Alerta cuando la bater\u00eda est\u00e1 baja<\/td>\n<\/tr>\n<tr>\n<td width=\"30%\"><strong>Reporte de encendido<\/strong><\/td>\n<td width=\"70%\">Reporta cuando el dispositivo se enciende<\/td>\n<\/tr>\n<tr>\n<td width=\"30%\"><strong>Alerta de arrastre<\/strong><\/td>\n<td width=\"70%\">Desde el aceler\u00f3metro interno de 3 ejes<\/td>\n<\/tr>\n<tr>\n<td width=\"30%\"><strong>Monitoreo de h\u00e1bitos de manejo<\/strong><\/td>\n<td width=\"70%\">Detecci\u00f3n de conductas agresivas, incluyendo frenado brusco, aceleraci\u00f3n brusca, etc.<\/td>\n<\/tr>\n<tr>\n<td width=\"30%\"><strong>Detecci\u00f3n de choque<\/strong><\/td>\n<td width=\"70%\">Recopilaci\u00f3n de datos de accidentes para la reconstrucci\u00f3n y an\u00e1lisis de los mismos<\/td>\n<\/tr>\n<tr>\n<td width=\"30%\"><strong>Alerta especial<\/strong><\/td>\n<td width=\"70%\">Alerta especial basada en la activaci\u00f3n de la entrada digital<\/td>\n<\/tr>\n<tr>\n<td width=\"30%\"><strong>Activaci\u00f3n remota<\/strong><\/td>\n<td width=\"70%\">Capacidad de controlar las salidas digitales de manera remota<\/td>\n<\/tr>\n<\/tbody>\n<\/table>\n<p>Ver: <a href=\"https:\/\/www.emprenet.com.mx\/wp-content\/uploads\/2022\/04\/GV75-LTE-Series-20200420.pdf\">Ficha t\u00e9cnica GV75 LTE<\/a><\/p>\n","protected":false},"excerpt":{"rendered":"<h3>Ver: <a href=\"https:\/\/www.emprenet.com.mx\/wp-content\/uploads\/2022\/04\/GV75-LTE-Series-20200420.pdf\">Ficha t\u00e9cnica GV75 LTE <\/a><\/h3>\n<p>El GV75MG es la versi\u00f3n LTE del rastreador de motos GV75W. La fiabilidad del producto aporta tranquilidad a los propietarios de motocicletas de todo el mundo. Cuenta con el revolucionario consumo de energ\u00eda-cero de Queclink, que permite a los motociclistas dejar sus motos estacionadas durante largos per\u00edodos de tiempo sin tener que preocuparse por una bater\u00eda agotada. La carcasa impermeable y a prueba de polvo del producto lo hace adecuado no s\u00f3lo para las motocicletas sino tambi\u00e9n para ATVs , motos acu\u00e1ticas y maquinaria pesada.<\/p>\n","protected":false},"featured_media":3246,"template":"","meta":{"content-type":"","_monsterinsights_skip_tracking":false,"_monsterinsights_sitenote_active":false,"_monsterinsights_sitenote_note":"","_monsterinsights_sitenote_category":0},"product_brand":[],"product_cat":[70],"product_tag":[257,204],"class_list":{"0":"post-3245","1":"product","2":"type-product","3":"status-publish","4":"has-post-thumbnail","6":"product_cat-queclink","7":"product_tag-dispositivos-gps","8":"product_tag-queclink","9":"grve-entry-item","11":"first","12":"instock","13":"sold-individually","14":"purchasable","15":"product-type-simple"},"_links":{"self":[{"href":"https:\/\/www.emprenet.com.mx\/es\/wp-json\/wp\/v2\/product\/3245","targetHints":{"allow":["GET"]}}],"collection":[{"href":"https:\/\/www.emprenet.com.mx\/es\/wp-json\/wp\/v2\/product"}],"about":[{"href":"https:\/\/www.emprenet.com.mx\/es\/wp-json\/wp\/v2\/types\/product"}],"wp:featuredmedia":[{"embeddable":true,"href":"https:\/\/www.emprenet.com.mx\/es\/wp-json\/wp\/v2\/media\/3246"}],"wp:attachment":[{"href":"https:\/\/www.emprenet.com.mx\/es\/wp-json\/wp\/v2\/media?parent=3245"}],"wp:term":[{"taxonomy":"product_brand","embeddable":true,"href":"https:\/\/www.emprenet.com.mx\/es\/wp-json\/wp\/v2\/product_brand?post=3245"},{"taxonomy":"product_cat","embeddable":true,"href":"https:\/\/www.emprenet.com.mx\/es\/wp-json\/wp\/v2\/product_cat?post=3245"},{"taxonomy":"product_tag","embeddable":true,"href":"https:\/\/www.emprenet.com.mx\/es\/wp-json\/wp\/v2\/product_tag?post=3245"}],"curies":[{"name":"wp","href":"https:\/\/api.w.org\/{rel}","templated":true}]}}