{"id":3930,"date":"2022-08-02T16:32:33","date_gmt":"2022-08-02T16:32:33","guid":{"rendered":"https:\/\/www.emprenet.com.mx\/?post_type=product&#038;p=3930"},"modified":"2025-05-28T17:18:30","modified_gmt":"2025-05-28T17:18:30","slug":"ufs300","status":"publish","type":"product","link":"https:\/\/www.emprenet.com.mx\/es\/tienda\/queclink\/ufs300\/","title":{"rendered":"Sensor ultras\u00f3nico de combustible UFS300"},"content":{"rendered":"<p>El UFS300 es una herramienta no invasiva que no requiere contacto con el combustible y no causa ning\u00fan da\u00f1o al tanque de combustible. Es f\u00e1cil de instalar y respetuoso con el medio ambiente.<\/p>\n","protected":false},"excerpt":{"rendered":"<p>El sensor ultras\u00f3nico de combustible es un producto de monitorizaci\u00f3n de veh\u00edculos dise\u00f1ado para gestionar las necesidades de combustible de la flota. Este sensor se utiliza para gestionar el consumo de combustible, optimizar los costes operativos y supervisar el comportamiento durante la conducci\u00f3n. La herramienta de diagn\u00f3stico opcional UFS300 muestra los datos de combustible en la pantalla LED.<\/p>\n","protected":false},"featured_media":3931,"template":"","meta":{"content-type":"","_monsterinsights_skip_tracking":false,"_monsterinsights_sitenote_active":false,"_monsterinsights_sitenote_note":"","_monsterinsights_sitenote_category":0},"product_brand":[],"product_cat":[70],"product_tag":[305,204,195,304],"class_list":{"0":"post-3930","1":"product","2":"type-product","3":"status-publish","4":"has-post-thumbnail","6":"product_cat-queclink","7":"product_tag-combustible","8":"product_tag-queclink","9":"product_tag-sensor","10":"product_tag-ufs300","11":"grve-entry-item","13":"first","14":"instock","15":"taxable","16":"shipping-taxable","17":"purchasable","18":"product-type-simple"},"_links":{"self":[{"href":"https:\/\/www.emprenet.com.mx\/es\/wp-json\/wp\/v2\/product\/3930","targetHints":{"allow":["GET"]}}],"collection":[{"href":"https:\/\/www.emprenet.com.mx\/es\/wp-json\/wp\/v2\/product"}],"about":[{"href":"https:\/\/www.emprenet.com.mx\/es\/wp-json\/wp\/v2\/types\/product"}],"wp:featuredmedia":[{"embeddable":true,"href":"https:\/\/www.emprenet.com.mx\/es\/wp-json\/wp\/v2\/media\/3931"}],"wp:attachment":[{"href":"https:\/\/www.emprenet.com.mx\/es\/wp-json\/wp\/v2\/media?parent=3930"}],"wp:term":[{"taxonomy":"product_brand","embeddable":true,"href":"https:\/\/www.emprenet.com.mx\/es\/wp-json\/wp\/v2\/product_brand?post=3930"},{"taxonomy":"product_cat","embeddable":true,"href":"https:\/\/www.emprenet.com.mx\/es\/wp-json\/wp\/v2\/product_cat?post=3930"},{"taxonomy":"product_tag","embeddable":true,"href":"https:\/\/www.emprenet.com.mx\/es\/wp-json\/wp\/v2\/product_tag?post=3930"}],"curies":[{"name":"wp","href":"https:\/\/api.w.org\/{rel}","templated":true}]}}