{"id":5655,"date":"2022-11-30T23:04:46","date_gmt":"2022-11-30T23:04:46","guid":{"rendered":"https:\/\/www.emprenet.com.mx\/?post_type=product&#038;p=5655"},"modified":"2025-06-04T16:39:41","modified_gmt":"2025-06-04T16:39:41","slug":"cv100lg-dashcam","status":"publish","type":"product","link":"https:\/\/www.emprenet.com.mx\/es\/tienda\/queclink\/cv100lg-dashcam\/","title":{"rendered":"CV100LG Dashcam"},"content":{"rendered":"<p>C\u00e1mara de tablero (DashCam) LTE Cat 4 de doble lente para telem\u00e1tica<\/p>\n<p>La CV100LG es la c\u00e1mara telem\u00e1tica de v\u00eddeo conectada de Queclink que combina la captura de v\u00eddeo de alta definici\u00f3n con las caracter\u00edsticas telem\u00e1ticas avanzadas de Queclink y el acceso a Internet WiFi. Es adecuada para aplicaciones como negociaciones de reclamaciones de seguros, entrenamiento de conductores, distracci\u00f3n del conductor, supervisi\u00f3n del compartimento de pasajeros e informes de accidentes. La r\u00e1pida transmisi\u00f3n de datos de v\u00eddeo es posible mediante el uso de la tecnolog\u00eda LTE global. Las c\u00e1maras delanteras y traseras de la CV100LG captan tanto al conductor como a la carretera.<\/p>\n","protected":false},"excerpt":{"rendered":"<p>1.CAT4 LTE con 3G y 2G de reserva<\/p>\n<p>2.Cobertura de video confiable a trav\u00e9s de las vistas de la c\u00e1mara frontal y del conductor<\/p>\n<p>3.Subida de im\u00e1genes de accidentes a petici\u00f3n y de forma autom\u00e1tica<\/p>\n<p>4.Acceso a Internet WiFi<\/p>\n<p>5.Caracter\u00edsticas telem\u00e1ticas completas y soporte para los protocolos Queclink<\/p>\n","protected":false},"featured_media":5657,"template":"","meta":{"content-type":"","_monsterinsights_skip_tracking":false,"_monsterinsights_sitenote_active":false,"_monsterinsights_sitenote_note":"","_monsterinsights_sitenote_category":0},"product_brand":[],"product_cat":[70],"product_tag":[285,178,228,204],"class_list":{"0":"post-5655","1":"product","2":"type-product","3":"status-publish","4":"has-post-thumbnail","6":"product_cat-queclink","7":"product_tag-cv100lg","8":"product_tag-dashcam","9":"product_tag-dispositivo-de-rastreo","10":"product_tag-queclink","11":"grve-entry-item","13":"first","14":"instock","15":"taxable","16":"shipping-taxable","17":"purchasable","18":"product-type-simple"},"_links":{"self":[{"href":"https:\/\/www.emprenet.com.mx\/es\/wp-json\/wp\/v2\/product\/5655","targetHints":{"allow":["GET"]}}],"collection":[{"href":"https:\/\/www.emprenet.com.mx\/es\/wp-json\/wp\/v2\/product"}],"about":[{"href":"https:\/\/www.emprenet.com.mx\/es\/wp-json\/wp\/v2\/types\/product"}],"wp:featuredmedia":[{"embeddable":true,"href":"https:\/\/www.emprenet.com.mx\/es\/wp-json\/wp\/v2\/media\/5657"}],"wp:attachment":[{"href":"https:\/\/www.emprenet.com.mx\/es\/wp-json\/wp\/v2\/media?parent=5655"}],"wp:term":[{"taxonomy":"product_brand","embeddable":true,"href":"https:\/\/www.emprenet.com.mx\/es\/wp-json\/wp\/v2\/product_brand?post=5655"},{"taxonomy":"product_cat","embeddable":true,"href":"https:\/\/www.emprenet.com.mx\/es\/wp-json\/wp\/v2\/product_cat?post=5655"},{"taxonomy":"product_tag","embeddable":true,"href":"https:\/\/www.emprenet.com.mx\/es\/wp-json\/wp\/v2\/product_tag?post=5655"}],"curies":[{"name":"wp","href":"https:\/\/api.w.org\/{rel}","templated":true}]}}