{"id":5993,"date":"2023-01-05T18:16:42","date_gmt":"2023-01-05T18:16:42","guid":{"rendered":"https:\/\/www.emprenet.com.mx\/?post_type=product&#038;p=5993"},"modified":"2025-06-04T16:33:26","modified_gmt":"2025-06-04T16:33:26","slug":"fmm130","status":"publish","type":"product","link":"https:\/\/www.emprenet.com.mx\/es\/tienda\/teltonika\/fmm130\/","title":{"rendered":"FMM130"},"content":{"rendered":"<p>Terminal CAT M1 \/ GSM \/ GNSS \/ BLE avanzado con antenas internas y bater\u00eda de respaldo<\/p>\n<p><a href=\"https:\/\/www.emprenet.com.mx\/wp-content\/uploads\/2023\/01\/FMM130.pdf\">https:\/\/www.emprenet.com.mx\/wp-content\/uploads\/2023\/01\/FMM130.pdf<\/a><\/p>\n<p>FMM130 es un terminal de seguimiento en tiempo real peque\u00f1o y profesional con conectividad GNSS y LTE CAT-M1 \/ NB -IoT \/ GSM y bater\u00eda de respaldo. Dispositivo equipado con m\u00f3dulos GNSS \/ Bluetooth y LTE CAT-M1 \/ NB -IoT con respaldo a la red 2G, antenas internas GNSS y LTE, entradas configurables digitales, anal\u00f3gicas y digitales, entradas negativas, entradas de impulsos. Es perfectamente adecuado para aplicaciones donde se necesita la adquisici\u00f3n de la ubicaci\u00f3n de objetos remotos: gesti\u00f3n de flotas, empresas de alquiler de autom\u00f3viles, empresas de taxis, transporte p\u00fablico, empresas de log\u00edstica, autom\u00f3viles personales, etc.<\/p>\n","protected":false},"excerpt":{"rendered":"<table id=\"features_info_table\">\n<tbody>\n<tr>\n<td class=\"table-header\" colspan=\"2\">MODULE<\/td>\n<\/tr>\n<\/tbody>\n<tbody>\n<tr>\n<td>Name<\/td>\n<td>Quectel BG95-M3, Quectel BG96, Teltonika TM2500<\/td>\n<\/tr>\n<\/tbody>\n<tbody>\n<tr>\n<td>Technology<\/td>\n<td>LTE CAT M1\/NB-IoT\/GSM\/GPRS\/GNSS\/BLUETOOTH<\/td>\n<\/tr>\n<\/tbody>\n<tbody>\n<tr>\n<td class=\"table-header\" colspan=\"2\">GNSS<\/td>\n<\/tr>\n<\/tbody>\n<tbody>\n<tr>\n<td>GNSS<\/td>\n<td>GPS, GLONASS, GALILEO, BEIDOU, QZSS, AGPS<\/td>\n<\/tr>\n<\/tbody>\n<tbody>\n<tr>\n<td>Receiver<\/td>\n<td>Tracking: 33<\/td>\n<\/tr>\n<\/tbody>\n<tbody>\n<tr>\n<td>Tracking sensitivity<\/td>\n<td>-165 dBM<\/td>\n<\/tr>\n<\/tbody>\n<tbody>\n<tr>\n<td>Accuracy<\/td>\n<td>&lt; 2.5m CEP<\/td>\n<\/tr>\n<\/tbody>\n<tbody>\n<tr>\n<td>Velocity accuracy<\/td>\n<td>&lt;0.1m\/s (within +\/- 15% error)<\/td>\n<\/tr>\n<\/tbody>\n<tbody>\n<tr>\n<td>Hot start<\/td>\n<td>&lt; 1 s<\/td>\n<\/tr>\n<\/tbody>\n<tbody>\n<tr>\n<td>Warm start<\/td>\n<td>&lt; 25 s<\/td>\n<\/tr>\n<\/tbody>\n<tbody>\n<tr>\n<td>Cold start<\/td>\n<td>&lt; 35 s<\/td>\n<\/tr>\n<\/tbody>\n<tbody>\n<tr>\n<td class=\"table-header\" colspan=\"2\">CELLULAR<\/td>\n<\/tr>\n<\/tbody>\n<tbody>\n<tr>\n<td>Technology<\/td>\n<td>LTE CAT M1\/NB-IoT\/GSM<\/td>\n<\/tr>\n<\/tbody>\n<tbody>\n<tr>\n<td>2G bands<\/td>\n<td>BG95:<br \/>\nB2\/B3\/B5\/B8<br \/>\nBG96:<br \/>\nB2\/B3\/B5\/B8<\/td>\n<\/tr>\n<\/tbody>\n<tbody>\n<tr>\n<td>4G bands<\/td>\n<td>BG95:<br \/>\nLTE-FDD (CAT M1): B1\/B2\/B3\/B4\/B5\/B8\/B12\/B13\/B18\/B19\/B20\/B25\/B26\/B27\/B28\/B66\/B85<br \/>\nLTE-FDD (CAT NB2): B1\/B2\/B3\/B4\/B5\/B8\/B12\/B13\/B18\/B19\/B20\/B25\/B28\/B66\/B71\/B85<br \/>\nBG96:<br \/>\nLTE FDD: B1\/B2\/B3\/B4\/B5\/B8\/B12\/B13\/B18\/B19\/B20\/B28<br \/>\nLTE TDD: B39 (for CAT M1 only)<\/td>\n<\/tr>\n<\/tbody>\n<tbody>\n<tr>\n<td>Data transfer<\/td>\n<td>BG95:<br \/>\nLTE: Max. 588Kbps (DL)\/Max.1119Kbps (UL)<br \/>\nGPRS: Max. 107Kbps (DL)\/Max. 85.6Kbps (UL)<br \/>\nBG96:<br \/>\nLTE: Max. 375Kbps (DL)\/Max.375Kbps (UL)<br \/>\nGPRS: Max. 107Kbps (DL)\/Max. 85.6Kbps (UL)<\/td>\n<\/tr>\n<\/tbody>\n<tbody>\n<tr>\n<td>Transmit power<\/td>\n<td>Class 4 for GSM850\/900: 23\u00b12dBm<br \/>\nClass 1 for GSM1800\/1900: 20\u00b12dBm<br \/>\nClass 3 for LTE-TDD: 23\u00b12.7dBm<br \/>\nClass 3 for LTE-FDD: 23\u00b12.7dBm<\/td>\n<\/tr>\n<\/tbody>\n<tbody>\n<tr>\n<td>Data support<\/td>\n<td>SMS (text\/data)<\/td>\n<\/tr>\n<\/tbody>\n<tbody>\n<tr>\n<td class=\"table-header\" colspan=\"2\">POWER<\/td>\n<\/tr>\n<\/tbody>\n<tbody>\n<tr>\n<td>Input voltage range<\/td>\n<td>10 &#8211; 30 V DC with overvoltage protection<\/td>\n<\/tr>\n<\/tbody>\n<tbody>\n<tr>\n<td>Internal fuse<\/td>\n<td>3 A, 125 V<\/td>\n<\/tr>\n<\/tbody>\n<tbody>\n<tr>\n<td>Power consumption<\/td>\n<td>At 12V &lt; 3 mA (Ultra Deep Sleep)<br \/>\nAt 12V &lt; 5 mA (Deep Sleep)<br \/>\nAt 12V &lt; 11 mA (Online Deep Sleep)<br \/>\nAt 12V &lt; 18 mA (GPS Sleep)<br \/>\nAt 12V &lt; 34 mA (nominal with no load)<br \/>\nAt 12V &lt; 2A Max. (with full Load \/ Peak)<\/td>\n<\/tr>\n<\/tbody>\n<tbody>\n<tr>\n<td>Back-up battery<\/td>\n<td>170 mAh Li-Ion battery 3.7 V (0.63 Wh)<\/td>\n<\/tr>\n<\/tbody>\n<tbody>\n<tr>\n<td class=\"table-header\" colspan=\"2\">BLUETOOTH<\/td>\n<\/tr>\n<\/tbody>\n<tbody>\n<tr>\n<td>Specification<\/td>\n<td>4.0 + LE<\/td>\n<\/tr>\n<\/tbody>\n<tbody>\n<tr>\n<td>Supported peripherals<\/td>\n<td>Temperature and Humidity sensor, OBDII dongle, Inateck Barcode Scanner, Universal BLE sensors support<\/td>\n<\/tr>\n<\/tbody>\n<tbody>\n<tr>\n<td class=\"table-header\" colspan=\"2\">INTERFACE<\/td>\n<\/tr>\n<\/tbody>\n<tbody>\n<tr>\n<td>Digital Inputs<\/td>\n<td>3<\/td>\n<\/tr>\n<\/tbody>\n<tbody>\n<tr>\n<td>Negative Inputs<\/td>\n<td>1 (Digital Input 2)<\/td>\n<\/tr>\n<\/tbody>\n<tbody>\n<tr>\n<td>Impulse Inputs<\/td>\n<td>2 (Digital Input 1, Digital Input 2)<\/td>\n<\/tr>\n<\/tbody>\n<tbody>\n<tr>\n<td>Digital Outputs<\/td>\n<td>3<\/td>\n<\/tr>\n<\/tbody>\n<tbody>\n<tr>\n<td>Analog Inputs<\/td>\n<td>2<\/td>\n<\/tr>\n<\/tbody>\n<tbody>\n<tr>\n<td>CAN Adapter Inputs<\/td>\n<td>1<\/td>\n<\/tr>\n<\/tbody>\n<tbody>\n<tr>\n<td>1-Wire<\/td>\n<td>1<\/td>\n<\/tr>\n<\/tbody>\n<tbody>\n<tr>\n<td>GNSS antenna<\/td>\n<td>Internal High Gain<\/td>\n<\/tr>\n<\/tbody>\n<tbody>\n<tr>\n<td>Cellular antenna<\/td>\n<td>Internal High Gain<\/td>\n<\/tr>\n<\/tbody>\n<tbody>\n<tr>\n<td>USB<\/td>\n<td>2.0 Micro-USB<\/td>\n<\/tr>\n<\/tbody>\n<tbody>\n<tr>\n<td>LED indication<\/td>\n<td>2 status LED lights<\/td>\n<\/tr>\n<\/tbody>\n<tbody>\n<tr>\n<td>SIM<\/td>\n<td>Micro-SIM + eSIM<\/td>\n<\/tr>\n<\/tbody>\n<tbody>\n<tr>\n<td>Memory<\/td>\n<td>128MB internal flash memory<\/td>\n<\/tr>\n<\/tbody>\n<tbody>\n<tr>\n<td class=\"table-header\" colspan=\"2\">PHYSICAL SPECIFICATION<\/td>\n<\/tr>\n<\/tbody>\n<tbody>\n<tr>\n<td>Dimensions<\/td>\n<td>65 x 56.6 x 20.6 mm (L x W x H)<\/td>\n<\/tr>\n<\/tbody>\n<tbody>\n<tr>\n<td>Weight<\/td>\n<td>55 g<\/td>\n<\/tr>\n<\/tbody>\n<tbody>\n<tr>\n<td class=\"table-header\" colspan=\"2\">OPERATING ENVIRONMENT<\/td>\n<\/tr>\n<\/tbody>\n<tbody>\n<tr>\n<td>Operating temperature<br \/>\n(without battery)<\/td>\n<td>-20 \u00b0C to +85 \u00b0C<\/td>\n<\/tr>\n<\/tbody>\n<tbody>\n<tr>\n<td>Storage temperature<br \/>\n(without battery)<\/td>\n<td>-20 \u00b0C to +85 \u00b0C<\/td>\n<\/tr>\n<\/tbody>\n<tbody>\n<tr>\n<td>Operating temperature (with battery)<\/td>\n<td>-20 \u00b0C to +40 \u00b0C<\/td>\n<\/tr>\n<\/tbody>\n<tbody>\n<tr>\n<td>Ingress Protection Rating<\/td>\n<td>IP41<\/td>\n<\/tr>\n<\/tbody>\n<tbody>\n<tr>\n<td>Battery charge temperature<\/td>\n<td>0 \u00b0C to +45 \u00b0C<\/td>\n<\/tr>\n<\/tbody>\n<tbody>\n<tr>\n<td>Battery discharge temperature<\/td>\n<td>-20 \u00b0C to +60 \u00b0C<\/td>\n<\/tr>\n<\/tbody>\n<tbody>\n<tr>\n<td class=\"table-header\" colspan=\"2\">FEATURES<\/td>\n<\/tr>\n<\/tbody>\n<tbody>\n<tr>\n<td>Sensors<\/td>\n<td>Accelerometer<\/td>\n<\/tr>\n<\/tbody>\n<tbody>\n<tr>\n<td>Scenarios<\/td>\n<td>Green Driving, Over Speeding detection, GNSS Fuel Counter, DOUT Control Via Call, Excessive Idling detection, Immobilizer, iButton Read Notification, Unplug detection, Towing detection, Crash detection, Auto Geofence, Manual Geofence, Trip, *Jamming<\/td>\n<\/tr>\n<\/tbody>\n<tbody>\n<tr>\n<td>Sleep modes<\/td>\n<td>GPS Sleep, Online Deep Sleep, Deep Sleep, Ultra Deep Sleep<\/td>\n<\/tr>\n<\/tbody>\n<tbody>\n<tr>\n<td>Configuration and firmware update<\/td>\n<td>FOTA Web, FOTA, Teltonika Configurator (USB, Bluetooth), FMBT mobile application (Configuration)<\/td>\n<\/tr>\n<\/tbody>\n<tbody>\n<tr>\n<td>SMS<\/td>\n<td>Configuration, Events, DOUT control, Debug<\/td>\n<\/tr>\n<\/tbody>\n<tbody>\n<tr>\n<td>GPRS commands<\/td>\n<td>Configuration, DOUT control, Debug<\/td>\n<\/tr>\n<\/tbody>\n<tbody>\n<tr>\n<td>Time Synchronization<\/td>\n<td>GNSS, NITZ, NTP<\/td>\n<\/tr>\n<\/tbody>\n<tbody>\n<tr>\n<td>Fuel monitoring<\/td>\n<td>LLS (Analog), LV-CAN200, ALL-CAN300, CAN-CONTROL, OBDII dongle<\/td>\n<\/tr>\n<\/tbody>\n<tbody>\n<tr>\n<td>Ignition detection<\/td>\n<td>Digital Input 1, Accelerometer, External Power Voltage, Engine RPM (CAN Adapters, OBDII dongle)<\/td>\n<\/tr>\n<\/tbody>\n<tbody>\n<tr>\n<td><\/td>\n<td>* Jamming feature supported only on hardware`s with BG95-M3 module<\/td>\n<\/tr>\n<\/tbody>\n<\/table>\n","protected":false},"featured_media":5994,"template":"","meta":{"content-type":"","_monsterinsights_skip_tracking":false,"_monsterinsights_sitenote_active":false,"_monsterinsights_sitenote_note":"","_monsterinsights_sitenote_category":0},"product_brand":[],"product_cat":[74],"product_tag":[228,295,28,239],"class_list":{"0":"post-5993","1":"product","2":"type-product","3":"status-publish","4":"has-post-thumbnail","6":"product_cat-teltonika","7":"product_tag-dispositivo-de-rastreo","8":"product_tag-fmm130","9":"product_tag-gps","10":"product_tag-teltonika","11":"grve-entry-item","13":"first","14":"instock","15":"taxable","16":"shipping-taxable","17":"purchasable","18":"product-type-simple"},"_links":{"self":[{"href":"https:\/\/www.emprenet.com.mx\/es\/wp-json\/wp\/v2\/product\/5993","targetHints":{"allow":["GET"]}}],"collection":[{"href":"https:\/\/www.emprenet.com.mx\/es\/wp-json\/wp\/v2\/product"}],"about":[{"href":"https:\/\/www.emprenet.com.mx\/es\/wp-json\/wp\/v2\/types\/product"}],"wp:featuredmedia":[{"embeddable":true,"href":"https:\/\/www.emprenet.com.mx\/es\/wp-json\/wp\/v2\/media\/5994"}],"wp:attachment":[{"href":"https:\/\/www.emprenet.com.mx\/es\/wp-json\/wp\/v2\/media?parent=5993"}],"wp:term":[{"taxonomy":"product_brand","embeddable":true,"href":"https:\/\/www.emprenet.com.mx\/es\/wp-json\/wp\/v2\/product_brand?post=5993"},{"taxonomy":"product_cat","embeddable":true,"href":"https:\/\/www.emprenet.com.mx\/es\/wp-json\/wp\/v2\/product_cat?post=5993"},{"taxonomy":"product_tag","embeddable":true,"href":"https:\/\/www.emprenet.com.mx\/es\/wp-json\/wp\/v2\/product_tag?post=5993"}],"curies":[{"name":"wp","href":"https:\/\/api.w.org\/{rel}","templated":true}]}}