{"id":5998,"date":"2023-01-10T22:45:57","date_gmt":"2023-01-10T22:45:57","guid":{"rendered":"https:\/\/www.emprenet.com.mx\/?post_type=product&#038;p=5998"},"modified":"2025-11-04T21:44:52","modified_gmt":"2025-11-04T21:44:52","slug":"gl53mg","status":"publish","type":"product","link":"https:\/\/www.emprenet.com.mx\/es\/tienda\/queclink\/gl53mg\/","title":{"rendered":"GL53MG"},"content":{"rendered":"<div class=\"et_pb_module et_pb_wc_description et_pb_wc_description_0 et_pb_bg_layout_light et_pb_text_align_left\">\n<div class=\"et_pb_module_inner\">\n<p><strong>Rastreador de activos en espera impermeable LTE Micro<\/strong><\/p>\n<p>https:\/\/www.emprenet.com.mx\/wp-content\/uploads\/2023\/01\/GL53MG-20220629-1.pdf<\/p>\n<\/div>\n<\/div>\n<div class=\"et_pb_module et_pb_text et_pb_text_0 et_pb_text_align_left et_pb_bg_layout_light et_multi_view__hover_selector et_multi_view__hovered\">\n<div class=\"et_pb_text_inner\" style=\"box-sizing: border-box; margin: 0px; padding: 0px; border: 0px; outline: 0px; font-size: 21px; text-size-adjust: 100%; vertical-align: baseline; background: transparent; position: relative;\" data-et-multi-view=\"{&quot;schema&quot;:{&quot;content&quot;:{&quot;desktop&quot;:&quot;&lt;p style=\\&quot;overflow: hidden; margin-bottom: 20px;\\&quot;&gt;&lt;strong style=\\&quot;font-size: 32px; float: left; width: 8%;\\&quot;&gt;1.&lt;\\\/strong&gt; &lt;span style=\\&quot;float: left; margin-left: 10px; width: 85%;\\&quot;&gt;LTE Cat M1\\\/NB2 Global, con respaldo en 2G, usando una soluci\\u00f3n de antena \\u00fanica&lt;\\\/span&gt;&lt;\\\/p&gt;\\n&lt;p style=\\&quot;overflow: hidden; margin-bottom: 20px;\\&quot;&gt;&lt;strong style=\\&quot;font-size: 32px; float: left; width: 8%;\\&quot;&gt;2.&lt;\\\/strong&gt; &lt;span style=\\&quot;float: left; margin-left: 10px; width: 85%;\\&quot;&gt;Hasta 3 a\\u00f1os de autonom\\u00eda de espera&lt;\\\/span&gt;&lt;\\\/p&gt;\\n&lt;p style=\\&quot;overflow: hidden; margin-bottom: 20px;\\&quot;&gt;&lt;strong style=\\&quot;font-size: 32px; float: left; width: 8%;\\&quot;&gt;3.&lt;\\\/strong&gt; &lt;span style=\\&quot;float: left; margin-left: 10px; width: 85%;\\&quot;&gt;El tama\\u00f1o micro permite la instalaci\\u00f3n encubierta&lt;\\\/span&gt;&lt;\\\/p&gt;\\n&lt;p style=\\&quot;overflow: hidden; margin-bottom: 20px;\\&quot;&gt;&lt;strong style=\\&quot;font-size: 32px; float: left; width: 8%;\\&quot;&gt;4.&lt;\\\/strong&gt; &lt;span style=\\&quot;float: left; margin-left: 10px; width: 85%;\\&quot;&gt;A prueba de agua, de acuerdo a IP67&lt;\\\/span&gt;&lt;\\\/p&gt;\\n&lt;p style=\\&quot;overflow: hidden; margin-bottom: 20px;\\&quot;&gt;&lt;strong style=\\&quot;font-size: 32px; float: left; width: 8%;\\&quot;&gt;5.&lt;\\\/strong&gt; &lt;span style=\\&quot;float: left; margin-left: 10px; width: 85%;\\&quot;&gt;Soporta la carga inal\\u00e1mbrica&lt;\\\/span&gt;&lt;\\\/p&gt;\\n&lt;p style=\\&quot;overflow: hidden; margin-bottom: 20px;\\&quot;&gt;&lt;strong style=\\&quot;font-size: 32px; float: left; width: 8%;\\&quot;&gt;6.&lt;\\\/strong&gt; &lt;span style=\\&quot;float: left; margin-left: 10px; width: 85%;\\&quot;&gt;Ideal para la recuperaci\\u00f3n de veh\\u00edculos robados y la supervisi\\u00f3n de activos&lt;\\\/span&gt;&lt;\\\/p&gt;&quot;,&quot;phone&quot;:&quot;&lt;p style=\\&quot;overflow: hidden; margin-bottom: 20px;\\&quot;&gt;&lt;strong style=\\&quot;font-size: 24px; float: left; width: 8%;\\&quot;&gt;1.&lt;\\\/strong&gt; &lt;span style=\\&quot;float: left; margin-left: 10px; width: 85%;\\&quot;&gt;LTE Cat M1\\\/NB2 Global, con respaldo en 2G, usando una soluci\\u00f3n de antena \\u00fanica&lt;\\\/span&gt;&lt;\\\/p&gt;\\n&lt;p style=\\&quot;overflow: hidden; margin-bottom: 20px;\\&quot;&gt;&lt;strong style=\\&quot;font-size: 24px; float: left; width: 8%;\\&quot;&gt;2.&lt;\\\/strong&gt; &lt;span style=\\&quot;float: left; margin-left: 10px; width: 85%;\\&quot;&gt;Hasta 3 a\\u00f1os de autonom\\u00eda de espera&lt;\\\/span&gt;&lt;\\\/p&gt;\\n&lt;p style=\\&quot;overflow: hidden; margin-bottom: 20px;\\&quot;&gt;&lt;strong style=\\&quot;font-size: 24px; float: left; width: 8%;\\&quot;&gt;3.&lt;\\\/strong&gt; &lt;span style=\\&quot;float: left; margin-left: 10px; width: 85%;\\&quot;&gt;El tama\\u00f1o micro permite la instalaci\\u00f3n encubierta&lt;\\\/span&gt;&lt;\\\/p&gt;\\n&lt;p style=\\&quot;overflow: hidden; margin-bottom: 20px;\\&quot;&gt;&lt;strong style=\\&quot;font-size: 24px; float: left; width: 8%;\\&quot;&gt;4.&lt;\\\/strong&gt; &lt;span style=\\&quot;float: left; margin-left: 10px; width: 85%;\\&quot;&gt;A prueba de agua, de acuerdo a IP67&lt;\\\/span&gt;&lt;\\\/p&gt;\\n&lt;p style=\\&quot;overflow: hidden; margin-bottom: 20px;\\&quot;&gt;&lt;strong style=\\&quot;font-size: 24px; float: left; width: 8%;\\&quot;&gt;5.&lt;\\\/strong&gt; &lt;span style=\\&quot;float: left; margin-left: 10px; width: 85%;\\&quot;&gt;Soporta la carga inal\\u00e1mbrica&lt;\\\/span&gt;&lt;\\\/p&gt;\\n&lt;p style=\\&quot;overflow: hidden; margin-bottom: 20px;\\&quot;&gt;&lt;strong style=\\&quot;font-size: 24px; float: left; width: 8%;\\&quot;&gt;6.&lt;\\\/strong&gt; &lt;span style=\\&quot;float: left; margin-left: 10px; width: 85%;\\&quot;&gt;Ideal para la recuperaci\\u00f3n de veh\\u00edculos robados y la supervisi\\u00f3n de activos&lt;\\\/span&gt;&lt;\\\/p&gt;&quot;}},&quot;slug&quot;:&quot;et_pb_text&quot;}\" data-et-multi-view-load-phone-hidden=\"true\">\n<h6><strong>1.<\/strong>LTE Cat M1\/NB2 Global, con respaldo en 2G, usando una soluci\u00f3n de antena \u00fanica<\/h6>\n<h6><strong>2.<\/strong>Hasta 3 a\u00f1os de autonom\u00eda de espera<\/h6>\n<h6><strong>3.<\/strong>El tama\u00f1o micro permite la instalaci\u00f3n encubierta<\/h6>\n<h6><strong>4.<\/strong>A prueba de agua, de acuerdo a IP67<\/h6>\n<h6><strong>5.<\/strong>Soporta la carga inal\u00e1mbrica<\/h6>\n<h6><strong>6.<\/strong>Ideal para la recuperaci\u00f3n de veh\u00edculos robados y la supervisi\u00f3n de activos<\/h6>\n<\/div>\n<\/div>\n","protected":false},"excerpt":{"rendered":"<p>DISPOSITIVO DESECHABLE<\/p>\n<p><a href=\"https:\/\/www.emprenet.com.mx\/wp-content\/uploads\/2024\/05\/GL53MG-20220629-1.pdf\">Ficha t\u00e9cnica al dar clic aqu\u00ed<\/a><\/p>\n<p>El GL53MG es la versi\u00f3n LTE Cat M1 \/ NB2 mejorada de GL50MG. Integra los \u00faltimos est\u00e1ndares de redes de \u00e1rea amplia de bajo consumo y cubre un \u00e1rea m\u00e1s amplia, lo que la hace m\u00e1s flexible de implementar. La adici\u00f3n de un bot\u00f3n programable lo hace ideal para aplicaciones que requieren una alerta r\u00e1pida de emergencia o la comprobaci\u00f3n del estado del dispositivo. Su BLE incorporado permite la conectividad con diversos accesorios inal\u00e1mbricos. El dise\u00f1o impermeable de tama\u00f1o micro permite que se utilice en entornos dif\u00edciles. Tiene una autonom\u00eda de hasta tres a\u00f1os y cuenta con una de las bater\u00edas de mayor duraci\u00f3n entre los dispositivos LTE de su tama\u00f1o en el mercado. El GL53MG es un producto ideal para la aplicaci\u00f3n de SVR (Stolen Vehicle Recovery) que requiere tecnolog\u00eda LTE. Adem\u00e1s, tambi\u00e9n es usado en un amplio rango de aplicaciones como en la financiaci\u00f3n de autom\u00f3viles, la supervisi\u00f3n de activos, el alquiler y arrendamiento de coches y m\u00e1s.<\/p>\n<p>Certificados<\/p>\n<p><strong><a>FCC, PTCRB, T-Mobile, CE, UKCA, Anatel<\/a><\/strong><\/p>\n","protected":false},"featured_media":6001,"template":"","meta":{"content-type":"","_monsterinsights_skip_tracking":false,"_monsterinsights_sitenote_active":false,"_monsterinsights_sitenote_note":"","_monsterinsights_sitenote_category":0},"product_brand":[],"product_cat":[70],"product_tag":[228,28,258,204],"class_list":{"0":"post-5998","1":"product","2":"type-product","3":"status-publish","4":"has-post-thumbnail","6":"product_cat-queclink","7":"product_tag-dispositivo-de-rastreo","8":"product_tag-gps","9":"product_tag-portatil-desechable","10":"product_tag-queclink","11":"grve-entry-item","13":"first","14":"instock","15":"taxable","16":"shipping-taxable","17":"purchasable","18":"product-type-simple"},"_links":{"self":[{"href":"https:\/\/www.emprenet.com.mx\/es\/wp-json\/wp\/v2\/product\/5998","targetHints":{"allow":["GET"]}}],"collection":[{"href":"https:\/\/www.emprenet.com.mx\/es\/wp-json\/wp\/v2\/product"}],"about":[{"href":"https:\/\/www.emprenet.com.mx\/es\/wp-json\/wp\/v2\/types\/product"}],"wp:featuredmedia":[{"embeddable":true,"href":"https:\/\/www.emprenet.com.mx\/es\/wp-json\/wp\/v2\/media\/6001"}],"wp:attachment":[{"href":"https:\/\/www.emprenet.com.mx\/es\/wp-json\/wp\/v2\/media?parent=5998"}],"wp:term":[{"taxonomy":"product_brand","embeddable":true,"href":"https:\/\/www.emprenet.com.mx\/es\/wp-json\/wp\/v2\/product_brand?post=5998"},{"taxonomy":"product_cat","embeddable":true,"href":"https:\/\/www.emprenet.com.mx\/es\/wp-json\/wp\/v2\/product_cat?post=5998"},{"taxonomy":"product_tag","embeddable":true,"href":"https:\/\/www.emprenet.com.mx\/es\/wp-json\/wp\/v2\/product_tag?post=5998"}],"curies":[{"name":"wp","href":"https:\/\/api.w.org\/{rel}","templated":true}]}}