{"id":9544,"date":"2023-03-27T20:58:48","date_gmt":"2023-03-27T20:58:48","guid":{"rendered":"https:\/\/www.emprenet.com.mx\/?post_type=product&#038;p=9544"},"modified":"2025-05-28T17:16:29","modified_gmt":"2025-05-28T17:16:29","slug":"gv300can","status":"publish","type":"product","link":"https:\/\/www.emprenet.com.mx\/es\/tienda\/queclink\/gv300can\/","title":{"rendered":"GV300CAN"},"content":{"rendered":"<p>Amplio rango de voltaje de operaci\u00f3n 8V a 32V DC<\/p>\n<p>Conjunto de chips interno u-blox<\/p>\n<p>Aceler\u00f3metro interno de 3 ejes que admite monitoreo del comportamiento de conducci\u00f3n, ahorro de energ\u00eda y detecci\u00f3n de movimiento<\/p>\n<p>Soporte virtual cuentakil\u00f3metros<\/p>\n<p>Interfaces de E \/ S, incluidas CAN y J1708<\/p>\n<p>M\u00faltiples interfaces de E \/ S para monitorear y controlar<\/p>\n<p>M\u00faltiples interfaces de E \/ S que incluyen entrada inteligente, detecci\u00f3n de encendido y detecci\u00f3n de nivel de combustible<\/p>\n<p>Sensores de temperatura compatibles con 1 cable e ID de controlador iButton<\/p>\n<p>Banda cu\u00e1druple GSM \/ GPRS 850\/900\/1800\/1900 MHz<\/p>\n<p>Protocolo completo integrado @Track<\/p>\n<p>Antena GSM interna<\/p>\n<p>Antenas GNSS externas internas y opcionales<\/p>\n<p>Posicionamiento GNSS<\/p>\n<p>Certificado CE \/ E-Mark<\/p>\n","protected":false},"excerpt":{"rendered":"<h3>Ver: <a href=\"https:\/\/www.emprenet.com.mx\/wp-content\/uploads\/2023\/03\/GV300CAN-ES-20200925.pdf\">Ficha t\u00e9cnica GV300 CAN<\/a><\/h3>\n<p>El GV300CAN es un dispositivo de seguimiento compacto GNSS dise\u00f1ado para una amplia variedad de aplicaciones de seguimiento de veh\u00edculos. El modelo cuenta con puertos CAN y J1708 que decodifican la informaci\u00f3n de los autobuses digitales del veh\u00edculo (CAN bus y J1708). Tambi\u00e9n tiene m\u00faltiples interfaces que pueden admitir una amplia gama de accesorios externos.<\/p>\n","protected":false},"featured_media":9545,"template":"","meta":{"content-type":"","_monsterinsights_skip_tracking":false,"_monsterinsights_sitenote_active":false,"_monsterinsights_sitenote_note":"","_monsterinsights_sitenote_category":0},"product_brand":[],"product_cat":[70],"product_tag":[189,28,293,204,294],"class_list":{"0":"post-9544","1":"product","2":"type-product","3":"status-publish","4":"has-post-thumbnail","6":"product_cat-queclink","7":"product_tag-can","8":"product_tag-gps","9":"product_tag-gv300can","10":"product_tag-queclink","11":"product_tag-ultimas-piezas","12":"grve-entry-item","14":"first","15":"instock","16":"taxable","17":"shipping-taxable","18":"purchasable","19":"product-type-simple"},"_links":{"self":[{"href":"https:\/\/www.emprenet.com.mx\/es\/wp-json\/wp\/v2\/product\/9544","targetHints":{"allow":["GET"]}}],"collection":[{"href":"https:\/\/www.emprenet.com.mx\/es\/wp-json\/wp\/v2\/product"}],"about":[{"href":"https:\/\/www.emprenet.com.mx\/es\/wp-json\/wp\/v2\/types\/product"}],"wp:featuredmedia":[{"embeddable":true,"href":"https:\/\/www.emprenet.com.mx\/es\/wp-json\/wp\/v2\/media\/9545"}],"wp:attachment":[{"href":"https:\/\/www.emprenet.com.mx\/es\/wp-json\/wp\/v2\/media?parent=9544"}],"wp:term":[{"taxonomy":"product_brand","embeddable":true,"href":"https:\/\/www.emprenet.com.mx\/es\/wp-json\/wp\/v2\/product_brand?post=9544"},{"taxonomy":"product_cat","embeddable":true,"href":"https:\/\/www.emprenet.com.mx\/es\/wp-json\/wp\/v2\/product_cat?post=9544"},{"taxonomy":"product_tag","embeddable":true,"href":"https:\/\/www.emprenet.com.mx\/es\/wp-json\/wp\/v2\/product_tag?post=9544"}],"curies":[{"name":"wp","href":"https:\/\/api.w.org\/{rel}","templated":true}]}}