{"id":9549,"date":"2023-03-27T21:38:42","date_gmt":"2023-03-27T21:38:42","guid":{"rendered":"https:\/\/www.emprenet.com.mx\/?post_type=product&#038;p=9549"},"modified":"2025-11-04T21:41:07","modified_gmt":"2025-11-04T21:41:07","slug":"gv310lau","status":"publish","type":"product","link":"https:\/\/www.emprenet.com.mx\/es\/tienda\/queclink\/gv310lau\/","title":{"rendered":"GV310LAU"},"content":{"rendered":"<p><strong>Definici\u00f3n de interfaz<\/strong><\/p>\n<p>El GV310LAU tiene un conector de interfaz de 16 pines que contiene las conexiones<\/p>\n<p>&nbsp;<\/p>\n<p><strong>Producto<\/strong><\/p>\n<table>\n<tbody>\n<tr>\n<td>N.\u00ba de modelo<\/td>\n<td>Tecnolog\u00eda<\/td>\n<td>Banda operativa (MHz)<\/td>\n<\/tr>\n<tr>\n<td>GV310LAU<\/td>\n<td>LTE CAT4\/WCDMA<br \/>\n\/GSM<\/td>\n<td>LTE FDD: B1\/B2\/B3\/B4\/B5\/B7\/B8\/B28\/B66<\/p>\n<p>LTE TDD: B40<br \/>\nWCDMA: B1\/B2\/B5\/B8<br \/>\nG\/M: 850\/900\/1800\/1900 MHz<\/td>\n<\/tr>\n<\/tbody>\n<\/table>\n","protected":false},"excerpt":{"rendered":"<h3>Ver: <a href=\"https:\/\/www.emprenet.com.mx\/wp-content\/uploads\/2023\/03\/GV310LAU.pdf\">Ficha T\u00e9cnica GV310LAU<\/a><\/h3>\n<h2><strong>4G CAT4 3G Y 2G<\/strong><\/h2>\n<p>El GV310LAU es un rastreador GNSS compacto dise\u00f1ado para una amplia variedad de aplicaciones de seguimiento de veh\u00edculos. Tiene m\u00faltiples interfaces de E\/S que se pueden usar para monitorear o controlar dispositivos externos.<\/p>\n<p>El receptor GPS incorporado tiene una sensibilidad superior y un posicionamiento inicial r\u00e1pido. Su aceler\u00f3metro de 3 ejes incorporado permite la detecci\u00f3n de movimiento y los sofisticados algoritmos de administraci\u00f3n de energ\u00eda prolongan la vida \u00fatil de la bater\u00eda.<\/p>\n","protected":false},"featured_media":9550,"template":"","meta":{"content-type":"","_monsterinsights_skip_tracking":false,"_monsterinsights_sitenote_active":false,"_monsterinsights_sitenote_note":"","_monsterinsights_sitenote_category":0},"product_brand":[],"product_cat":[70],"product_tag":[257,292,176,204],"class_list":{"0":"post-9549","1":"product","2":"type-product","3":"status-publish","4":"has-post-thumbnail","6":"product_cat-queclink","7":"product_tag-dispositivos-gps","8":"product_tag-gv310lau","9":"product_tag-mas-vendidos","10":"product_tag-queclink","11":"grve-entry-item","13":"first","14":"instock","15":"taxable","16":"shipping-taxable","17":"purchasable","18":"product-type-simple"},"_links":{"self":[{"href":"https:\/\/www.emprenet.com.mx\/es\/wp-json\/wp\/v2\/product\/9549","targetHints":{"allow":["GET"]}}],"collection":[{"href":"https:\/\/www.emprenet.com.mx\/es\/wp-json\/wp\/v2\/product"}],"about":[{"href":"https:\/\/www.emprenet.com.mx\/es\/wp-json\/wp\/v2\/types\/product"}],"wp:featuredmedia":[{"embeddable":true,"href":"https:\/\/www.emprenet.com.mx\/es\/wp-json\/wp\/v2\/media\/9550"}],"wp:attachment":[{"href":"https:\/\/www.emprenet.com.mx\/es\/wp-json\/wp\/v2\/media?parent=9549"}],"wp:term":[{"taxonomy":"product_brand","embeddable":true,"href":"https:\/\/www.emprenet.com.mx\/es\/wp-json\/wp\/v2\/product_brand?post=9549"},{"taxonomy":"product_cat","embeddable":true,"href":"https:\/\/www.emprenet.com.mx\/es\/wp-json\/wp\/v2\/product_cat?post=9549"},{"taxonomy":"product_tag","embeddable":true,"href":"https:\/\/www.emprenet.com.mx\/es\/wp-json\/wp\/v2\/product_tag?post=9549"}],"curies":[{"name":"wp","href":"https:\/\/api.w.org\/{rel}","templated":true}]}}