{"id":9555,"date":"2023-03-27T21:58:37","date_gmt":"2023-03-27T21:58:37","guid":{"rendered":"https:\/\/www.emprenet.com.mx\/?post_type=product&#038;p=9555"},"modified":"2025-06-04T16:38:28","modified_gmt":"2025-06-04T16:38:28","slug":"gv58lau","status":"publish","type":"product","link":"https:\/\/www.emprenet.com.mx\/es\/tienda\/queclink\/gv58lau\/","title":{"rendered":"GV58LAU"},"content":{"rendered":"<p>Dise\u00f1o compacto<\/p>\n<p>LTE Cat 4\/3G\/2G<\/p>\n<p>BLE 5.2<\/p>\n<p>I\/O Interfaces<\/p>\n<p>Reportes<\/p>\n<p>Geo cercas<\/p>\n<p>Alarma de velocidad<\/p>\n<p>Alarma SOS<\/p>\n<p>Monitoreo del comportamiento del conductor<\/p>\n<p>Detecci\u00f3n de encendido<\/p>\n<p>Detecci\u00f3n de accidentes<\/p>\n<p>Detecci\u00f3n de Jamming<\/p>\n<p>OTA Control<\/p>\n<p>Reporte de encendido<\/p>\n","protected":false},"excerpt":{"rendered":"<h3><a href=\"https:\/\/www.emprenet.com.mx\/wp-content\/uploads\/2023\/03\/GV58LAU.pdf\">Ficha tecnica aqu\u00ed: GV58LAU<\/a><\/h3>\n<h2><strong>4G CAT4 3G Y 2G<\/strong><\/h2>\n<p>Dispositivo telematico ideal para una variedad de aplicaci\u00f3nes como lo son manejo de flotillas, logistica, recuparaci\u00f1on de veh\u00edculos robados, entre otros.<\/p>\n<p>Soporta varios accesorios BLE incluyendo senor de temperatura y humedad<\/p>\n<p>&nbsp;<\/p>\n","protected":false},"featured_media":9557,"template":"","meta":{"content-type":"","_monsterinsights_skip_tracking":false,"_monsterinsights_sitenote_active":false,"_monsterinsights_sitenote_note":"","_monsterinsights_sitenote_category":0},"product_brand":[],"product_cat":[70],"product_tag":[254,28,291,204],"class_list":{"0":"post-9555","1":"product","2":"type-product","3":"status-publish","4":"has-post-thumbnail","6":"product_cat-queclink","7":"product_tag-compacto","8":"product_tag-gps","9":"product_tag-gv58lau","10":"product_tag-queclink","11":"grve-entry-item","13":"first","14":"instock","15":"taxable","16":"shipping-taxable","17":"purchasable","18":"product-type-simple"},"_links":{"self":[{"href":"https:\/\/www.emprenet.com.mx\/es\/wp-json\/wp\/v2\/product\/9555","targetHints":{"allow":["GET"]}}],"collection":[{"href":"https:\/\/www.emprenet.com.mx\/es\/wp-json\/wp\/v2\/product"}],"about":[{"href":"https:\/\/www.emprenet.com.mx\/es\/wp-json\/wp\/v2\/types\/product"}],"wp:featuredmedia":[{"embeddable":true,"href":"https:\/\/www.emprenet.com.mx\/es\/wp-json\/wp\/v2\/media\/9557"}],"wp:attachment":[{"href":"https:\/\/www.emprenet.com.mx\/es\/wp-json\/wp\/v2\/media?parent=9555"}],"wp:term":[{"taxonomy":"product_brand","embeddable":true,"href":"https:\/\/www.emprenet.com.mx\/es\/wp-json\/wp\/v2\/product_brand?post=9555"},{"taxonomy":"product_cat","embeddable":true,"href":"https:\/\/www.emprenet.com.mx\/es\/wp-json\/wp\/v2\/product_cat?post=9555"},{"taxonomy":"product_tag","embeddable":true,"href":"https:\/\/www.emprenet.com.mx\/es\/wp-json\/wp\/v2\/product_tag?post=9555"}],"curies":[{"name":"wp","href":"https:\/\/api.w.org\/{rel}","templated":true}]}}