{"id":9564,"date":"2023-03-27T22:22:23","date_gmt":"2023-03-27T22:22:23","guid":{"rendered":"https:\/\/www.emprenet.com.mx\/?post_type=product&#038;p=9564"},"modified":"2025-05-28T17:15:17","modified_gmt":"2025-05-28T17:15:17","slug":"adaptador-de-interface-j1939","status":"publish","type":"product","link":"https:\/\/www.emprenet.com.mx\/es\/tienda\/queclink\/adaptador-de-interface-j1939\/","title":{"rendered":"Adaptador de interface J1939"},"content":{"rendered":"","protected":false},"excerpt":{"rendered":"<p>El adaptador de interfaz SAE J1939 es compatible con el producto GV350MG de Queclink, este accesorio funciona para decodificar los datos del CANBus. Tambi\u00e9n se puede utilizar como l\u00ednea de alimentaci\u00f3n GV350MG.<\/p>\n<p>1.5m<\/p>\n","protected":false},"featured_media":9565,"template":"","meta":{"content-type":"","_monsterinsights_skip_tracking":false,"_monsterinsights_sitenote_active":false,"_monsterinsights_sitenote_note":"","_monsterinsights_sitenote_category":0},"product_brand":[],"product_cat":[70],"product_tag":[207,289,288,204],"class_list":{"0":"post-9564","1":"product","2":"type-product","3":"status-publish","4":"has-post-thumbnail","6":"product_cat-queclink","7":"product_tag-accesorios","8":"product_tag-adaptador","9":"product_tag-j1939","10":"product_tag-queclink","11":"grve-entry-item","13":"first","14":"instock","15":"taxable","16":"shipping-taxable","17":"purchasable","18":"product-type-simple"},"_links":{"self":[{"href":"https:\/\/www.emprenet.com.mx\/es\/wp-json\/wp\/v2\/product\/9564","targetHints":{"allow":["GET"]}}],"collection":[{"href":"https:\/\/www.emprenet.com.mx\/es\/wp-json\/wp\/v2\/product"}],"about":[{"href":"https:\/\/www.emprenet.com.mx\/es\/wp-json\/wp\/v2\/types\/product"}],"wp:featuredmedia":[{"embeddable":true,"href":"https:\/\/www.emprenet.com.mx\/es\/wp-json\/wp\/v2\/media\/9565"}],"wp:attachment":[{"href":"https:\/\/www.emprenet.com.mx\/es\/wp-json\/wp\/v2\/media?parent=9564"}],"wp:term":[{"taxonomy":"product_brand","embeddable":true,"href":"https:\/\/www.emprenet.com.mx\/es\/wp-json\/wp\/v2\/product_brand?post=9564"},{"taxonomy":"product_cat","embeddable":true,"href":"https:\/\/www.emprenet.com.mx\/es\/wp-json\/wp\/v2\/product_cat?post=9564"},{"taxonomy":"product_tag","embeddable":true,"href":"https:\/\/www.emprenet.com.mx\/es\/wp-json\/wp\/v2\/product_tag?post=9564"}],"curies":[{"name":"wp","href":"https:\/\/api.w.org\/{rel}","templated":true}]}}