{"id":9577,"date":"2023-03-27T23:27:33","date_gmt":"2023-03-27T23:27:33","guid":{"rendered":"https:\/\/www.emprenet.com.mx\/?post_type=product&#038;p=9577"},"modified":"2025-10-01T18:14:12","modified_gmt":"2025-10-01T18:14:12","slug":"fmc125","status":"publish","type":"product","link":"https:\/\/www.emprenet.com.mx\/es\/tienda\/teltonika\/fmc125\/","title":{"rendered":"FMC125"},"content":{"rendered":"<section class=\"container my-5\">\n<h2>Caracter\u00edsticas del Producto<\/h2>\n<table class=\"table table-striped\">\n<thead>\n<tr>\n<th>Conexi\u00f3n<\/th>\n<th>Interfaces<\/th>\n<th>Lectura de datos<\/th>\n<th>Compatibilidad<\/th>\n<\/tr>\n<\/thead>\n<tbody>\n<tr>\n<td>4G confiable con fallback a red 2G<\/td>\n<td>RS485\/RS232, 1-Wire\u00ae, Bluetooth<\/td>\n<td>CAN de veh\u00edculos y transporte especializado<\/td>\n<td>Veh\u00edculos ligeros, Transporte pesado, Seguimiento de remolques, Transporte refrigerado, Compartir auto, Log\u00edstica internacional<\/td>\n<\/tr>\n<\/tbody>\n<\/table>\n<\/section>\n<section class=\"container my-5\">\n<h2>Especificaciones del M\u00f3dulo<\/h2>\n<table class=\"table table-striped\">\n<tbody>\n<tr>\n<th>Nombre del M\u00f3dulo<\/th>\n<td>FMC125-MBIB0: MeiG SLM320-E con Teltonika TM2500<br \/>\nFMC125-MCIB0: MeiG SLM320-LA con Teltonika TM2500<\/td>\n<\/tr>\n<tr>\n<th>Tecnolog\u00eda<\/th>\n<td>LTE(CaT1)\/2G(GSM\/GPRS)\/GNSS\/BLUETOOTH<\/td>\n<\/tr>\n<tr>\n<th>GNSS<\/th>\n<td>GPS, GLONASS, GALILEO, BEIDOU, QZSS, AGPS<br \/>\nReceptor de seguimiento: 33<br \/>\nSensibilidad de seguimiento -165 dBM<br \/>\nPrecisi\u00f3n de posici\u00f3n &lt; 2.5 CEP<br \/>\nPrecisi\u00f3n de velocidad &lt; 0.1m\/s (dentro de un error de +\/- 15%)<br \/>\nInicio r\u00e1pido &lt; 1 s<br \/>\nInicio r\u00e1pido c\u00e1lido &lt; 25 s<br \/>\nInicio r\u00e1pido fr\u00edo &lt; 35 s<\/td>\n<\/tr>\n<tr>\n<th>Red<\/th>\n<td>Bandas 2G FMC 125-MBIB0: GSM: B2\/B3\/B5\/B8<br \/>\nFMC125-MCIB0: GSM: B2\/B3\/B5\/B8<br \/>\nBandas 4G FMC125-MBIB0: LTE FDD: B1\/B3\/B7\/B8\/B20\/B28 LTE-TDD:B38\/B40\/B41<br \/>\nFMC125-MCIB0: LTE FDD: B1\/B2\/B3\/B4\/B5\/B7\/B8\/B20\/B28 LTE-TDD:B40<br \/>\nTransferencia de datos LTE: LTE FDD: M\u00e1x. 10 Mbps (descarga)\/M\u00e1x. 5 Mbps (carga)<br \/>\nLTE TDD: M\u00e1x. 8 Mbps (descarga)\/M\u00e1x. 2 Mbps (carga)<br \/>\nGSM: GPRS: M\u00e1x. 85.6 Kbps (descarga)\/M\u00e1x. 85.6 Kbps (carga)<\/td>\n<\/tr>\n<tr>\n<th>Bater\u00eda<\/th>\n<td>Entrada de rango de voltaje 10-30 V CC con protecci\u00f3n contra sobretensi\u00f3n<br \/>\nBater\u00eda interna de respaldo de 170 mAh de iones de litio 3.7 V (0.63 Wh)<\/td>\n<\/tr>\n<tr>\n<th>Consumo de energ\u00eda<\/th>\n<td>Modo de suspensi\u00f3n ultra profunda a 12 V &lt; 4 mA<br \/>\nModo de suspensi\u00f3n profunda a 12 V &lt; 6 mA<br \/>\nModo de suspensi\u00f3n en l\u00ednea a 12 V &lt; 12 mA<br \/>\nModo de suspensi\u00f3n GPS a 12 V &lt; 19 mA<br \/>\nNominal (sin carga) a 12 V &lt; 36 mA<br \/>\nCon carga completa \/ pico a 12 V &lt; 1 A m\u00e1x.<\/td>\n<\/tr>\n<tr>\n<th>Temperatura<\/th>\n<td>Temperatura de operaci\u00f3n (sin bater\u00eda) -20\u00b0C a +85\u00b0C<br \/>\nTemperatura de almacenamiento (sin bater\u00eda) -20\u00b0C a +85\u00b0C<br \/>\nTemperatura de operaci\u00f3n (con bater\u00eda) -20\u00b0C a +40\u00b0C<br \/>\nTemperatura de almacenamiento (con bater\u00eda) -20\u00b0C a +40\u00b0C por 1 mes -20\u00b0C a +35\u00b0C por 6 meses<\/td>\n<\/tr>\n<tr>\n<th>Otros<\/th>\n<td>Humedad de operaci\u00f3n 5% a 95% sin condensaci\u00f3n<br \/>\nClasificaci\u00f3n de protecci\u00f3n contra ingreso IP41<br \/>\nTemperatura de carga de la bater\u00eda 0\u00b0C a +45\u00b0C<br \/>\nTemperatura de descarga de la bater\u00eda -20\u00b0C a +60\u00b0C<br \/>\nTemperatura de almacenamiento de la bater\u00eda -20\u00b0C a +45\u00b0C por 1 mes -20\u00b0C a +35\u00b0C por 6 meses<br \/>\nEntradas digitales 2<br \/>\nSalidas digitales 1<br \/>\nEntradas anal\u00f3gicas 1<br \/>\nEntradas del adaptador CAN 1<br \/>\n1-Wire 1<br \/>\nRS232 1<br \/>\nRS485 1<br \/>\nAntena GNSS interna de ganancia alta<br \/>\nAntena celular interna de ganancia alta<br \/>\nUSB 2.0 Micro-USB<br \/>\nIndicaci\u00f3n LED 2 luces LED de estado<br \/>\n2 tarjetas SIM (Dual-SIM)<br \/>\nMemoria interna de flash de 128 MB<br \/>\nSensores Aceler\u00f3metro<br \/>\nModos de suspensi\u00f3n GPS Sleep, Online Deep Sleep, Deep Sleep, Ultra Deep Sleep<br \/>\nConfiguraci\u00f3n y actualizaci\u00f3n de firmware FOTA Web, FOTA, Teltonika Configurator (USB, Bluetooth), aplicaci\u00f3n m\u00f3vil FMBT (Configuraci\u00f3n)<br \/>\nConfiguraci\u00f3n de SMS, eventos, control DOUT, depuraci\u00f3n<br \/>\nEspecificaci\u00f3n Bluetooth 4.0 + LE<br \/>\nPerif\u00e9ricos compatibles Sensor de temperatura y humedad, dongle OBDII, esc\u00e1ner de c\u00f3digo de barras Inateck, soporte universal de sensores BLE<br \/>\nDimensiones 65 x 56.6 x 20.6 mm (L x A x A)<br \/>\nPeso 55 g<\/td>\n<\/tr>\n<\/tbody>\n<\/table>\n<\/section>\n","protected":false},"excerpt":{"rendered":"<p><a href=\"https:\/\/www.emprenet.com.mx\/wp-content\/uploads\/2023\/03\/Datasheet-FMC125.pdf\">Ficha tecnica: FMC125<\/a><\/p>\n<p>El FMC125 es una terminal de seguimiento en tiempo real peque\u00f1a y profesional con conectividad GNSS y LTE\/GSM y bater\u00eda de respaldo. El dispositivo est\u00e1 equipado con m\u00f3dulos GNSS\/Bluetooth y LTE, antenas internas de GNSS y LTE. FMC125 cuenta con una interfaz de datos RS485\/RS232, que brinda la capacidad de conectar varios dispositivos externos de terceros. Es perfectamente adecuado para aplicaciones donde se necesita la adquisici\u00f3n de la ubicaci\u00f3n de objetos remotos: gesti\u00f3n de flotas, compa\u00f1\u00edas de alquiler de autom\u00f3viles, compa\u00f1\u00edas de taxis, transporte p\u00fablico, compa\u00f1\u00edas de log\u00edstica, autom\u00f3viles personales, y m\u00e1s.<\/p>\n","protected":false},"featured_media":9789,"template":"","meta":{"content-type":"","_monsterinsights_skip_tracking":false,"_monsterinsights_sitenote_active":false,"_monsterinsights_sitenote_note":"","_monsterinsights_sitenote_category":0},"product_brand":[],"product_cat":[74],"product_tag":[283,282,28,176,239],"class_list":{"0":"post-9577","1":"product","2":"type-product","3":"status-publish","4":"has-post-thumbnail","6":"product_cat-teltonika","7":"product_tag-dual-sim","8":"product_tag-fmc125","9":"product_tag-gps","10":"product_tag-mas-vendidos","11":"product_tag-teltonika","12":"grve-entry-item","14":"first","15":"instock","16":"taxable","17":"shipping-taxable","18":"purchasable","19":"product-type-simple"},"_links":{"self":[{"href":"https:\/\/www.emprenet.com.mx\/es\/wp-json\/wp\/v2\/product\/9577","targetHints":{"allow":["GET"]}}],"collection":[{"href":"https:\/\/www.emprenet.com.mx\/es\/wp-json\/wp\/v2\/product"}],"about":[{"href":"https:\/\/www.emprenet.com.mx\/es\/wp-json\/wp\/v2\/types\/product"}],"wp:featuredmedia":[{"embeddable":true,"href":"https:\/\/www.emprenet.com.mx\/es\/wp-json\/wp\/v2\/media\/9789"}],"wp:attachment":[{"href":"https:\/\/www.emprenet.com.mx\/es\/wp-json\/wp\/v2\/media?parent=9577"}],"wp:term":[{"taxonomy":"product_brand","embeddable":true,"href":"https:\/\/www.emprenet.com.mx\/es\/wp-json\/wp\/v2\/product_brand?post=9577"},{"taxonomy":"product_cat","embeddable":true,"href":"https:\/\/www.emprenet.com.mx\/es\/wp-json\/wp\/v2\/product_cat?post=9577"},{"taxonomy":"product_tag","embeddable":true,"href":"https:\/\/www.emprenet.com.mx\/es\/wp-json\/wp\/v2\/product_tag?post=9577"}],"curies":[{"name":"wp","href":"https:\/\/api.w.org\/{rel}","templated":true}]}}