{"id":9593,"date":"2023-03-27T23:52:33","date_gmt":"2023-03-27T23:52:33","guid":{"rendered":"https:\/\/www.emprenet.com.mx\/?post_type=product&#038;p=9593"},"modified":"2025-05-28T17:05:33","modified_gmt":"2025-05-28T17:05:33","slug":"eye-sensor","status":"publish","type":"product","link":"https:\/\/www.emprenet.com.mx\/es\/tienda\/teltonika\/eye-sensor\/","title":{"rendered":"EYE SENSOR"},"content":{"rendered":"<h5>FUNCIONALIDADES<\/h5>\n<div class=\"row border\">\n<div class=\"row__left hide-on-mobile\"><\/div>\n<div class=\"row__right\">\n<div class=\"col\">\n<p>Beacon ID<\/p>\n<p>LED<\/p>\n<\/div>\n<div class=\"col\">\n<p>&nbsp;<\/p>\n<p>&nbsp;<\/p>\n<p>&nbsp;<\/p>\n<\/div>\n<\/div>\n<\/div>\n<h5>CONECTIVIDAD<\/h5>\n<div class=\"row border\">\n<div class=\"row__left\"><\/div>\n<div class=\"row__right\">\n<div class=\"col\">\n<p>Compatible con Bluetooth 4.2,<br \/>\nCertificaci\u00f3n Bluetooth 5.2,<\/p>\n<p>Rango de 80 m<\/p>\n<p>Nivel de potencia de transmisi\u00f3n de hasta 8 dBm<\/p>\n<p>Sensibilidad -88 dBm<\/p>\n<\/div>\n<div class=\"col\">\n<p>&nbsp;<\/p>\n<p>&nbsp;<\/p>\n<p>&nbsp;<\/p>\n<p>&nbsp;<\/p>\n<\/div>\n<\/div>\n<\/div>\n<h5>BATER\u00cdA Y ENERG\u00cdA<\/h5>\n<div class=\"row border\">\n<div class=\"row__left\"><\/div>\n<div class=\"row__right\">\n<div class=\"col\">\n<p>Tipo Litio, Di\u00f3xido de Manganeso<\/p>\n<p>Capacity 620 mAh<\/p>\n<p>5+ a\u00f1os de duraci\u00f3n de la bater\u00eda<span class=\"small\">(Tx=2 dBm; intervalo: 3 s)<\/span><\/p>\n<p>10+ a\u00f1os de duraci\u00f3n de la bater\u00eda<span class=\"small\">(Tx=2 dBm; intervalo: 10 s)<\/span><\/p>\n<\/div>\n<div class=\"col\">\n<p>&nbsp;<\/p>\n<\/div>\n<\/div>\n<\/div>\n<h5>CARCASA<\/h5>\n<div class=\"row border\">\n<div class=\"row__left\"><\/div>\n<div class=\"row__right\">\n<div class=\"col\">\n<p>Protecci\u00f3n IP68<\/p>\n<p>Dos puntos de montaje en cada lado<span class=\"small\">Personalizaci\u00f3n de la marca disponible bajo petici\u00f3n*<\/span><\/p>\n<\/div>\n<div class=\"col\">\n<p>&nbsp;<\/p>\n<\/div>\n<\/div>\n<\/div>\n<h5>REQUISITOS AMBIENTALES<\/h5>\n<div class=\"row border\">\n<div class=\"row__left\"><\/div>\n<div class=\"row__right\">\n<div class=\"col\">\n<p><span class=\"small\">Temperatura operativa<\/span>-20 \u00b0C \/ +60 \u00b0C (-4 \u00b0F \/ +140 \u00b0F)<\/p>\n<\/div>\n<div class=\"col\">\n<p>&nbsp;<\/p>\n<\/div>\n<\/div>\n<\/div>\n<h5>PROTOCOLS COMPATIBILITY<\/h5>\n<div class=\"row border\">\n<div class=\"row__left\"><\/div>\n<div class=\"row__right\">\n<div class=\"col\">\n<p>iBeacon<span class=\"small\">*iOS no muestra dispositivos con protocolo iBeacon*<\/span><\/p>\n<p>Eddystone<\/p>\n<\/div>\n<div class=\"col\">\n<p>&nbsp;<\/p>\n<\/div>\n<\/div>\n<\/div>\n<h5>CERTIFICACIONES<\/h5>\n<div class=\"row border\">\n<div class=\"row__left\"><\/div>\n<div class=\"row__right\">\n<div class=\"col\">\n<p>CE\/RED (EU)<\/p>\n<p>FCC (USA)<\/p>\n<p>UKCA (UK)<\/p>\n<p>RoHS<\/p>\n<\/div>\n<div class=\"col\">\n<p>&nbsp;<\/p>\n<\/div>\n<\/div>\n<\/div>\n<h5>PRODUCT ORDER CODES<\/h5>\n<div class=\"row border\">\n<div class=\"row__left\"><\/div>\n<div class=\"row__right\">\n<div class=\"col\">\n<p>BTSID14KB801<span class=\"small\">Packaging: SPQ1. Envelope<\/span><span class=\"small\">Branded: Teltonika Telematics<\/span><\/p>\n<p>BTSID14KE501<span class=\"small\">Packaging: SPQ10. Box<\/span><span class=\"small\">Branded: Teltonika Telematics<\/span><\/p>\n<\/div>\n<div class=\"col\">\n<p>&nbsp;<\/p>\n<\/div>\n<\/div>\n<\/div>\n<h5>ACCESSORIES ORDER CODES<\/h5>\n<div class=\"row\">\n<div class=\"row__left\"><\/div>\n<div class=\"row__right\">\n<div class=\"col\">\n<p>PGCB00001690<span class=\"small\">Double-sided adhesive tape is used to mount beacons on the selected surface.<\/span><\/p>\n<\/div>\n<\/div>\n<\/div>\n","protected":false},"excerpt":{"rendered":"<p>Soluci\u00f3n Bluetooth de Baja Energ\u00eda, la Identificaci\u00f3n, control de Temperatura y Humedad, Aceler\u00f3metro y Detecci\u00f3n magn\u00e9tica, dispositivos con carcasa robusta y una bater\u00eda duradera. Est\u00e1n dise\u00f1ados para una configuraci\u00f3n f\u00e1cil, segura y a bajo costo; y para ahorrar tiempo, recursos y mejorar la rentabilidad.<\/p>\n","protected":false},"featured_media":9594,"template":"","meta":{"content-type":"","_monsterinsights_skip_tracking":false,"_monsterinsights_sitenote_active":false,"_monsterinsights_sitenote_note":"","_monsterinsights_sitenote_category":0},"product_brand":[],"product_cat":[74],"product_tag":[207,278,239],"class_list":{"0":"post-9593","1":"product","2":"type-product","3":"status-publish","4":"has-post-thumbnail","6":"product_cat-teltonika","7":"product_tag-accesorios","8":"product_tag-eye-sensor","9":"product_tag-teltonika","10":"grve-entry-item","12":"first","13":"instock","14":"taxable","15":"shipping-taxable","16":"purchasable","17":"product-type-simple"},"_links":{"self":[{"href":"https:\/\/www.emprenet.com.mx\/es\/wp-json\/wp\/v2\/product\/9593","targetHints":{"allow":["GET"]}}],"collection":[{"href":"https:\/\/www.emprenet.com.mx\/es\/wp-json\/wp\/v2\/product"}],"about":[{"href":"https:\/\/www.emprenet.com.mx\/es\/wp-json\/wp\/v2\/types\/product"}],"wp:featuredmedia":[{"embeddable":true,"href":"https:\/\/www.emprenet.com.mx\/es\/wp-json\/wp\/v2\/media\/9594"}],"wp:attachment":[{"href":"https:\/\/www.emprenet.com.mx\/es\/wp-json\/wp\/v2\/media?parent=9593"}],"wp:term":[{"taxonomy":"product_brand","embeddable":true,"href":"https:\/\/www.emprenet.com.mx\/es\/wp-json\/wp\/v2\/product_brand?post=9593"},{"taxonomy":"product_cat","embeddable":true,"href":"https:\/\/www.emprenet.com.mx\/es\/wp-json\/wp\/v2\/product_cat?post=9593"},{"taxonomy":"product_tag","embeddable":true,"href":"https:\/\/www.emprenet.com.mx\/es\/wp-json\/wp\/v2\/product_tag?post=9593"}],"curies":[{"name":"wp","href":"https:\/\/api.w.org\/{rel}","templated":true}]}}